{"id":2012323,"date":"2024-05-29T22:54:05","date_gmt":"2024-05-29T20:54:05","guid":{"rendered":"https:\/\/eu.tilta.com\/shop\/filtre-tilta-illusion-95mm-dazzle\/"},"modified":"2025-12-05T13:49:09","modified_gmt":"2025-12-05T12:49:09","slug":"tilta-illusion-95mm-dazzle-filter","status":"publish","type":"product","link":"https:\/\/eu.tilta.com\/fr\/shop\/tilta-illusion-95mm-dazzle-filter\/","title":{"rendered":"Filtre Tilta Illusion 95mm Dazzle"},"content":{"rendered":"<p><em>Pr\u00e9sentation de la nouvelle g\u00e9n\u00e9ration de filtres 95mm pour le Mirage Matte Box &#8211; TILTA ILLUSION<\/em><\/p>\n<p>Les filtres Illusion sont la nouvelle s\u00e9rie de filtres fabriqu\u00e9s en interne et sp\u00e9cialement con\u00e7us pour le standard circulaire de 95 mm de la Mirage Matte Box.<\/p>\n<p>Ce filtre cr\u00e9e des \u00e9clats multicolores uniques provenant de sources lumineuses qui changent organiquement lorsque la source lumineuse se d\u00e9place dans l&#8217;image.<\/p>\n<p>Ce filtre a un fort potentiel cr\u00e9atif et peut contribuer \u00e0 donner un aspect unique \u00e0 votre prochain projet.<\/p>\n<p>Ces filtres produisent des couleurs pr\u00e9cises sans r\u00e9duire la nettet\u00e9 et sont dot\u00e9s d&#8217;un rev\u00eatement nano double face qui prot\u00e8ge le filtre des rayures.<\/p>\n","protected":false},"excerpt":{"rendered":"<p>Pr\u00e9sentation de la nouvelle g\u00e9n\u00e9ration de filtres 95mm pour le Mirage Matte Box &#8211; TILTA ILLUSION Les filtres Illusion sont la nouvelle s\u00e9rie de filtres fabriqu\u00e9s en interne et sp\u00e9cialement con\u00e7us pour le standard circulaire de 95 mm de la [&hellip;]<\/p>\n","protected":false},"featured_media":2011687,"comment_status":"closed","ping_status":"closed","template":"","meta":[],"product_cat":[2008],"product_tag":[],"acf":[],"gallery_images":[],"_links":{"self":[{"href":"https:\/\/eu.tilta.com\/fr\/wp-json\/wp\/v2\/product\/2012323"}],"collection":[{"href":"https:\/\/eu.tilta.com\/fr\/wp-json\/wp\/v2\/product"}],"about":[{"href":"https:\/\/eu.tilta.com\/fr\/wp-json\/wp\/v2\/types\/product"}],"replies":[{"embeddable":true,"href":"https:\/\/eu.tilta.com\/fr\/wp-json\/wp\/v2\/comments?post=2012323"}],"wp:featuredmedia":[{"embeddable":true,"href":"https:\/\/eu.tilta.com\/fr\/wp-json\/wp\/v2\/media\/2011687"}],"wp:attachment":[{"href":"https:\/\/eu.tilta.com\/fr\/wp-json\/wp\/v2\/media?parent=2012323"}],"wp:term":[{"taxonomy":"product_cat","embeddable":true,"href":"https:\/\/eu.tilta.com\/fr\/wp-json\/wp\/v2\/product_cat?post=2012323"},{"taxonomy":"product_tag","embeddable":true,"href":"https:\/\/eu.tilta.com\/fr\/wp-json\/wp\/v2\/product_tag?post=2012323"}],"curies":[{"name":"wp","href":"https:\/\/api.w.org\/{rel}","templated":true}]}}