{"id":2012327,"date":"2024-09-25T10:56:59","date_gmt":"2024-09-25T08:56:59","guid":{"rendered":"https:\/\/eu.tilta.com\/shop\/vis-de-blocage-de-la-tige-du-viseur-pour-canon-c400\/"},"modified":"2025-12-05T13:49:11","modified_gmt":"2025-12-05T12:49:11","slug":"evf-rod-locking-screw-for-canon-c400","status":"publish","type":"product","link":"https:\/\/eu.tilta.com\/fr\/shop\/evf-rod-locking-screw-for-canon-c400\/","title":{"rendered":"Vis de blocage de la tige du viseur pour Canon C400"},"content":{"rendered":"<p>Cette vis de blocage de la tige du viseur pour le Canon C400 permet de bloquer la tige de 15 mm utilis\u00e9e pour monter le viseur du C400.<\/p>\n<p>Cette vis est compatible avec la poign\u00e9e sup\u00e9rieure d&#8217;origine du Canon C400.<\/p>\n","protected":false},"excerpt":{"rendered":"<p>Cette vis de blocage de la tige du viseur pour le Canon C400 permet de bloquer la tige de 15 mm utilis\u00e9e pour monter le viseur du C400. Cette vis est compatible avec la poign\u00e9e sup\u00e9rieure d&#8217;origine du Canon C400.<\/p>\n","protected":false},"featured_media":2010324,"comment_status":"open","ping_status":"closed","template":"","meta":[],"product_cat":[3233],"product_tag":[],"acf":[],"gallery_images":[],"_links":{"self":[{"href":"https:\/\/eu.tilta.com\/fr\/wp-json\/wp\/v2\/product\/2012327"}],"collection":[{"href":"https:\/\/eu.tilta.com\/fr\/wp-json\/wp\/v2\/product"}],"about":[{"href":"https:\/\/eu.tilta.com\/fr\/wp-json\/wp\/v2\/types\/product"}],"replies":[{"embeddable":true,"href":"https:\/\/eu.tilta.com\/fr\/wp-json\/wp\/v2\/comments?post=2012327"}],"wp:featuredmedia":[{"embeddable":true,"href":"https:\/\/eu.tilta.com\/fr\/wp-json\/wp\/v2\/media\/2010324"}],"wp:attachment":[{"href":"https:\/\/eu.tilta.com\/fr\/wp-json\/wp\/v2\/media?parent=2012327"}],"wp:term":[{"taxonomy":"product_cat","embeddable":true,"href":"https:\/\/eu.tilta.com\/fr\/wp-json\/wp\/v2\/product_cat?post=2012327"},{"taxonomy":"product_tag","embeddable":true,"href":"https:\/\/eu.tilta.com\/fr\/wp-json\/wp\/v2\/product_tag?post=2012327"}],"curies":[{"name":"wp","href":"https:\/\/api.w.org\/{rel}","templated":true}]}}