{"id":2012330,"date":"2024-10-30T09:25:36","date_gmt":"2024-10-30T08:25:36","guid":{"rendered":"https:\/\/eu.tilta.com\/shop\/systeme-de-montage-pour-voiture-hydra-alien-pro\/"},"modified":"2025-12-05T13:49:50","modified_gmt":"2025-12-05T12:49:50","slug":"hydra-alien-pro-car-mounting-system","status":"publish","type":"product","link":"https:\/\/eu.tilta.com\/fr\/shop\/hydra-alien-pro-car-mounting-system\/","title":{"rendered":"Syst\u00e8me de montage pour voiture Hydra Alien Pro"},"content":{"rendered":"<div class=\"overview-text\">\n<p>Le syst\u00e8me de montage pour voiture Hydra Alien Pro est une solution de support de cardan de nouvelle g\u00e9n\u00e9ration pour la cin\u00e9matographie en voiture. Il s&#8217;agit de l&#8217;une des solutions de montage pour voiture les plus accessibles et les plus innovantes pour le RS4 Pro et le Ronin 2, \u00e0 partir de 1799 $ en pr\u00e9-commande.<\/p>\n<p>Le syst\u00e8me utilise une combinaison hautement personnalisable de plaques en forme de queue d&#8217;aronde et de ventouses qui permet aux utilisateurs d&#8217;affiner le placement exact de leur prise de vue pour obtenir presque tous les angles possibles lors du montage sur un v\u00e9hicule.<\/p>\n<p>Les plaques \u00e0 queue d&#8217;aronde nouvellement con\u00e7ues comportent des goupilles de s\u00e9curit\u00e9 r\u00e9tractables \u00e0 chaque position o\u00f9 le bras peut \u00eatre mont\u00e9. Cela am\u00e9liore consid\u00e9rablement la s\u00e9curit\u00e9 du syst\u00e8me, en particulier lors du r\u00e9glage de la position du bras gr\u00e2ce \u00e0 une nouvelle conception coulissante qui rend les petits ajustements rapides et faciles.<\/p>\n<p>Le nouveau bras absorbeur de chocs supporte des charges utiles plus \u00e9lev\u00e9es, jusqu&#8217;\u00e0 28,7 livres, et comporte une t\u00eate d&#8217;absorption de chocs motoris\u00e9e qui offre une plus grande stabilit\u00e9 et utilise des moteurs pour aider \u00e0 stabiliser le syst\u00e8me, comme le ferait un cardan.<\/p>\n<p>Lorsqu&#8217;il est associ\u00e9 \u00e0 la poign\u00e9e de contr\u00f4le optionnelle Nucleus Nano 2, l&#8217;amortissement de la t\u00eate d&#8217;amortissement peut \u00eatre r\u00e9gl\u00e9 \u00e0 distance, ce qui est id\u00e9al pour les environnements rapides et permet d&#8217;affiner les r\u00e9glages d&#8217;amortissement en fonction de l&#8217;\u00e9volution des conditions de la route en temps r\u00e9el.<\/p>\n<p>Associ\u00e9 \u00e0 un cardan l\u00e9ger, ce syst\u00e8me permet d&#8217;obtenir une image incroyablement fluide tout en \u00e9tant plus facile \u00e0 utiliser que les syst\u00e8mes traditionnels. Ce syst\u00e8me innovant \u00e9largit consid\u00e9rablement les possibilit\u00e9s pour les utilisateurs d\u00e9butants et exp\u00e9riment\u00e9s qui n&#8217;ont pas forc\u00e9ment le budget n\u00e9cessaire pour les appareils traditionnels mont\u00e9s sur v\u00e9hicule.<\/p>\n<p>Les accessoires optionnels tels que les ventouses \u00e9lectroniques et notre kit de montage en queue d&#8217;aronde sont d&#8217;excellentes options pour \u00e9tendre la fonctionnalit\u00e9 de ce syst\u00e8me.<\/p>\n<p><strong>Remarque : lorsque vous utilisez des cardans plus grands comme le Ronin 2, nous vous recommandons de fixer l&#8217;Hydra Alien Pro uniquement avec le Speed Rail car les autres options bas\u00e9es sur les ventouses ne sont pas assez solides pour supporter le syst\u00e8me de mani\u00e8re fiable.<\/strong><\/p>\n<\/div>\n","protected":false},"excerpt":{"rendered":"<p>Le syst\u00e8me de montage pour voiture Hydra Alien Pro est une solution de support de cardan de nouvelle g\u00e9n\u00e9ration pour la cin\u00e9matographie en voiture. Il s&#8217;agit de l&#8217;une des solutions de montage pour voiture les plus accessibles et les plus [&hellip;]<\/p>\n","protected":false},"featured_media":2012270,"comment_status":"open","ping_status":"closed","template":"","meta":[],"product_cat":[3237],"product_tag":[],"acf":[],"gallery_images":[2011956,2011944,2011950,2011938,2011932,2011926,2011920,2011914,2011908,2011902],"_links":{"self":[{"href":"https:\/\/eu.tilta.com\/fr\/wp-json\/wp\/v2\/product\/2012330"}],"collection":[{"href":"https:\/\/eu.tilta.com\/fr\/wp-json\/wp\/v2\/product"}],"about":[{"href":"https:\/\/eu.tilta.com\/fr\/wp-json\/wp\/v2\/types\/product"}],"replies":[{"embeddable":true,"href":"https:\/\/eu.tilta.com\/fr\/wp-json\/wp\/v2\/comments?post=2012330"}],"wp:featuredmedia":[{"embeddable":true,"href":"https:\/\/eu.tilta.com\/fr\/wp-json\/wp\/v2\/media\/2012270"}],"wp:attachment":[{"href":"https:\/\/eu.tilta.com\/fr\/wp-json\/wp\/v2\/media?parent=2012330"}],"wp:term":[{"taxonomy":"product_cat","embeddable":true,"href":"https:\/\/eu.tilta.com\/fr\/wp-json\/wp\/v2\/product_cat?post=2012330"},{"taxonomy":"product_tag","embeddable":true,"href":"https:\/\/eu.tilta.com\/fr\/wp-json\/wp\/v2\/product_tag?post=2012330"}],"curies":[{"name":"wp","href":"https:\/\/api.w.org\/{rel}","templated":true}]}}