{"id":2012354,"date":"2024-10-28T09:32:18","date_gmt":"2024-10-28T08:32:18","guid":{"rendered":"https:\/\/eu.tilta.com\/shop\/collier-de-fixation-compact-50mm-pour-hydra-alien-pro\/"},"modified":"2025-12-05T13:49:44","modified_gmt":"2025-12-05T12:49:44","slug":"compact-50mm-mounting-clamp-for-hydra-alien-pro","status":"publish","type":"product","link":"https:\/\/eu.tilta.com\/fr\/shop\/compact-50mm-mounting-clamp-for-hydra-alien-pro\/","title":{"rendered":"Collier de fixation compact 50mm pour Hydra Alien Pro"},"content":{"rendered":"<div class=\"overview-text\">\n<div class=\"overview-text\">\n<p>Cette pince de montage compacte de 50 mm permet aux utilisateurs de monter le bras amortisseur Hydra Alien Pro sur un rail rapide de 50 mm.<\/p>\n<p>Cette version compacte est parfaite pour les petits cardans tels que le DJI Ronin S Series et permet de rapprocher la plate-forme du v\u00e9hicule sur lequel elle est mont\u00e9e.<\/p>\n<p>Cette pince comporte deux boutons de verrouillage pour fixer l&#8217;unit\u00e9 au rail de vitesse, qui peuvent \u00eatre serr\u00e9s \u00e0 l&#8217;aide d&#8217;outils pour assurer une connexion incroyablement solide.<\/p>\n<p>Le r\u00e9cepteur \u00e0 d\u00e9gagement rapide situ\u00e9 \u00e0 l&#8217;autre extr\u00e9mit\u00e9 est dot\u00e9 d&#8217;un levier de verrouillage et d&#8217;un bouton de d\u00e9gagement de s\u00e9curit\u00e9, ce qui permet d&#8217;installer ou de retirer rapidement le bras d&#8217;absorption des chocs tout en le maintenant en place.<\/p>\n<\/div>\n<\/div>\n","protected":false},"excerpt":{"rendered":"<p>Cette pince de montage compacte de 50 mm permet aux utilisateurs de monter le bras amortisseur Hydra Alien Pro sur un rail rapide de 50 mm. Cette version compacte est parfaite pour les petits cardans tels que le DJI Ronin [&hellip;]<\/p>\n","protected":false},"featured_media":2011819,"comment_status":"open","ping_status":"closed","template":"","meta":[],"product_cat":[3237],"product_tag":[],"acf":[],"gallery_images":[2011813,2011807],"_links":{"self":[{"href":"https:\/\/eu.tilta.com\/fr\/wp-json\/wp\/v2\/product\/2012354"}],"collection":[{"href":"https:\/\/eu.tilta.com\/fr\/wp-json\/wp\/v2\/product"}],"about":[{"href":"https:\/\/eu.tilta.com\/fr\/wp-json\/wp\/v2\/types\/product"}],"replies":[{"embeddable":true,"href":"https:\/\/eu.tilta.com\/fr\/wp-json\/wp\/v2\/comments?post=2012354"}],"wp:featuredmedia":[{"embeddable":true,"href":"https:\/\/eu.tilta.com\/fr\/wp-json\/wp\/v2\/media\/2011819"}],"wp:attachment":[{"href":"https:\/\/eu.tilta.com\/fr\/wp-json\/wp\/v2\/media?parent=2012354"}],"wp:term":[{"taxonomy":"product_cat","embeddable":true,"href":"https:\/\/eu.tilta.com\/fr\/wp-json\/wp\/v2\/product_cat?post=2012354"},{"taxonomy":"product_tag","embeddable":true,"href":"https:\/\/eu.tilta.com\/fr\/wp-json\/wp\/v2\/product_tag?post=2012354"}],"curies":[{"name":"wp","href":"https:\/\/api.w.org\/{rel}","templated":true}]}}