{"id":2012358,"date":"2024-10-24T09:54:40","date_gmt":"2024-10-24T07:54:40","guid":{"rendered":"https:\/\/eu.tilta.com\/shop\/demi-cage-pour-canon-r5-mark-ii-noir\/"},"modified":"2026-02-16T09:01:00","modified_gmt":"2026-02-16T08:01:00","slug":"half-camera-cage-for-canon-r5-mark-ii-black","status":"publish","type":"product","link":"https:\/\/eu.tilta.com\/fr\/shop\/half-camera-cage-for-canon-r5-mark-ii-black\/","title":{"rendered":"Demi-cage pour Canon R5 Mark II &#8211; Noir"},"content":{"rendered":"<p><em>Pr\u00e9sentation de la demi-cage \u00e0 cam\u00e9ra pour Canon R5 Mark II<\/em><\/p>\n<p>Cette cage d&#8217;appareil photo offre une protection mod\u00e9r\u00e9e au bo\u00eetier de l&#8217;appareil photo et \u00e9largit les possibilit\u00e9s de montage de divers accessoires tout en restant l\u00e9g\u00e8re.<\/p>\n<p>La demi-cage comporte des supports pour les sangles de poignet, un filetage 3\/8\u2033-16 et un filetage 1\/4\u2033-20 avec des points de rep\u00e9rage.<\/p>\n<p>Un rembourrage en silicone souple et un point de contact suppl\u00e9mentaire entre l&#8217;appareil photo et la cage garantissent une connexion solide et une base solide pour le montage d&#8217;accessoires.<\/p>\n","protected":false},"excerpt":{"rendered":"<p>Pr\u00e9sentation de la demi-cage \u00e0 cam\u00e9ra pour Canon R5 Mark II Cette cage d&#8217;appareil photo offre une protection mod\u00e9r\u00e9e au bo\u00eetier de l&#8217;appareil photo et \u00e9largit les possibilit\u00e9s de montage de divers accessoires tout en restant l\u00e9g\u00e8re. La demi-cage comporte [&hellip;]<\/p>\n","protected":false},"featured_media":2011456,"comment_status":"open","ping_status":"closed","template":"","meta":[],"product_cat":[3252,4448],"product_tag":[],"acf":[],"gallery_images":[2011450,2011444,2011438,2011432,2011426],"_links":{"self":[{"href":"https:\/\/eu.tilta.com\/fr\/wp-json\/wp\/v2\/product\/2012358"}],"collection":[{"href":"https:\/\/eu.tilta.com\/fr\/wp-json\/wp\/v2\/product"}],"about":[{"href":"https:\/\/eu.tilta.com\/fr\/wp-json\/wp\/v2\/types\/product"}],"replies":[{"embeddable":true,"href":"https:\/\/eu.tilta.com\/fr\/wp-json\/wp\/v2\/comments?post=2012358"}],"wp:featuredmedia":[{"embeddable":true,"href":"https:\/\/eu.tilta.com\/fr\/wp-json\/wp\/v2\/media\/2011456"}],"wp:attachment":[{"href":"https:\/\/eu.tilta.com\/fr\/wp-json\/wp\/v2\/media?parent=2012358"}],"wp:term":[{"taxonomy":"product_cat","embeddable":true,"href":"https:\/\/eu.tilta.com\/fr\/wp-json\/wp\/v2\/product_cat?post=2012358"},{"taxonomy":"product_tag","embeddable":true,"href":"https:\/\/eu.tilta.com\/fr\/wp-json\/wp\/v2\/product_tag?post=2012358"}],"curies":[{"name":"wp","href":"https:\/\/api.w.org\/{rel}","templated":true}]}}