{"id":2012367,"date":"2024-10-24T11:32:59","date_gmt":"2024-10-24T09:32:59","guid":{"rendered":"https:\/\/eu.tilta.com\/shop\/cage-de-protection-pour-canon-r5-mark-ii-lightweight-kit-noir\/"},"modified":"2025-12-05T13:50:11","modified_gmt":"2025-12-05T12:50:11","slug":"camera-cage-for-canon-r5-mark-ii-lightweight-kit-black","status":"publish","type":"product","link":"https:\/\/eu.tilta.com\/fr\/shop\/camera-cage-for-canon-r5-mark-ii-lightweight-kit-black\/","title":{"rendered":"Cage de protection pour Canon R5 Mark II Lightweight Kit &#8211; Noir"},"content":{"rendered":"<p><em>Pr\u00e9sentation de la cage d&#8217;appareil photo pour le kit l\u00e9ger Canon R5 Mark II<\/em><\/p>\n<p>Cette cage d&#8217;appareil photo offre une protection suppl\u00e9mentaire au bo\u00eetier de l&#8217;appareil photo tout en \u00e9largissant les possibilit\u00e9s de montage de divers accessoires.<\/p>\n<p>La cage compl\u00e8te est \u00e9quip\u00e9e d&#8217;un r\u00e9cepteur de griffe froide, de filets M3 pour le support d&#8217;adaptateur de monture, de supports de dragonne, de filets 1\/4\u2033-20 et 3\/8\u2033-16, tous deux avec des points de rep\u00e9rage.<\/p>\n<p>Un filetage unique de 3\/8\u2033-16 sur le dessus de la cage comporte un adaptateur amovible de 1\/4\u2033-20, ce qui en fait l&#8217;option parfaite pour une vari\u00e9t\u00e9 de poign\u00e9es sup\u00e9rieures.<\/p>\n<p>Le rembourrage en silicone souple et les multiples points de contact entre l&#8217;appareil photo et la cage garantissent une connexion solide et une base solide pour le montage d&#8217;accessoires.<\/p>\n<p>Le serre-c\u00e2ble inclus se monte directement sur le bo\u00eetier de l&#8217;appareil photo, avec ou sans la cage de l&#8217;appareil, et offre une s\u00e9curit\u00e9 accrue pour les c\u00e2bles.<\/p>\n<p>Il est \u00e9galement dot\u00e9 de vis \u00e0 oreilles qui permettent de fixer ou d&#8217;enlever rapidement divers c\u00e2bles et garantissent qu&#8217;aucun outil ne sera n\u00e9cessaire pour utiliser cet accessoire.<\/p>\n<p>La fixation sur rail OTAN et la poign\u00e9e sup\u00e9rieure incluses offrent des options d&#8217;utilisation plus flexibles, particuli\u00e8rement utiles pour les prises de vue en contre-plong\u00e9e.<\/p>\n<p>Cette poign\u00e9e \u00e9largit \u00e9galement les options de montage avec des filetages 1\/4\u2033-20 suppl\u00e9mentaires et un r\u00e9cepteur Cold Shoe, parfait pour un moniteur externe.<\/p>\n","protected":false},"excerpt":{"rendered":"<p>Pr\u00e9sentation de la cage d&#8217;appareil photo pour le kit l\u00e9ger Canon R5 Mark II Cette cage d&#8217;appareil photo offre une protection suppl\u00e9mentaire au bo\u00eetier de l&#8217;appareil photo tout en \u00e9largissant les possibilit\u00e9s de montage de divers accessoires. La cage compl\u00e8te [&hellip;]<\/p>\n","protected":false},"featured_media":2011569,"comment_status":"open","ping_status":"closed","template":"","meta":[],"product_cat":[3252],"product_tag":[],"acf":[],"gallery_images":[2011563,2011557,2011551,2011545,2011539],"_links":{"self":[{"href":"https:\/\/eu.tilta.com\/fr\/wp-json\/wp\/v2\/product\/2012367"}],"collection":[{"href":"https:\/\/eu.tilta.com\/fr\/wp-json\/wp\/v2\/product"}],"about":[{"href":"https:\/\/eu.tilta.com\/fr\/wp-json\/wp\/v2\/types\/product"}],"replies":[{"embeddable":true,"href":"https:\/\/eu.tilta.com\/fr\/wp-json\/wp\/v2\/comments?post=2012367"}],"wp:featuredmedia":[{"embeddable":true,"href":"https:\/\/eu.tilta.com\/fr\/wp-json\/wp\/v2\/media\/2011569"}],"wp:attachment":[{"href":"https:\/\/eu.tilta.com\/fr\/wp-json\/wp\/v2\/media?parent=2012367"}],"wp:term":[{"taxonomy":"product_cat","embeddable":true,"href":"https:\/\/eu.tilta.com\/fr\/wp-json\/wp\/v2\/product_cat?post=2012367"},{"taxonomy":"product_tag","embeddable":true,"href":"https:\/\/eu.tilta.com\/fr\/wp-json\/wp\/v2\/product_tag?post=2012367"}],"curies":[{"name":"wp","href":"https:\/\/api.w.org\/{rel}","templated":true}]}}