{"id":2012376,"date":"2024-10-24T09:08:52","date_gmt":"2024-10-24T07:08:52","guid":{"rendered":"https:\/\/eu.tilta.com\/shop\/serre-cable-hdmi-et-usb-c-pour-canon-r5-mark-ii-noir\/"},"modified":"2025-12-05T13:50:15","modified_gmt":"2025-12-05T12:50:15","slug":"hdmi-and-usb-c-cable-clamp-for-canon-r5-mark-ii-black","status":"publish","type":"product","link":"https:\/\/eu.tilta.com\/fr\/shop\/hdmi-and-usb-c-cable-clamp-for-canon-r5-mark-ii-black\/","title":{"rendered":"Serre-c\u00e2ble HDMI et USB-C pour Canon R5 Mark II &#8211; Noir"},"content":{"rendered":"<p>Ce serre-c\u00e2ble HDMI et USB-C pour Canon R5 Mark II se monte directement sur le bo\u00eetier de l&#8217;appareil photo et offre une s\u00e9curit\u00e9 accrue pour les c\u00e2bles.<\/p>\n<p>Cela signifie que cet accessoire peut \u00eatre utilis\u00e9 avec notre cage de cam\u00e9ra compl\u00e8te, notre demi-cage de cam\u00e9ra ou avec la cam\u00e9ra elle-m\u00eame.<\/p>\n<p>Il est dot\u00e9 de vis \u00e0 oreilles qui permettent de fixer ou de retirer rapidement divers c\u00e2bles et garantit qu&#8217;aucun outil ne sera n\u00e9cessaire pour utiliser cet accessoire.<\/p>\n<p>Cette pince est particuli\u00e8rement utile pour l&#8217;enregistrement externe, car elle limite les possibilit\u00e9s de d\u00e9connexion accidentelle des c\u00e2bles.<\/p>\n","protected":false},"excerpt":{"rendered":"<p>Ce serre-c\u00e2ble HDMI et USB-C pour Canon R5 Mark II se monte directement sur le bo\u00eetier de l&#8217;appareil photo et offre une s\u00e9curit\u00e9 accrue pour les c\u00e2bles. Cela signifie que cet accessoire peut \u00eatre utilis\u00e9 avec notre cage de cam\u00e9ra [&hellip;]<\/p>\n","protected":false},"featured_media":2011419,"comment_status":"open","ping_status":"closed","template":"","meta":[],"product_cat":[3252],"product_tag":[],"acf":[],"gallery_images":[2011413,2011407,2011401,2011395,2011389],"_links":{"self":[{"href":"https:\/\/eu.tilta.com\/fr\/wp-json\/wp\/v2\/product\/2012376"}],"collection":[{"href":"https:\/\/eu.tilta.com\/fr\/wp-json\/wp\/v2\/product"}],"about":[{"href":"https:\/\/eu.tilta.com\/fr\/wp-json\/wp\/v2\/types\/product"}],"replies":[{"embeddable":true,"href":"https:\/\/eu.tilta.com\/fr\/wp-json\/wp\/v2\/comments?post=2012376"}],"wp:featuredmedia":[{"embeddable":true,"href":"https:\/\/eu.tilta.com\/fr\/wp-json\/wp\/v2\/media\/2011419"}],"wp:attachment":[{"href":"https:\/\/eu.tilta.com\/fr\/wp-json\/wp\/v2\/media?parent=2012376"}],"wp:term":[{"taxonomy":"product_cat","embeddable":true,"href":"https:\/\/eu.tilta.com\/fr\/wp-json\/wp\/v2\/product_cat?post=2012376"},{"taxonomy":"product_tag","embeddable":true,"href":"https:\/\/eu.tilta.com\/fr\/wp-json\/wp\/v2\/product_tag?post=2012376"}],"curies":[{"name":"wp","href":"https:\/\/api.w.org\/{rel}","templated":true}]}}