{"id":2012380,"date":"2024-10-25T04:51:58","date_gmt":"2024-10-25T02:51:58","guid":{"rendered":"https:\/\/eu.tilta.com\/shop\/filtre-polarisant-tilta-illusion-95mm\/"},"modified":"2025-12-05T13:50:16","modified_gmt":"2025-12-05T12:50:16","slug":"tilta-illusion-95mm-polarizer-filter","status":"publish","type":"product","link":"https:\/\/eu.tilta.com\/fr\/shop\/tilta-illusion-95mm-polarizer-filter\/","title":{"rendered":"Filtre polarisant Tilta Illusion 95mm"},"content":{"rendered":"<p><em>Pr\u00e9sentation de la nouvelle g\u00e9n\u00e9ration de filtres 95mm pour le Mirage Matte Box &#8211; TILTA ILLUSION<\/em><\/p>\n<p>Les filtres Illusion sont la nouvelle s\u00e9rie de filtres fabriqu\u00e9s en interne et sp\u00e9cialement con\u00e7us pour le standard circulaire de 95 mm de la Mirage Matte Box.<\/p>\n<p>Ce filtre produit des couleurs pr\u00e9cises et \u00e9clatantes en limitant la lumi\u00e8re r\u00e9fl\u00e9chie et en emp\u00eachant les reflets ind\u00e9sirables caus\u00e9s par des surfaces r\u00e9fl\u00e9chissantes telles que l&#8217;eau ou le verre.<\/p>\n<p>Ce filtre offre une alternative \u00e9conomique au <a href=\"https:\/\/eu.tilta.com\/shop\/95mm-polarizer-filter-for-tilta-mirage\/\">filtre polarisant 95 mm<\/a> original <a href=\"https:\/\/eu.tilta.com\/shop\/95mm-polarizer-filter-for-tilta-mirage\/\">pour Tilta Mirage.<\/a><\/p>\n<p>Les utilisateurs peuvent ajuster les filtres dans la position souhait\u00e9e en faisant pivoter l&#8217;ensemble du bo\u00eetier.<\/p>\n","protected":false},"excerpt":{"rendered":"<p>Pr\u00e9sentation de la nouvelle g\u00e9n\u00e9ration de filtres 95mm pour le Mirage Matte Box &#8211; TILTA ILLUSION Les filtres Illusion sont la nouvelle s\u00e9rie de filtres fabriqu\u00e9s en interne et sp\u00e9cialement con\u00e7us pour le standard circulaire de 95 mm de la [&hellip;]<\/p>\n","protected":false},"featured_media":2011695,"comment_status":"open","ping_status":"closed","template":"","meta":[],"product_cat":[3257],"product_tag":[],"acf":[],"gallery_images":[],"_links":{"self":[{"href":"https:\/\/eu.tilta.com\/fr\/wp-json\/wp\/v2\/product\/2012380"}],"collection":[{"href":"https:\/\/eu.tilta.com\/fr\/wp-json\/wp\/v2\/product"}],"about":[{"href":"https:\/\/eu.tilta.com\/fr\/wp-json\/wp\/v2\/types\/product"}],"replies":[{"embeddable":true,"href":"https:\/\/eu.tilta.com\/fr\/wp-json\/wp\/v2\/comments?post=2012380"}],"wp:featuredmedia":[{"embeddable":true,"href":"https:\/\/eu.tilta.com\/fr\/wp-json\/wp\/v2\/media\/2011695"}],"wp:attachment":[{"href":"https:\/\/eu.tilta.com\/fr\/wp-json\/wp\/v2\/media?parent=2012380"}],"wp:term":[{"taxonomy":"product_cat","embeddable":true,"href":"https:\/\/eu.tilta.com\/fr\/wp-json\/wp\/v2\/product_cat?post=2012380"},{"taxonomy":"product_tag","embeddable":true,"href":"https:\/\/eu.tilta.com\/fr\/wp-json\/wp\/v2\/product_tag?post=2012380"}],"curies":[{"name":"wp","href":"https:\/\/api.w.org\/{rel}","templated":true}]}}