{"id":2012389,"date":"2024-10-23T11:10:48","date_gmt":"2024-10-23T09:10:48","guid":{"rendered":"https:\/\/eu.tilta.com\/shop\/poignee-pour-hydra-alien-mini-gris-titane\/"},"modified":"2025-12-05T13:50:20","modified_gmt":"2025-12-05T12:50:20","slug":"hand-grip-for-hydra-alien-mini-titanium-grey","status":"publish","type":"product","link":"https:\/\/eu.tilta.com\/fr\/shop\/hand-grip-for-hydra-alien-mini-titanium-grey\/","title":{"rendered":"Poign\u00e9e pour Hydra Alien Mini &#8211; Gris Titane"},"content":{"rendered":"<p>La poign\u00e9e pour Hydra Alien Mini est une poign\u00e9e m\u00e9canique qui se connecte au bras d&#8217;absorption des chocs afin de faire fonctionner le syst\u00e8me \u00e0 la main.<\/p>\n<p>La poign\u00e9e confortable permet de tenir le syst\u00e8me de mani\u00e8re plus s\u00fbre qu&#8217;avec une cam\u00e9ra d&#8217;action sans poign\u00e9e.<\/p>\n<p>L&#8217;angle de la poign\u00e9e peut \u00eatre facilement ajust\u00e9 pour une utilisation plus confortable dans diverses configurations.<\/p>\n<p>Cette configuration est particuli\u00e8rement utile lorsque vous courez ou filmez sur un terrain accident\u00e9.<\/p>\n","protected":false},"excerpt":{"rendered":"<p>La poign\u00e9e pour Hydra Alien Mini est une poign\u00e9e m\u00e9canique qui se connecte au bras d&#8217;absorption des chocs afin de faire fonctionner le syst\u00e8me \u00e0 la main. La poign\u00e9e confortable permet de tenir le syst\u00e8me de mani\u00e8re plus s\u00fbre qu&#8217;avec [&hellip;]<\/p>\n","protected":false},"featured_media":2011049,"comment_status":"open","ping_status":"closed","template":"","meta":[],"product_cat":[3262],"product_tag":[],"acf":[],"gallery_images":[2011043,2011037,2011031],"_links":{"self":[{"href":"https:\/\/eu.tilta.com\/fr\/wp-json\/wp\/v2\/product\/2012389"}],"collection":[{"href":"https:\/\/eu.tilta.com\/fr\/wp-json\/wp\/v2\/product"}],"about":[{"href":"https:\/\/eu.tilta.com\/fr\/wp-json\/wp\/v2\/types\/product"}],"replies":[{"embeddable":true,"href":"https:\/\/eu.tilta.com\/fr\/wp-json\/wp\/v2\/comments?post=2012389"}],"wp:featuredmedia":[{"embeddable":true,"href":"https:\/\/eu.tilta.com\/fr\/wp-json\/wp\/v2\/media\/2011049"}],"wp:attachment":[{"href":"https:\/\/eu.tilta.com\/fr\/wp-json\/wp\/v2\/media?parent=2012389"}],"wp:term":[{"taxonomy":"product_cat","embeddable":true,"href":"https:\/\/eu.tilta.com\/fr\/wp-json\/wp\/v2\/product_cat?post=2012389"},{"taxonomy":"product_tag","embeddable":true,"href":"https:\/\/eu.tilta.com\/fr\/wp-json\/wp\/v2\/product_tag?post=2012389"}],"curies":[{"name":"wp","href":"https:\/\/api.w.org\/{rel}","templated":true}]}}