{"id":2012392,"date":"2024-10-24T08:11:35","date_gmt":"2024-10-24T06:11:35","guid":{"rendered":"https:\/\/eu.tilta.com\/shop\/tilta-universal-quick-release-tie-down-for-cine-fluid-head-space-grey\/"},"modified":"2025-12-05T13:50:21","modified_gmt":"2025-12-05T12:50:21","slug":"tilta-universal-quick-release-tie-down-for-cine-fluid-head-space-grey","status":"publish","type":"product","link":"https:\/\/eu.tilta.com\/fr\/shop\/tilta-universal-quick-release-tie-down-for-cine-fluid-head-space-grey\/","title":{"rendered":"Tilta Universal Quick Release Tie-Down for Cine Fluid Head &#8211; Space Grey"},"content":{"rendered":"<p>Ce syst\u00e8me d&#8217;attache universel pour t\u00eate fluide Cine se fixe rapidement \u00e0 la base des t\u00eates de tr\u00e9pieds CT12 et CT08 et permet un montage et un d\u00e9montage plus rapides de la t\u00eate fluide.<\/p>\n<p>Il suffit de maintenir le bouton de d\u00e9gagement rapide, de faire glisser le Tie Down, puis de rel\u00e2cher la languette et de le serrer en quelques tours.<\/p>\n<p>Cela permet aux utilisateurs de se d\u00e9placer plus rapidement lors de la prise de vue, car la t\u00eate de tr\u00e9pied peut \u00eatre mont\u00e9e ou d\u00e9mont\u00e9e rapidement, ce qui est particuli\u00e8rement utile pour passer d&#8217;un pied de tr\u00e9pied \u00e0 un dolly ou \u00e0 d&#8217;autres syst\u00e8mes de support.<\/p>\n<p>De conception universelle, cet accessoire est compatible avec toutes les t\u00eates de tr\u00e9pieds dot\u00e9es d&#8217;un filetage M10 ou 3\/8\u2033-16.<\/p>\n","protected":false},"excerpt":{"rendered":"<p>Ce syst\u00e8me d&#8217;attache universel pour t\u00eate fluide Cine se fixe rapidement \u00e0 la base des t\u00eates de tr\u00e9pieds CT12 et CT08 et permet un montage et un d\u00e9montage plus rapides de la t\u00eate fluide. Il suffit de maintenir le bouton [&hellip;]<\/p>\n","protected":false},"featured_media":2011382,"comment_status":"open","ping_status":"closed","template":"","meta":[],"product_cat":[3246],"product_tag":[],"acf":[],"gallery_images":[2011376,2011370],"_links":{"self":[{"href":"https:\/\/eu.tilta.com\/fr\/wp-json\/wp\/v2\/product\/2012392"}],"collection":[{"href":"https:\/\/eu.tilta.com\/fr\/wp-json\/wp\/v2\/product"}],"about":[{"href":"https:\/\/eu.tilta.com\/fr\/wp-json\/wp\/v2\/types\/product"}],"replies":[{"embeddable":true,"href":"https:\/\/eu.tilta.com\/fr\/wp-json\/wp\/v2\/comments?post=2012392"}],"wp:featuredmedia":[{"embeddable":true,"href":"https:\/\/eu.tilta.com\/fr\/wp-json\/wp\/v2\/media\/2011382"}],"wp:attachment":[{"href":"https:\/\/eu.tilta.com\/fr\/wp-json\/wp\/v2\/media?parent=2012392"}],"wp:term":[{"taxonomy":"product_cat","embeddable":true,"href":"https:\/\/eu.tilta.com\/fr\/wp-json\/wp\/v2\/product_cat?post=2012392"},{"taxonomy":"product_tag","embeddable":true,"href":"https:\/\/eu.tilta.com\/fr\/wp-json\/wp\/v2\/product_tag?post=2012392"}],"curies":[{"name":"wp","href":"https:\/\/api.w.org\/{rel}","templated":true}]}}