{"id":2012394,"date":"2024-10-23T12:27:59","date_gmt":"2024-10-23T10:27:59","guid":{"rendered":"https:\/\/eu.tilta.com\/shop\/systeme-de-montage-pour-voiture-hydra-alien-mini\/"},"modified":"2026-03-09T18:05:40","modified_gmt":"2026-03-09T17:05:40","slug":"hydra-alien-mini-car-mounting-system","status":"publish","type":"product","link":"https:\/\/eu.tilta.com\/fr\/shop\/hydra-alien-mini-car-mounting-system\/","title":{"rendered":"Syst\u00e8me de montage pour voiture Hydra Alien Mini"},"content":{"rendered":"<p><em>Pr\u00e9sentation du mini-syst\u00e8me de montage Hydra Alien pour voiture<\/em><\/p>\n<p>Inspir\u00e9 par l&#8217;esth\u00e9tique du bras Hydra, ce bras compact \u00e0 absorption des chocs \u00e9tablit une nouvelle norme pour les syst\u00e8mes de montage l\u00e9gers pour voitures.<\/p>\n<p>Ce bras miniature est compatible avec les syst\u00e8mes de cam\u00e9ra plus petits tels que <a href=\"https:\/\/eu.tilta.com\/product-category\/shop-by-camera\/for-dji-cameras\/\">DJI Action 3\/4<\/a>, <a href=\"https:\/\/eu.tilta.com\/product-category\/shop-by-camera\/for-dji-cameras\/osmo-pocket-3\/\">DJI Pocket 3<\/a>, <a href=\"https:\/\/eu.tilta.com\/product-category\/shop-by-camera\/for-insta360-cameras\/\">Insta360 X4\/X3<\/a>, et tout autre syst\u00e8me pesant jusqu&#8217;\u00e0 1,32lbs, y compris les Smartphones avec notre <a href=\"https:\/\/eu.tilta.com\/product-category\/khronos-ecosystem-for-iphone\/\">Ecosyst\u00e8me Khronos<\/a>.<\/p>\n<p>Le syst\u00e8me d&#8217;amortissement hydraulique utilise de l&#8217;huile de qualit\u00e9 automobile import\u00e9e des \u00c9tats-Unis pour des performances de niveau piste et il est facile pour les utilisateurs d&#8217;ajouter de l&#8217;huile si n\u00e9cessaire.<\/p>\n<p>Le kit comprend un bras d&#8217;extension r\u00e9glable sur les deux axes, ce qui permet aux utilisateurs de mieux positionner le bras en fonction des diff\u00e9rentes configurations et des emplacements des v\u00e9hicules.<\/p>\n<p>Fabriqu\u00e9 \u00e0 partir d&#8217;un alliage d&#8217;aluminium a\u00e9rospatial haute performance et usin\u00e9 avec pr\u00e9cision par commande num\u00e9rique en une seule pi\u00e8ce, l&#8217;ensemble du kit ne p\u00e8se que 982,5 g (2,17 lbs).<\/p>\n<p>La <a href=\"https:\/\/eu.tilta.com\/shop\/electronic-suction-cup-4-5_\/\">ventouse \u00e9lectronique<\/a> optionnelle est une ventouse aliment\u00e9e par une batterie qui a la capacit\u00e9 de surveiller la pression en temps r\u00e9el et d&#8217;augmenter automatiquement l&#8217;aspiration en cas de fuite.<\/p>\n<p>Dot\u00e9 d&#8217;une batterie int\u00e9gr\u00e9e de 2000mAh, il peut fonctionner pendant plus de 14 heures en continu dans des conditions normales. La batterie prend \u00e9galement en charge une entr\u00e9e d&#8217;alimentation externe USB-C de 5V\/1A, ce qui permet de r\u00e9aliser des prises de vue ininterrompues encore plus longues via des sources d&#8217;alimentation suppl\u00e9mentaires.<\/p>\n<p><em>*Les donn\u00e9es sont bas\u00e9es sur des tests en conditions r\u00e9elles effectu\u00e9s par le Tilta&#8217;s Lab, mais l&#8217;autonomie r\u00e9elle peut diminuer et varier en fonction de nombreux facteurs.<\/em><\/p>\n","protected":false},"excerpt":{"rendered":"<p>Pr\u00e9sentation du mini-syst\u00e8me de montage Hydra Alien pour voiture Inspir\u00e9 par l&#8217;esth\u00e9tique du bras Hydra, ce bras compact \u00e0 absorption des chocs \u00e9tablit une nouvelle norme pour les syst\u00e8mes de montage l\u00e9gers pour voitures. Ce bras miniature est compatible avec [&hellip;]<\/p>\n","protected":false},"featured_media":2011092,"comment_status":"open","ping_status":"closed","template":"","meta":[],"product_cat":[3262],"product_tag":[],"acf":[],"gallery_images":[2011086,2011080,2011074,2011068,2011062,2011056],"_links":{"self":[{"href":"https:\/\/eu.tilta.com\/fr\/wp-json\/wp\/v2\/product\/2012394"}],"collection":[{"href":"https:\/\/eu.tilta.com\/fr\/wp-json\/wp\/v2\/product"}],"about":[{"href":"https:\/\/eu.tilta.com\/fr\/wp-json\/wp\/v2\/types\/product"}],"replies":[{"embeddable":true,"href":"https:\/\/eu.tilta.com\/fr\/wp-json\/wp\/v2\/comments?post=2012394"}],"wp:featuredmedia":[{"embeddable":true,"href":"https:\/\/eu.tilta.com\/fr\/wp-json\/wp\/v2\/media\/2011092"}],"wp:attachment":[{"href":"https:\/\/eu.tilta.com\/fr\/wp-json\/wp\/v2\/media?parent=2012394"}],"wp:term":[{"taxonomy":"product_cat","embeddable":true,"href":"https:\/\/eu.tilta.com\/fr\/wp-json\/wp\/v2\/product_cat?post=2012394"},{"taxonomy":"product_tag","embeddable":true,"href":"https:\/\/eu.tilta.com\/fr\/wp-json\/wp\/v2\/product_tag?post=2012394"}],"curies":[{"name":"wp","href":"https:\/\/api.w.org\/{rel}","templated":true}]}}