{"id":2012425,"date":"2024-09-25T12:01:32","date_gmt":"2024-09-25T10:01:32","guid":{"rendered":"https:\/\/eu.tilta.com\/shop\/plaque-de-montage-daccessoires-arriere-pour-canon-c400\/"},"modified":"2025-12-05T13:51:18","modified_gmt":"2025-12-05T12:51:18","slug":"rear-accessory-mounting-plate-for-canon-c400","status":"publish","type":"product","link":"https:\/\/eu.tilta.com\/fr\/shop\/rear-accessory-mounting-plate-for-canon-c400\/","title":{"rendered":"Plaque de montage d&#8217;accessoires arri\u00e8re pour Canon C400"},"content":{"rendered":"<p><em>Pr\u00e9sentation de la plaque de montage d&#8217;accessoires arri\u00e8re pour le Canon C400<\/em><\/p>\n<p>Cette plaque arri\u00e8re multifonctionnelle est une excellente option pour le montage de plaques de batterie l\u00e9g\u00e8res telles que notre plaque de batterie Mini V-Mount ainsi que d&#8217;autres accessoires.<\/p>\n<p>Les points de montage comprennent des filetages 1\/4\u2033-20 et 3\/8\u2033-16, tous deux avec des points de rep\u00e9rage, ainsi que des fentes de sangle pour fixer des accessoires tels que des batteries V-Mount.<\/p>\n<p>Cette plaque se monte directement sur le bo\u00eetier de l&#8217;appareil photo et ne n\u00e9cessite pas de cage d&#8217;appareil pour \u00eatre utilis\u00e9e.<\/p>\n","protected":false},"excerpt":{"rendered":"<p>Pr\u00e9sentation de la plaque de montage d&#8217;accessoires arri\u00e8re pour le Canon C400 Cette plaque arri\u00e8re multifonctionnelle est une excellente option pour le montage de plaques de batterie l\u00e9g\u00e8res telles que notre plaque de batterie Mini V-Mount ainsi que d&#8217;autres accessoires. [&hellip;]<\/p>\n","protected":false},"featured_media":2010341,"comment_status":"open","ping_status":"closed","template":"","meta":[],"product_cat":[3233],"product_tag":[],"acf":[],"gallery_images":[2010497,2010491,2010485],"_links":{"self":[{"href":"https:\/\/eu.tilta.com\/fr\/wp-json\/wp\/v2\/product\/2012425"}],"collection":[{"href":"https:\/\/eu.tilta.com\/fr\/wp-json\/wp\/v2\/product"}],"about":[{"href":"https:\/\/eu.tilta.com\/fr\/wp-json\/wp\/v2\/types\/product"}],"replies":[{"embeddable":true,"href":"https:\/\/eu.tilta.com\/fr\/wp-json\/wp\/v2\/comments?post=2012425"}],"wp:featuredmedia":[{"embeddable":true,"href":"https:\/\/eu.tilta.com\/fr\/wp-json\/wp\/v2\/media\/2010341"}],"wp:attachment":[{"href":"https:\/\/eu.tilta.com\/fr\/wp-json\/wp\/v2\/media?parent=2012425"}],"wp:term":[{"taxonomy":"product_cat","embeddable":true,"href":"https:\/\/eu.tilta.com\/fr\/wp-json\/wp\/v2\/product_cat?post=2012425"},{"taxonomy":"product_tag","embeddable":true,"href":"https:\/\/eu.tilta.com\/fr\/wp-json\/wp\/v2\/product_tag?post=2012425"}],"curies":[{"name":"wp","href":"https:\/\/api.w.org\/{rel}","templated":true}]}}