{"id":2012448,"date":"2024-09-25T11:44:53","date_gmt":"2024-09-25T09:44:53","guid":{"rendered":"https:\/\/eu.tilta.com\/shop\/cable-dextension-usb-c-male-femelle-50-cm\/"},"modified":"2025-12-05T13:51:29","modified_gmt":"2025-12-05T12:51:29","slug":"usb-c-male-to-female-extension-cable-50cm","status":"publish","type":"product","link":"https:\/\/eu.tilta.com\/fr\/shop\/usb-c-male-to-female-extension-cable-50cm\/","title":{"rendered":"C\u00e2ble d&#8217;extension USB-C m\u00e2le-femelle (50 cm)"},"content":{"rendered":"<p>Ce c\u00e2ble d&#8217;extension USB-C m\u00e2le-femelle peut \u00eatre utilis\u00e9 pour \u00e9tendre la poign\u00e9e lat\u00e9rale du Canon C400 et avoir un acc\u00e8s complet \u00e0 ses commandes sans qu&#8217;elle soit directement mont\u00e9e sur le bo\u00eetier de l&#8217;appareil photo.<\/p>\n<p>Il peut \u00eatre utilis\u00e9 avec un bras d&#8217;extension de rosette pour une configuration de plate-forme d&#8217;\u00e9paule ou pour une vari\u00e9t\u00e9 de configurations diff\u00e9rentes.<\/p>\n","protected":false},"excerpt":{"rendered":"<p>Ce c\u00e2ble d&#8217;extension USB-C m\u00e2le-femelle peut \u00eatre utilis\u00e9 pour \u00e9tendre la poign\u00e9e lat\u00e9rale du Canon C400 et avoir un acc\u00e8s complet \u00e0 ses commandes sans qu&#8217;elle soit directement mont\u00e9e sur le bo\u00eetier de l&#8217;appareil photo. Il peut \u00eatre utilis\u00e9 avec [&hellip;]<\/p>\n","protected":false},"featured_media":2010332,"comment_status":"open","ping_status":"closed","template":"","meta":[],"product_cat":[3233],"product_tag":[],"acf":[],"gallery_images":[],"_links":{"self":[{"href":"https:\/\/eu.tilta.com\/fr\/wp-json\/wp\/v2\/product\/2012448"}],"collection":[{"href":"https:\/\/eu.tilta.com\/fr\/wp-json\/wp\/v2\/product"}],"about":[{"href":"https:\/\/eu.tilta.com\/fr\/wp-json\/wp\/v2\/types\/product"}],"replies":[{"embeddable":true,"href":"https:\/\/eu.tilta.com\/fr\/wp-json\/wp\/v2\/comments?post=2012448"}],"wp:featuredmedia":[{"embeddable":true,"href":"https:\/\/eu.tilta.com\/fr\/wp-json\/wp\/v2\/media\/2010332"}],"wp:attachment":[{"href":"https:\/\/eu.tilta.com\/fr\/wp-json\/wp\/v2\/media?parent=2012448"}],"wp:term":[{"taxonomy":"product_cat","embeddable":true,"href":"https:\/\/eu.tilta.com\/fr\/wp-json\/wp\/v2\/product_cat?post=2012448"},{"taxonomy":"product_tag","embeddable":true,"href":"https:\/\/eu.tilta.com\/fr\/wp-json\/wp\/v2\/product_tag?post=2012448"}],"curies":[{"name":"wp","href":"https:\/\/api.w.org\/{rel}","templated":true}]}}