{"id":2012449,"date":"2024-09-26T05:25:48","date_gmt":"2024-09-26T03:25:48","guid":{"rendered":"https:\/\/eu.tilta.com\/shop\/cage-pour-canon-c400-pro-kit\/"},"modified":"2025-12-05T13:51:53","modified_gmt":"2025-12-05T12:51:53","slug":"camera-cage-for-canon-c400-pro-kit","status":"publish","type":"product","link":"https:\/\/eu.tilta.com\/fr\/shop\/camera-cage-for-canon-c400-pro-kit\/","title":{"rendered":"Cage pour Canon C400 Pro Kit"},"content":{"rendered":"<p><em>Am\u00e9liorez votre exp\u00e9rience cin\u00e9matographique avec la cage de cam\u00e9ra pour le kit Canon C400 Pro.<\/em><\/p>\n<p>Cette cage m\u00e9ticuleusement con\u00e7ue fournit une armure de protection pour le bo\u00eetier de l&#8217;appareil photo et permet aux utilisateurs de fixer diff\u00e9rents accessoires pour am\u00e9liorer la fonctionnalit\u00e9. Elle comporte plusieurs points de contact pour \u00e9viter tout d\u00e9placement pendant l&#8217;utilisation.<\/p>\n<p>Sa conception modulaire vous permet d&#8217;adapter votre installation \u00e0 vos besoins gr\u00e2ce \u00e0 des composants polyvalents, notamment une plaque sup\u00e9rieure, des bras lat\u00e9raux gauche et droit, une plaque inf\u00e9rieure et une plaque arri\u00e8re multifonctionnelle, tous amovibles pour des ajustements rapides.<\/p>\n<p>La plaque arri\u00e8re multifonctionnelle est une excellente option pour le montage de plaques de batterie l\u00e9g\u00e8res telles que notre plaque de batterie Mini V-Mount ainsi que d&#8217;autres accessoires. Les points de montage sur la cage compl\u00e8te comprennent : Rosette Arri, rail NATO, filetages 1\/4\u2033-20 et 3\/8\u2033-16, tous deux avec points de rep\u00e8re.<\/p>\n<p>La poign\u00e9e sup\u00e9rieure multifonctionnelle offre une prise confortable pour manipuler et utiliser l&#8217;appareil photo tout en offrant des points de fixation suppl\u00e9mentaires pour les accessoires. Con\u00e7u pour d\u00e9gager la poign\u00e9e sup\u00e9rieure d&#8217;origine de Canon, ce kit comprend une plaque sup\u00e9rieure alternative qui peut \u00eatre utilis\u00e9e pour d\u00e9gager l&#8217;espace n\u00e9cessaire \u00e0 cette poign\u00e9e.<\/p>\n<p>Cette plaque de base compatible avec le Sony VCT-U14 permet aux utilisateurs de fixer divers accessoires via des tiges LWS de 15 mm \u00e0 l&#8217;avant de la plaque de base. Elle est dot\u00e9e d&#8217;une \u00e9pauli\u00e8re ergonomique qui permet aux utilisateurs de passer rapidement d&#8217;une configuration sur tr\u00e9pied \u00e0 une configuration sur \u00e9pauli\u00e8re.<\/p>\n<p>Il est \u00e9galement \u00e9quip\u00e9 de rosettes Arri, qui peuvent \u00eatre utilis\u00e9es avec le bras d&#8217;extension de rosette et le c\u00e2ble inclus pour monter la poign\u00e9e lat\u00e9rale du Canon C400 et avoir un acc\u00e8s complet \u00e0 ses commandes dans une configuration de montage \u00e0 l&#8217;\u00e9paule.<\/p>\n<p>La plaque de batterie incluse dispose d&#8217;une entr\u00e9e et de sorties USB-C PD ainsi que de sorties P-Tap et d&#8217;une sortie \u00e0 2 broches. La plaque est dot\u00e9e d&#8217;un support pivotant qui permet aux utilisateurs d&#8217;acc\u00e9der facilement aux batteries embarqu\u00e9es de l&#8217;appareil photo, ce qui en fait une excellente option pour l&#8217;\u00e9change \u00e0 chaud.<\/p>\n","protected":false},"excerpt":{"rendered":"<p>Am\u00e9liorez votre exp\u00e9rience cin\u00e9matographique avec la cage de cam\u00e9ra pour le kit Canon C400 Pro. Cette cage m\u00e9ticuleusement con\u00e7ue fournit une armure de protection pour le bo\u00eetier de l&#8217;appareil photo et permet aux utilisateurs de fixer diff\u00e9rents accessoires pour am\u00e9liorer [&hellip;]<\/p>\n","protected":false},"featured_media":2010656,"comment_status":"open","ping_status":"closed","template":"","meta":[],"product_cat":[3233],"product_tag":[],"acf":[],"gallery_images":[2010650,2010644,2010638,2010509,2010474,2010503],"_links":{"self":[{"href":"https:\/\/eu.tilta.com\/fr\/wp-json\/wp\/v2\/product\/2012449"}],"collection":[{"href":"https:\/\/eu.tilta.com\/fr\/wp-json\/wp\/v2\/product"}],"about":[{"href":"https:\/\/eu.tilta.com\/fr\/wp-json\/wp\/v2\/types\/product"}],"replies":[{"embeddable":true,"href":"https:\/\/eu.tilta.com\/fr\/wp-json\/wp\/v2\/comments?post=2012449"}],"wp:featuredmedia":[{"embeddable":true,"href":"https:\/\/eu.tilta.com\/fr\/wp-json\/wp\/v2\/media\/2010656"}],"wp:attachment":[{"href":"https:\/\/eu.tilta.com\/fr\/wp-json\/wp\/v2\/media?parent=2012449"}],"wp:term":[{"taxonomy":"product_cat","embeddable":true,"href":"https:\/\/eu.tilta.com\/fr\/wp-json\/wp\/v2\/product_cat?post=2012449"},{"taxonomy":"product_tag","embeddable":true,"href":"https:\/\/eu.tilta.com\/fr\/wp-json\/wp\/v2\/product_tag?post=2012449"}],"curies":[{"name":"wp","href":"https:\/\/api.w.org\/{rel}","templated":true}]}}