{"id":2013313,"date":"2024-11-19T08:37:01","date_gmt":"2024-11-19T07:37:01","guid":{"rendered":"https:\/\/eu.tilta.com\/shop\/cable-usb-c-a-angle-droit-pour-le-hub-usb-c-de-khronos-18-cm\/"},"modified":"2026-04-15T03:52:01","modified_gmt":"2026-04-15T01:52:01","slug":"right-angle-usb-c-cable-for-khronos-usb-c-hub-18-cm","status":"publish","type":"product","link":"https:\/\/eu.tilta.com\/fr\/shop\/right-angle-usb-c-cable-for-khronos-usb-c-hub-18-cm\/","title":{"rendered":"C\u00e2ble USB-C \u00e0 angle droit pour le hub USB-C de Khronos (18 cm)"},"content":{"rendered":"<p>C\u00e2ble USB-C \u00e0 angle droit pour le hub USB-C de Khronos (18 cm)<\/p>\n","protected":false},"excerpt":{"rendered":"<p>C\u00e2ble USB-C \u00e0 angle droit pour le hub USB-C de Khronos (18 cm)<\/p>\n","protected":false},"featured_media":2013306,"comment_status":"open","ping_status":"closed","template":"","meta":[],"product_cat":[3495,3348,4195],"product_tag":[],"acf":[],"gallery_images":[],"_links":{"self":[{"href":"https:\/\/eu.tilta.com\/fr\/wp-json\/wp\/v2\/product\/2013313"}],"collection":[{"href":"https:\/\/eu.tilta.com\/fr\/wp-json\/wp\/v2\/product"}],"about":[{"href":"https:\/\/eu.tilta.com\/fr\/wp-json\/wp\/v2\/types\/product"}],"replies":[{"embeddable":true,"href":"https:\/\/eu.tilta.com\/fr\/wp-json\/wp\/v2\/comments?post=2013313"}],"wp:featuredmedia":[{"embeddable":true,"href":"https:\/\/eu.tilta.com\/fr\/wp-json\/wp\/v2\/media\/2013306"}],"wp:attachment":[{"href":"https:\/\/eu.tilta.com\/fr\/wp-json\/wp\/v2\/media?parent=2013313"}],"wp:term":[{"taxonomy":"product_cat","embeddable":true,"href":"https:\/\/eu.tilta.com\/fr\/wp-json\/wp\/v2\/product_cat?post=2013313"},{"taxonomy":"product_tag","embeddable":true,"href":"https:\/\/eu.tilta.com\/fr\/wp-json\/wp\/v2\/product_tag?post=2013313"}],"curies":[{"name":"wp","href":"https:\/\/api.w.org\/{rel}","templated":true}]}}