{"id":2013320,"date":"2024-11-15T11:34:54","date_gmt":"2024-11-15T10:34:54","guid":{"rendered":"https:\/\/eu.tilta.com\/shop\/etui-en-cuir-pour-sony-zv-e10-ii-vert\/"},"modified":"2025-12-05T13:52:06","modified_gmt":"2025-12-05T12:52:06","slug":"leather-camera-case-for-sony-zv-e10-ii-green","status":"publish","type":"product","link":"https:\/\/eu.tilta.com\/fr\/shop\/leather-camera-case-for-sony-zv-e10-ii-green\/","title":{"rendered":"Etui en cuir pour Sony ZV-E10 II &#8211; Vert"},"content":{"rendered":"<p>Pr\u00e9sentation de l&#8217;\u00e9tui en cuir pour Sony ZV-E10 II<\/p>\n<p>Cet \u00e9tui se monte \u00e0 l&#8217;aide d&#8217;une vis 1\/4\u2033-20 et permet aux utilisateurs de manipuler plus confortablement le bo\u00eetier de l&#8217;appareil photo gr\u00e2ce \u00e0 la poign\u00e9e int\u00e9gr\u00e9e.<\/p>\n<p>Le design offre \u00e9galement une protection suppl\u00e9mentaire pour le bas du bo\u00eetier de l&#8217;appareil photo, ce qui est particuli\u00e8rement utile lorsque vous posez l&#8217;appareil photo.<\/p>\n<p>Un petit rabat sur le fond permet d&#8217;acc\u00e9der facilement au compartiment des piles.<\/p>\n","protected":false},"excerpt":{"rendered":"<p>Pr\u00e9sentation de l&#8217;\u00e9tui en cuir pour Sony ZV-E10 II Cet \u00e9tui se monte \u00e0 l&#8217;aide d&#8217;une vis 1\/4\u2033-20 et permet aux utilisateurs de manipuler plus confortablement le bo\u00eetier de l&#8217;appareil photo gr\u00e2ce \u00e0 la poign\u00e9e int\u00e9gr\u00e9e. Le design offre \u00e9galement [&hellip;]<\/p>\n","protected":false},"featured_media":2012978,"comment_status":"open","ping_status":"closed","template":"","meta":[],"product_cat":[3291],"product_tag":[],"acf":[],"gallery_images":[2012930,2012942,2012954,2012984],"_links":{"self":[{"href":"https:\/\/eu.tilta.com\/fr\/wp-json\/wp\/v2\/product\/2013320"}],"collection":[{"href":"https:\/\/eu.tilta.com\/fr\/wp-json\/wp\/v2\/product"}],"about":[{"href":"https:\/\/eu.tilta.com\/fr\/wp-json\/wp\/v2\/types\/product"}],"replies":[{"embeddable":true,"href":"https:\/\/eu.tilta.com\/fr\/wp-json\/wp\/v2\/comments?post=2013320"}],"wp:featuredmedia":[{"embeddable":true,"href":"https:\/\/eu.tilta.com\/fr\/wp-json\/wp\/v2\/media\/2012978"}],"wp:attachment":[{"href":"https:\/\/eu.tilta.com\/fr\/wp-json\/wp\/v2\/media?parent=2013320"}],"wp:term":[{"taxonomy":"product_cat","embeddable":true,"href":"https:\/\/eu.tilta.com\/fr\/wp-json\/wp\/v2\/product_cat?post=2013320"},{"taxonomy":"product_tag","embeddable":true,"href":"https:\/\/eu.tilta.com\/fr\/wp-json\/wp\/v2\/product_tag?post=2013320"}],"curies":[{"name":"wp","href":"https:\/\/api.w.org\/{rel}","templated":true}]}}