{"id":2013323,"date":"2024-11-18T11:41:05","date_gmt":"2024-11-18T10:41:05","guid":{"rendered":"https:\/\/eu.tilta.com\/shop\/recepteur-sans-fil-nucleus-2-4g-de-khronos\/"},"modified":"2025-12-05T13:52:35","modified_gmt":"2025-12-05T12:52:35","slug":"khronos-2-4g-nucleus-wireless-receiver","status":"publish","type":"product","link":"https:\/\/eu.tilta.com\/fr\/shop\/khronos-2-4g-nucleus-wireless-receiver\/","title":{"rendered":"R\u00e9cepteur sans fil Nucleus 2.4G de Khronos"},"content":{"rendered":"<p><em>Pr\u00e9sentation du r\u00e9cepteur sans fil Nucleus 2.4G de Khronos<\/em><\/p>\n<p>Cet accessoire se monte via la connexion \u00e0 d\u00e9gagement rapide que l&#8217;on trouve sur notre \u00e9tui Khronos pour iPhone et se connecte \u00e0 l&#8217;iPhone 15 Pro et Pro Max via un c\u00e2ble USB-C inclus.<\/p>\n<p>Les utilisateurs peuvent ensuite coupler un volant Nucleus Nano II via 2.4G afin de contr\u00f4ler la mise au point et le zoom via l&#8217;application Black Magic.<\/p>\n<p>Cela permet de cr\u00e9er une connexion nettement plus fiable et plus s\u00fbre pour la mise au point, tout en augmentant la distance de fonctionnement de l&#8217;appareil jusqu&#8217;\u00e0 164 pieds.<\/p>\n","protected":false},"excerpt":{"rendered":"<p>Pr\u00e9sentation du r\u00e9cepteur sans fil Nucleus 2.4G de Khronos Cet accessoire se monte via la connexion \u00e0 d\u00e9gagement rapide que l&#8217;on trouve sur notre \u00e9tui Khronos pour iPhone et se connecte \u00e0 l&#8217;iPhone 15 Pro et Pro Max via un [&hellip;]<\/p>\n","protected":false},"featured_media":2013273,"comment_status":"open","ping_status":"closed","template":"","meta":[],"product_cat":[3495,3348],"product_tag":[],"acf":[],"gallery_images":[2013266,2013260,2013254,2013248,2013242],"_links":{"self":[{"href":"https:\/\/eu.tilta.com\/fr\/wp-json\/wp\/v2\/product\/2013323"}],"collection":[{"href":"https:\/\/eu.tilta.com\/fr\/wp-json\/wp\/v2\/product"}],"about":[{"href":"https:\/\/eu.tilta.com\/fr\/wp-json\/wp\/v2\/types\/product"}],"replies":[{"embeddable":true,"href":"https:\/\/eu.tilta.com\/fr\/wp-json\/wp\/v2\/comments?post=2013323"}],"wp:featuredmedia":[{"embeddable":true,"href":"https:\/\/eu.tilta.com\/fr\/wp-json\/wp\/v2\/media\/2013273"}],"wp:attachment":[{"href":"https:\/\/eu.tilta.com\/fr\/wp-json\/wp\/v2\/media?parent=2013323"}],"wp:term":[{"taxonomy":"product_cat","embeddable":true,"href":"https:\/\/eu.tilta.com\/fr\/wp-json\/wp\/v2\/product_cat?post=2013323"},{"taxonomy":"product_tag","embeddable":true,"href":"https:\/\/eu.tilta.com\/fr\/wp-json\/wp\/v2\/product_tag?post=2013323"}],"curies":[{"name":"wp","href":"https:\/\/api.w.org\/{rel}","templated":true}]}}