{"id":2013325,"date":"2024-11-15T11:24:00","date_gmt":"2024-11-15T10:24:00","guid":{"rendered":"https:\/\/eu.tilta.com\/shop\/plaque-inferieure-arca-pour-sony-zv-e10-ii-noir\/"},"modified":"2025-12-05T13:52:22","modified_gmt":"2025-12-05T12:52:22","slug":"arca-bottom-plate-for-sony-zv-e10-ii-black","status":"publish","type":"product","link":"https:\/\/eu.tilta.com\/fr\/shop\/arca-bottom-plate-for-sony-zv-e10-ii-black\/","title":{"rendered":"Plaque inf\u00e9rieure Arca pour Sony ZV-E10 II &#8211; Noir"},"content":{"rendered":"<p><em>Pr\u00e9sentation de la plaque inf\u00e9rieure Arca pour Sony ZV-E10 II  <\/em><\/p>\n<p>Cette plaque de base prend en charge quelques accessoires externes tout en conservant un faible encombrement gr\u00e2ce \u00e0 un filetage \u00bc&#8221;-20 et \u00e0 un r\u00e9cepteur de griffe froide.<\/p>\n<p>Un filetage 1\/4\u2033-20 bien situ\u00e9 avec des points de positionnement se trouve sur le c\u00f4t\u00e9, ce qui permet aux utilisateurs de prendre facilement des photos en configuration verticale lorsqu&#8217;ils utilisent un tr\u00e9pied.<\/p>\n<p>La base de cette plaque est la plaque inf\u00e9rieure ARCA-Swiss qui permet aux utilisateurs de passer rapidement d&#8217;une t\u00eate de tr\u00e9pied \u00e0 une cardan comme le DJI Ronin RS4 Pro.<\/p>\n<p>Le design minimaliste de cette plaque de base permet un acc\u00e8s ininterrompu aux ports de l&#8217;appareil photo, aux boutons de l&#8217;utilisateur et au compartiment de la batterie sans qu&#8217;il soit n\u00e9cessaire de retirer l&#8217;accessoire.<\/p>\n","protected":false},"excerpt":{"rendered":"<p>Pr\u00e9sentation de la plaque inf\u00e9rieure Arca pour Sony ZV-E10 II Cette plaque de base prend en charge quelques accessoires externes tout en conservant un faible encombrement gr\u00e2ce \u00e0 un filetage \u00bc&#8221;-20 et \u00e0 un r\u00e9cepteur de griffe froide. Un filetage [&hellip;]<\/p>\n","protected":false},"featured_media":2012911,"comment_status":"open","ping_status":"closed","template":"","meta":[],"product_cat":[3291],"product_tag":[],"acf":[],"gallery_images":[2012893,2012899,2012905,2012784,2012778],"_links":{"self":[{"href":"https:\/\/eu.tilta.com\/fr\/wp-json\/wp\/v2\/product\/2013325"}],"collection":[{"href":"https:\/\/eu.tilta.com\/fr\/wp-json\/wp\/v2\/product"}],"about":[{"href":"https:\/\/eu.tilta.com\/fr\/wp-json\/wp\/v2\/types\/product"}],"replies":[{"embeddable":true,"href":"https:\/\/eu.tilta.com\/fr\/wp-json\/wp\/v2\/comments?post=2013325"}],"wp:featuredmedia":[{"embeddable":true,"href":"https:\/\/eu.tilta.com\/fr\/wp-json\/wp\/v2\/media\/2012911"}],"wp:attachment":[{"href":"https:\/\/eu.tilta.com\/fr\/wp-json\/wp\/v2\/media?parent=2013325"}],"wp:term":[{"taxonomy":"product_cat","embeddable":true,"href":"https:\/\/eu.tilta.com\/fr\/wp-json\/wp\/v2\/product_cat?post=2013325"},{"taxonomy":"product_tag","embeddable":true,"href":"https:\/\/eu.tilta.com\/fr\/wp-json\/wp\/v2\/product_tag?post=2013325"}],"curies":[{"name":"wp","href":"https:\/\/api.w.org\/{rel}","templated":true}]}}