{"id":2013327,"date":"2024-11-18T09:41:26","date_gmt":"2024-11-18T08:41:26","guid":{"rendered":"https:\/\/eu.tilta.com\/shop\/tete-antichoc-pour-hydra-alien-mini-gris-titane\/"},"modified":"2025-12-05T13:52:23","modified_gmt":"2025-12-05T12:52:23","slug":"shock-absorbing-head-for-hydra-alien-mini-titanium-grey","status":"publish","type":"product","link":"https:\/\/eu.tilta.com\/fr\/shop\/shock-absorbing-head-for-hydra-alien-mini-titanium-grey\/","title":{"rendered":"T\u00eate antichoc pour Hydra Alien Mini &#8211; Gris titane"},"content":{"rendered":"<div class=\"overview-text\">\n<p><em>Pr\u00e9sentation de la t\u00eate antichoc pour Hydra Alien Mini<\/em><\/p>\n<p>Cet accessoire se monte sur le bras de la Hydra Alien Mini via l&#8217;OTAN et fournit une option de montage absorbant les chocs pour la DJI Osmo Pocket 3.<\/p>\n<p>Cela permet de r\u00e9duire les micro-vibrations que le bras et le cardan qui absorbent les chocs peuvent avoir du mal \u00e0 supporter.<\/p>\n<p>Cette fonction est particuli\u00e8rement utile lorsque vous utilisez le syst\u00e8me sur un terrain accident\u00e9, car elle permet de produire une image plus lisse.<\/p>\n<\/div>\n","protected":false},"excerpt":{"rendered":"<p>Pr\u00e9sentation de la t\u00eate antichoc pour Hydra Alien Mini Cet accessoire se monte sur le bras de la Hydra Alien Mini via l&#8217;OTAN et fournit une option de montage absorbant les chocs pour la DJI Osmo Pocket 3. Cela permet [&hellip;]<\/p>\n","protected":false},"featured_media":2013175,"comment_status":"open","ping_status":"closed","template":"","meta":[],"product_cat":[3262],"product_tag":[],"acf":[],"gallery_images":[2013168,2013162,2013156,2013150,2013144],"_links":{"self":[{"href":"https:\/\/eu.tilta.com\/fr\/wp-json\/wp\/v2\/product\/2013327"}],"collection":[{"href":"https:\/\/eu.tilta.com\/fr\/wp-json\/wp\/v2\/product"}],"about":[{"href":"https:\/\/eu.tilta.com\/fr\/wp-json\/wp\/v2\/types\/product"}],"replies":[{"embeddable":true,"href":"https:\/\/eu.tilta.com\/fr\/wp-json\/wp\/v2\/comments?post=2013327"}],"wp:featuredmedia":[{"embeddable":true,"href":"https:\/\/eu.tilta.com\/fr\/wp-json\/wp\/v2\/media\/2013175"}],"wp:attachment":[{"href":"https:\/\/eu.tilta.com\/fr\/wp-json\/wp\/v2\/media?parent=2013327"}],"wp:term":[{"taxonomy":"product_cat","embeddable":true,"href":"https:\/\/eu.tilta.com\/fr\/wp-json\/wp\/v2\/product_cat?post=2013327"},{"taxonomy":"product_tag","embeddable":true,"href":"https:\/\/eu.tilta.com\/fr\/wp-json\/wp\/v2\/product_tag?post=2013327"}],"curies":[{"name":"wp","href":"https:\/\/api.w.org\/{rel}","templated":true}]}}