{"id":2013336,"date":"2024-11-15T11:08:04","date_gmt":"2024-11-15T10:08:04","guid":{"rendered":"https:\/\/eu.tilta.com\/shop\/cage-de-protection-pour-sony-zv-e10-ii-noir\/"},"modified":"2025-12-05T13:52:27","modified_gmt":"2025-12-05T12:52:27","slug":"full-camera-cage-for-sony-zv-e10-ii-black","status":"publish","type":"product","link":"https:\/\/eu.tilta.com\/fr\/shop\/full-camera-cage-for-sony-zv-e10-ii-black\/","title":{"rendered":"Cage de protection pour Sony ZV-E10 II &#8211; Noir"},"content":{"rendered":"<p><em>Pr\u00e9sentation de la cage de cam\u00e9ra compl\u00e8te pour le Sony ZV-E10 II<\/em><\/p>\n<p>Cette cage sert de protection suppl\u00e9mentaire pour le bo\u00eetier de votre appareil photo tout en accueillant une large gamme d&#8217;accessoires externes gr\u00e2ce \u00e0 de multiples options de montage, y compris un r\u00e9cepteur Cold Shoe, un rail NATO et des filetages \u00bc&#8221;-20 avec des points de rep\u00e8re.<\/p>\n<p>La plaque inf\u00e9rieure ARCA assure une compatibilit\u00e9 facile avec les r\u00e9cepteurs ARCA tels que ceux que vous pouvez trouver sur nos tr\u00e9pieds, ainsi qu&#8217;avec les gimbals de la s\u00e9rie S de Ronin.<\/p>\n<p>Cette cage pr\u00e9sente un nouveau design qui permet d&#8217;enlever les trois points de montage principaux lorsqu&#8217;ils ne sont pas n\u00e9cessaires. Les plaques de montage NATO, Cold Shoe et ARCA sont toutes d\u00e9tachables.<\/p>\n<p>Nous avons inclus une poign\u00e9e int\u00e9gr\u00e9e en silicone qui \u00e9pouse la courbe de la paume de la main, ce qui rend l&#8217;appareil plus confortable \u00e0 utiliser \u00e0 la main qu&#8217;une cage \u00e0 cam\u00e9ra traditionnelle.<\/p>\n<p>La cage permet toujours d&#8217;acc\u00e9der facilement \u00e0 toutes les fonctions essentielles de l&#8217;appareil photo, ce qui vous permet de conserver un acc\u00e8s ininterrompu aux ports de l&#8217;appareil photo, aux boutons de l&#8217;utilisateur et au compartiment de la batterie sans avoir \u00e0 retirer la cage.<\/p>\n<p>Am\u00e9liorez votre jeu vid\u00e9o avec la cage de cam\u00e9ra compl\u00e8te pour Sony ZV-E10 II et lib\u00e9rez le v\u00e9ritable potentiel de votre cam\u00e9ra.<\/p>\n","protected":false},"excerpt":{"rendered":"<p>Pr\u00e9sentation de la cage de cam\u00e9ra compl\u00e8te pour le Sony ZV-E10 II Cette cage sert de protection suppl\u00e9mentaire pour le bo\u00eetier de votre appareil photo tout en accueillant une large gamme d&#8217;accessoires externes gr\u00e2ce \u00e0 de multiples options de montage, [&hellip;]<\/p>\n","protected":false},"featured_media":2012772,"comment_status":"open","ping_status":"closed","template":"","meta":[],"product_cat":[3291],"product_tag":[],"acf":[],"gallery_images":[2012796,2012802,2012808,2012790,2012784,2012778],"_links":{"self":[{"href":"https:\/\/eu.tilta.com\/fr\/wp-json\/wp\/v2\/product\/2013336"}],"collection":[{"href":"https:\/\/eu.tilta.com\/fr\/wp-json\/wp\/v2\/product"}],"about":[{"href":"https:\/\/eu.tilta.com\/fr\/wp-json\/wp\/v2\/types\/product"}],"replies":[{"embeddable":true,"href":"https:\/\/eu.tilta.com\/fr\/wp-json\/wp\/v2\/comments?post=2013336"}],"wp:featuredmedia":[{"embeddable":true,"href":"https:\/\/eu.tilta.com\/fr\/wp-json\/wp\/v2\/media\/2012772"}],"wp:attachment":[{"href":"https:\/\/eu.tilta.com\/fr\/wp-json\/wp\/v2\/media?parent=2013336"}],"wp:term":[{"taxonomy":"product_cat","embeddable":true,"href":"https:\/\/eu.tilta.com\/fr\/wp-json\/wp\/v2\/product_cat?post=2013336"},{"taxonomy":"product_tag","embeddable":true,"href":"https:\/\/eu.tilta.com\/fr\/wp-json\/wp\/v2\/product_tag?post=2013336"}],"curies":[{"name":"wp","href":"https:\/\/api.w.org\/{rel}","templated":true}]}}