{"id":2013352,"date":"2024-11-04T08:27:05","date_gmt":"2024-11-04T07:27:05","guid":{"rendered":"https:\/\/eu.tilta.com\/shop\/extension-de-hauteur-pour-le-trepied-a-tete-spherique-de-table-tilta\/"},"modified":"2025-12-05T13:53:11","modified_gmt":"2025-12-05T12:53:11","slug":"height-extension-for-tilta-tabletop-ball-head-tripod","status":"publish","type":"product","link":"https:\/\/eu.tilta.com\/fr\/shop\/height-extension-for-tilta-tabletop-ball-head-tripod\/","title":{"rendered":"Extension de hauteur pour le tr\u00e9pied \u00e0 t\u00eate sph\u00e9rique de table Tilta"},"content":{"rendered":"<p>Cette extension de hauteur pour le tr\u00e9pied \u00e0 t\u00eate sph\u00e9rique de table Tilta permet aux utilisateurs d&#8217;augmenter la hauteur de leur tr\u00e9pied jusqu&#8217;\u00e0 21,9\u2033.<\/p>\n<p>Ce support d&#8217;extension est facile \u00e0 installer : il suffit de le visser aux jambes et \u00e0 la t\u00eate sph\u00e9rique du tr\u00e9pied.<\/p>\n<p>Cet accessoire est \u00e9galement tr\u00e8s l\u00e9ger, ce qui signifie qu&#8217;il peut \u00eatre facilement transport\u00e9 pendant les voyages afin que vous puissiez l&#8217;utiliser en cas de besoin.<\/p>\n","protected":false},"excerpt":{"rendered":"<p>Cette extension de hauteur pour le tr\u00e9pied \u00e0 t\u00eate sph\u00e9rique de table Tilta permet aux utilisateurs d&#8217;augmenter la hauteur de leur tr\u00e9pied jusqu&#8217;\u00e0 21,9\u2033. Ce support d&#8217;extension est facile \u00e0 installer : il suffit de le visser aux jambes et [&hellip;]<\/p>\n","protected":false},"featured_media":2012475,"comment_status":"open","ping_status":"closed","template":"","meta":[],"product_cat":[3301],"product_tag":[],"acf":[],"gallery_images":[2012469,2012463],"_links":{"self":[{"href":"https:\/\/eu.tilta.com\/fr\/wp-json\/wp\/v2\/product\/2013352"}],"collection":[{"href":"https:\/\/eu.tilta.com\/fr\/wp-json\/wp\/v2\/product"}],"about":[{"href":"https:\/\/eu.tilta.com\/fr\/wp-json\/wp\/v2\/types\/product"}],"replies":[{"embeddable":true,"href":"https:\/\/eu.tilta.com\/fr\/wp-json\/wp\/v2\/comments?post=2013352"}],"wp:featuredmedia":[{"embeddable":true,"href":"https:\/\/eu.tilta.com\/fr\/wp-json\/wp\/v2\/media\/2012475"}],"wp:attachment":[{"href":"https:\/\/eu.tilta.com\/fr\/wp-json\/wp\/v2\/media?parent=2013352"}],"wp:term":[{"taxonomy":"product_cat","embeddable":true,"href":"https:\/\/eu.tilta.com\/fr\/wp-json\/wp\/v2\/product_cat?post=2013352"},{"taxonomy":"product_tag","embeddable":true,"href":"https:\/\/eu.tilta.com\/fr\/wp-json\/wp\/v2\/product_tag?post=2013352"}],"curies":[{"name":"wp","href":"https:\/\/api.w.org\/{rel}","templated":true}]}}