{"id":2017676,"date":"2025-01-08T03:02:49","date_gmt":"2025-01-08T02:02:49","guid":{"rendered":"https:\/\/eu.tilta.com\/shop\/kit-portable-khronos-iphone-16-pro-pro-max\/"},"modified":"2026-04-15T03:52:29","modified_gmt":"2026-04-15T01:52:29","slug":"khronos-iphone-16-pro-pro-max-handheld-kit","status":"publish","type":"product","link":"https:\/\/eu.tilta.com\/fr\/shop\/khronos-iphone-16-pro-pro-max-handheld-kit\/","title":{"rendered":"Kit portable Khronos iPhone 16 Pro \/ Pro Max"},"content":{"rendered":"<div class=\"overview-text\">\n<p>Le Khronos Handheld Kit pour iPhone 16 Pro \/ Pro Max est la nouvelle g\u00e9n\u00e9ration de films mobiles.<\/p>\n<p>Con\u00e7ue avec soin pour les deux mod\u00e8les d&#8217;iPhone 16, cette coque pour smartphone inspir\u00e9e de la cage de l&#8217;appareil photo offre un m\u00e9lange in\u00e9gal\u00e9 de fonctionnalit\u00e9 et d&#8217;\u00e9l\u00e9gance. Con\u00e7u pour prot\u00e9ger votre t\u00e9l\u00e9phone de l&#8217;usure quotidienne, l&#8217;\u00e9tui Khronos offre une protection fiable sans compromettre le style ou la fonctionnalit\u00e9.<\/p>\n<p>L&#8217;installation est plus facile que jamais, car cet \u00e9tui actualis\u00e9 est dot\u00e9 d&#8217;un syst\u00e8me d&#8217;encliquetage \u00e0 d\u00e9gagement rapide, permettant aux utilisateurs d&#8217;installer ou de retirer l&#8217;\u00e9tui rapidement tout en s&#8217;assurant que tous les accessoires connect\u00e9s restent solidement attach\u00e9s. Le bo\u00eetier Khronos comporte des points de contact \u00e9lectroniques int\u00e9gr\u00e9s, ce qui vous permet de faire passer du courant \u00e0 travers la cage pour alimenter vos accessoires.<\/p>\n<p>La nouveaut\u00e9 de l&#8217;iPhone 16 est la barre tactile de contr\u00f4le de l&#8217;appareil photo qui permet aux utilisateurs d&#8217;acc\u00e9der \u00e0 toutes les fonctionnalit\u00e9s de la barre tactile de l&#8217;iPhone 16.<\/p>\n<p>Le kit portable comprend la <a href=\"https:\/\/eu.tilta.com\/shop\/khronos-focus-pd-handle-for-iphone\/\">poign\u00e9e Focus PD de Khronos<\/a> qui fournit une puissance suppl\u00e9mentaire \u00e0 votre syst\u00e8me et offre un meilleur contr\u00f4le sur les fonctions de mise au point et de zoom de l&#8217;iPhone. Cette poign\u00e9e utilise le m\u00eame m\u00e9canisme innovant de pince de verrouillage que les autres accessoires Khronos et dispose d&#8217;une batterie interne qui peut \u00eatre recharg\u00e9e via USB-C.<\/p>\n<p>La poign\u00e9e se connecte \u00e0 un iPhone 16 via un c\u00e2ble USB-C int\u00e9gr\u00e9 et utilise le bluetooth pour contr\u00f4ler la mise au point ou le zoom via la molette situ\u00e9e \u00e0 l&#8217;avant de la poign\u00e9e. Le bouton d&#8217;enregistrement garantit que les utilisateurs n&#8217;ont pas besoin de l\u00e2cher la poign\u00e9e pour commencer l&#8217;enregistrement.<\/p>\n<p>Le <a href=\"https:\/\/eu.tilta.com\/shop\/khronos-quick-release-filter-tray-for-iphone-16-series\/\">plateau \u00e0 filtres<\/a> se fixe facilement \u00e0 l&#8217;\u00e9tui Khronos gr\u00e2ce \u00e0 une connexion magn\u00e9tique s\u00e9curis\u00e9e et dispose d&#8217;une monture pivotante qui permet au plateau de se mettre en place sur les trois objectifs de l&#8217;iPhone 15 Pro\/Pro Max.<\/p>\n<p>Les <a href=\"https:\/\/eu.tilta.com\/shop\/khronos-quick-release-filter-tray-for-iphone-0-6\/\">filtres ND<\/a> inclus offrent un meilleur contr\u00f4le de l&#8217;exposition en permettant aux utilisateurs de r\u00e9duire la lumi\u00e8re visible par le capteur, ce qui permet \u00e9galement de conserver une vitesse d&#8217;obturation constante lors de prises de vue dans des environnements plus lumineux comme la lumi\u00e8re du jour.<\/p>\n<p><b>REMARQUE : La poign\u00e9e Focus n\u00e9cessite un c\u00e2ble 3,5 mm TRS vers 3,5 mm TRRS afin d&#8217;utiliser des sources audio externes.  <\/b><\/p>\n<p><b>Les configurations verticales avec la poign\u00e9e Focus sont limit\u00e9es.  <\/b><\/p>\n<\/div>\n","protected":false},"excerpt":{"rendered":"<p>Le Khronos Handheld Kit pour iPhone 16 Pro \/ Pro Max est la nouvelle g\u00e9n\u00e9ration de films mobiles. Con\u00e7ue avec soin pour les deux mod\u00e8les d&#8217;iPhone 16, cette coque pour smartphone inspir\u00e9e de la cage de l&#8217;appareil photo offre un [&hellip;]<\/p>\n","protected":false},"featured_media":2017310,"comment_status":"open","ping_status":"closed","template":"","meta":[],"product_cat":[3348,4496,2418],"product_tag":[],"acf":[],"gallery_images":[2017304,2017298,2017292,2017286,2017280,2017274],"_links":{"self":[{"href":"https:\/\/eu.tilta.com\/fr\/wp-json\/wp\/v2\/product\/2017676"}],"collection":[{"href":"https:\/\/eu.tilta.com\/fr\/wp-json\/wp\/v2\/product"}],"about":[{"href":"https:\/\/eu.tilta.com\/fr\/wp-json\/wp\/v2\/types\/product"}],"replies":[{"embeddable":true,"href":"https:\/\/eu.tilta.com\/fr\/wp-json\/wp\/v2\/comments?post=2017676"}],"wp:featuredmedia":[{"embeddable":true,"href":"https:\/\/eu.tilta.com\/fr\/wp-json\/wp\/v2\/media\/2017310"}],"wp:attachment":[{"href":"https:\/\/eu.tilta.com\/fr\/wp-json\/wp\/v2\/media?parent=2017676"}],"wp:term":[{"taxonomy":"product_cat","embeddable":true,"href":"https:\/\/eu.tilta.com\/fr\/wp-json\/wp\/v2\/product_cat?post=2017676"},{"taxonomy":"product_tag","embeddable":true,"href":"https:\/\/eu.tilta.com\/fr\/wp-json\/wp\/v2\/product_tag?post=2017676"}],"curies":[{"name":"wp","href":"https:\/\/api.w.org\/{rel}","templated":true}]}}