{"id":2017712,"date":"2025-01-07T09:31:32","date_gmt":"2025-01-07T08:31:32","guid":{"rendered":"https:\/\/eu.tilta.com\/shop\/cage-a-camera-vintage-pour-fujifilm-x-t50-base-kit\/"},"modified":"2026-02-04T22:48:39","modified_gmt":"2026-02-04T21:48:39","slug":"vintage-camera-cage-for-fujifilm-x-t50-base-kit","status":"publish","type":"product","link":"https:\/\/eu.tilta.com\/fr\/shop\/vintage-camera-cage-for-fujifilm-x-t50-base-kit\/","title":{"rendered":"Cage \u00e0 cam\u00e9ra vintage pour Fujifilm X-T50 Base Kit"},"content":{"rendered":"<div class=\"overview-text\">\n<p>Voici la cage \u00e0 cam\u00e9ra vintage pour le kit de base Fujifilm X-T50<\/p>\n<p>Ce kit comprend quelques accessoires s\u00e9lectionn\u00e9s qui am\u00e9liorent les fonctionnalit\u00e9s du X-T50 tout en maintenant le syst\u00e8me l\u00e9ger et portable.<\/p>\n<p>La base de ce kit est un support en L avec une poign\u00e9e en bois de noyer, qui offre une mani\u00e8re plus confortable d&#8217;utiliser et de manipuler l&#8217;appareil photo.<\/p>\n<p>La poign\u00e9e \u00e0 griffes se monte sur la griffe de l&#8217;appareil photo et am\u00e9liore la stabilit\u00e9 \u00e0 main lev\u00e9e pour des prises de vue plus fluides.<\/p>\n<p>Les attaches de courroie en cuir v\u00e9ritable offrent un moyen plus pratique de connecter ou de retirer une courroie d&#8217;appareil photo au syst\u00e8me.<\/p>\n<p>La plaque inf\u00e9rieure peut facilement accueillir une plaque de fixation rapide ARCA qui permet au syst\u00e8me de se monter facilement sur les cardans de la s\u00e9rie S de Ronin ou sur des tr\u00e9pieds l\u00e9gers tels que notre <a href=\"https:\/\/eu.tilta.com\/shop\/tilta-vt05-travel-video-fluid-head-with-3-stage-carbon-fiber-tripod-legs-5kg\/\">tr\u00e9pied \u00e0 t\u00eate fluide de voyage VT-05<\/a>.<\/p>\n<\/div>\n","protected":false},"excerpt":{"rendered":"<p>Voici la cage \u00e0 cam\u00e9ra vintage pour le kit de base Fujifilm X-T50 Ce kit comprend quelques accessoires s\u00e9lectionn\u00e9s qui am\u00e9liorent les fonctionnalit\u00e9s du X-T50 tout en maintenant le syst\u00e8me l\u00e9ger et portable. La base de ce kit est un [&hellip;]<\/p>\n","protected":false},"featured_media":2016880,"comment_status":"open","ping_status":"closed","template":"","meta":[],"product_cat":[3362],"product_tag":[],"acf":[],"gallery_images":[2016874,2016868,2016862,2016856,2016850,2016844],"_links":{"self":[{"href":"https:\/\/eu.tilta.com\/fr\/wp-json\/wp\/v2\/product\/2017712"}],"collection":[{"href":"https:\/\/eu.tilta.com\/fr\/wp-json\/wp\/v2\/product"}],"about":[{"href":"https:\/\/eu.tilta.com\/fr\/wp-json\/wp\/v2\/types\/product"}],"replies":[{"embeddable":true,"href":"https:\/\/eu.tilta.com\/fr\/wp-json\/wp\/v2\/comments?post=2017712"}],"wp:featuredmedia":[{"embeddable":true,"href":"https:\/\/eu.tilta.com\/fr\/wp-json\/wp\/v2\/media\/2016880"}],"wp:attachment":[{"href":"https:\/\/eu.tilta.com\/fr\/wp-json\/wp\/v2\/media?parent=2017712"}],"wp:term":[{"taxonomy":"product_cat","embeddable":true,"href":"https:\/\/eu.tilta.com\/fr\/wp-json\/wp\/v2\/product_cat?post=2017712"},{"taxonomy":"product_tag","embeddable":true,"href":"https:\/\/eu.tilta.com\/fr\/wp-json\/wp\/v2\/product_tag?post=2017712"}],"curies":[{"name":"wp","href":"https:\/\/api.w.org\/{rel}","templated":true}]}}