{"id":2017750,"date":"2024-12-19T09:06:12","date_gmt":"2024-12-19T08:06:12","guid":{"rendered":"https:\/\/eu.tilta.com\/shop\/plaque-de-montage-avec-poignee-en-bois-pour-fujifilm-x100vi\/"},"modified":"2025-12-05T13:57:40","modified_gmt":"2025-12-05T12:57:40","slug":"mounting-baseplate-with-wooden-grip-for-fujifilm-x100vi","status":"publish","type":"product","link":"https:\/\/eu.tilta.com\/fr\/shop\/mounting-baseplate-with-wooden-grip-for-fujifilm-x100vi\/","title":{"rendered":"Plaque de montage avec poign\u00e9e en bois pour Fujifilm X100VI"},"content":{"rendered":"<p><em>Pr\u00e9sentation de la plaque de montage avec poign\u00e9e en bois pour Fujifilm X100VI<\/em><\/p>\n<p>Cet accessoire en forme de support en L est dot\u00e9 d&#8217;une poign\u00e9e en bois de noyer qui permet de manipuler l&#8217;appareil photo de mani\u00e8re plus confortable.<\/p>\n<p>La plaque inf\u00e9rieure peut facilement accueillir une plaque de fixation rapide ARCA (non incluse) qui permet au syst\u00e8me de se monter facilement sur les cardans de la s\u00e9rie S de Ronin ou sur des tr\u00e9pieds l\u00e9gers tels que notre <a href=\"https:\/\/eu.tilta.com\/shop\/tilta-travel-video-fluid-head-with-3-stage-carbon-fiber-tripod-legs-5kg\/\">tr\u00e9pied \u00e0 t\u00eate fluide de voyage VT-05<\/a>.<\/p>\n","protected":false},"excerpt":{"rendered":"<p>Pr\u00e9sentation de la plaque de montage avec poign\u00e9e en bois pour Fujifilm X100VI Cet accessoire en forme de support en L est dot\u00e9 d&#8217;une poign\u00e9e en bois de noyer qui permet de manipuler l&#8217;appareil photo de mani\u00e8re plus confortable. La [&hellip;]<\/p>\n","protected":false},"featured_media":2016050,"comment_status":"open","ping_status":"closed","template":"","meta":[],"product_cat":[3365],"product_tag":[],"acf":[],"gallery_images":[2016044],"_links":{"self":[{"href":"https:\/\/eu.tilta.com\/fr\/wp-json\/wp\/v2\/product\/2017750"}],"collection":[{"href":"https:\/\/eu.tilta.com\/fr\/wp-json\/wp\/v2\/product"}],"about":[{"href":"https:\/\/eu.tilta.com\/fr\/wp-json\/wp\/v2\/types\/product"}],"replies":[{"embeddable":true,"href":"https:\/\/eu.tilta.com\/fr\/wp-json\/wp\/v2\/comments?post=2017750"}],"wp:featuredmedia":[{"embeddable":true,"href":"https:\/\/eu.tilta.com\/fr\/wp-json\/wp\/v2\/media\/2016050"}],"wp:attachment":[{"href":"https:\/\/eu.tilta.com\/fr\/wp-json\/wp\/v2\/media?parent=2017750"}],"wp:term":[{"taxonomy":"product_cat","embeddable":true,"href":"https:\/\/eu.tilta.com\/fr\/wp-json\/wp\/v2\/product_cat?post=2017750"},{"taxonomy":"product_tag","embeddable":true,"href":"https:\/\/eu.tilta.com\/fr\/wp-json\/wp\/v2\/product_tag?post=2017750"}],"curies":[{"name":"wp","href":"https:\/\/api.w.org\/{rel}","templated":true}]}}