{"id":2017760,"date":"2024-12-16T07:25:14","date_gmt":"2024-12-16T06:25:14","guid":{"rendered":"https:\/\/eu.tilta.com\/shop\/extension-du-train-a-grande-vitesse-tilta\/"},"modified":"2025-12-05T13:57:40","modified_gmt":"2025-12-05T12:57:40","slug":"tilta-speed-rail-extension","status":"publish","type":"product","link":"https:\/\/eu.tilta.com\/fr\/shop\/tilta-speed-rail-extension\/","title":{"rendered":"Extension du train \u00e0 grande vitesse Tilta"},"content":{"rendered":"<p>Cette extension de 50 mm du rail rapide permet aux utilisateurs d&#8217;\u00e9tendre la longueur du rail rapide fourni avec le Hydra Arm Mini.<\/p>\n<p>Ce rail est sp\u00e9cialement con\u00e7u pour supporter le poids de l&#8217;Hydra Arm Mini.<\/p>\n<p>Elle remplace les petites pi\u00e8ces d&#8217;extension fournies avec le kit.<\/p>\n<p>Disponible en deux tailles diff\u00e9rentes : 46cm ou 56cm<\/p>\n","protected":false},"excerpt":{"rendered":"<p>Cette extension de 50 mm du rail rapide permet aux utilisateurs d&#8217;\u00e9tendre la longueur du rail rapide fourni avec le Hydra Arm Mini. Ce rail est sp\u00e9cialement con\u00e7u pour supporter le poids de l&#8217;Hydra Arm Mini. Elle remplace les petites [&hellip;]<\/p>\n","protected":false},"featured_media":2014961,"comment_status":"open","ping_status":"closed","template":"","meta":[],"product_cat":[1889],"product_tag":[],"acf":[],"gallery_images":[],"_links":{"self":[{"href":"https:\/\/eu.tilta.com\/fr\/wp-json\/wp\/v2\/product\/2017760"}],"collection":[{"href":"https:\/\/eu.tilta.com\/fr\/wp-json\/wp\/v2\/product"}],"about":[{"href":"https:\/\/eu.tilta.com\/fr\/wp-json\/wp\/v2\/types\/product"}],"replies":[{"embeddable":true,"href":"https:\/\/eu.tilta.com\/fr\/wp-json\/wp\/v2\/comments?post=2017760"}],"wp:featuredmedia":[{"embeddable":true,"href":"https:\/\/eu.tilta.com\/fr\/wp-json\/wp\/v2\/media\/2014961"}],"wp:attachment":[{"href":"https:\/\/eu.tilta.com\/fr\/wp-json\/wp\/v2\/media?parent=2017760"}],"wp:term":[{"taxonomy":"product_cat","embeddable":true,"href":"https:\/\/eu.tilta.com\/fr\/wp-json\/wp\/v2\/product_cat?post=2017760"},{"taxonomy":"product_tag","embeddable":true,"href":"https:\/\/eu.tilta.com\/fr\/wp-json\/wp\/v2\/product_tag?post=2017760"}],"curies":[{"name":"wp","href":"https:\/\/api.w.org\/{rel}","templated":true}]}}