{"id":2017786,"date":"2024-12-24T04:53:50","date_gmt":"2024-12-24T03:53:50","guid":{"rendered":"https:\/\/eu.tilta.com\/shop\/plaque-de-montage-avec-poignee-en-bois-pour-fujifilm-x-t50\/"},"modified":"2026-02-18T13:53:21","modified_gmt":"2026-02-18T12:53:21","slug":"mounting-baseplate-with-wooden-grip-for-fujifilm-x-t50","status":"publish","type":"product","link":"https:\/\/eu.tilta.com\/fr\/shop\/mounting-baseplate-with-wooden-grip-for-fujifilm-x-t50\/","title":{"rendered":"Plaque de montage avec poign\u00e9e en bois pour Fujifilm X-T50"},"content":{"rendered":"<p><em>Pr\u00e9sentation de la plaque de montage avec poign\u00e9e en bois pour Fujifilm X-T50<\/em><\/p>\n<p>Cet accessoire en forme de support en L est dot\u00e9 d&#8217;une poign\u00e9e en bois de noyer qui permet de manipuler l&#8217;appareil photo de mani\u00e8re plus confortable.<\/p>\n<p>La plaque inf\u00e9rieure peut facilement accueillir une plaque de fixation rapide ARCA (non incluse) qui permet au syst\u00e8me de se monter facilement sur les cardans de la s\u00e9rie S de Ronin ou sur des tr\u00e9pieds l\u00e9gers tels que notre tr\u00e9pied \u00e0 t\u00eate fluide de voyage VT-05.<\/p>\n","protected":false},"excerpt":{"rendered":"<p>Pr\u00e9sentation de la plaque de montage avec poign\u00e9e en bois pour Fujifilm X-T50 Cet accessoire en forme de support en L est dot\u00e9 d&#8217;une poign\u00e9e en bois de noyer qui permet de manipuler l&#8217;appareil photo de mani\u00e8re plus confortable. La [&hellip;]<\/p>\n","protected":false},"featured_media":2016082,"comment_status":"open","ping_status":"closed","template":"","meta":[],"product_cat":[4448,3362],"product_tag":[],"acf":[],"gallery_images":[2016076],"_links":{"self":[{"href":"https:\/\/eu.tilta.com\/fr\/wp-json\/wp\/v2\/product\/2017786"}],"collection":[{"href":"https:\/\/eu.tilta.com\/fr\/wp-json\/wp\/v2\/product"}],"about":[{"href":"https:\/\/eu.tilta.com\/fr\/wp-json\/wp\/v2\/types\/product"}],"replies":[{"embeddable":true,"href":"https:\/\/eu.tilta.com\/fr\/wp-json\/wp\/v2\/comments?post=2017786"}],"wp:featuredmedia":[{"embeddable":true,"href":"https:\/\/eu.tilta.com\/fr\/wp-json\/wp\/v2\/media\/2016082"}],"wp:attachment":[{"href":"https:\/\/eu.tilta.com\/fr\/wp-json\/wp\/v2\/media?parent=2017786"}],"wp:term":[{"taxonomy":"product_cat","embeddable":true,"href":"https:\/\/eu.tilta.com\/fr\/wp-json\/wp\/v2\/product_cat?post=2017786"},{"taxonomy":"product_tag","embeddable":true,"href":"https:\/\/eu.tilta.com\/fr\/wp-json\/wp\/v2\/product_tag?post=2017786"}],"curies":[{"name":"wp","href":"https:\/\/api.w.org\/{rel}","templated":true}]}}