{"id":2017813,"date":"2024-12-24T10:51:00","date_gmt":"2024-12-24T09:51:00","guid":{"rendered":"https:\/\/eu.tilta.com\/shop\/etui-en-cuir-pour-fujifilm-x-t50-vert\/"},"modified":"2025-12-05T13:58:07","modified_gmt":"2025-12-05T12:58:07","slug":"leather-camera-case-for-fujifilm-x-t50-green","status":"publish","type":"product","link":"https:\/\/eu.tilta.com\/fr\/shop\/leather-camera-case-for-fujifilm-x-t50-green\/","title":{"rendered":"\u00c9tui en cuir pour Fujifilm X-T50 &#8211; Vert"},"content":{"rendered":"<p><em>Pr\u00e9sentation de l&#8217;\u00e9tui en cuir pour Fujifilm X-T50<\/em><\/p>\n<p>Cet \u00e9tui se monte \u00e0 l&#8217;aide d&#8217;une vis 1\/4\u2033-20 et permet aux utilisateurs de manipuler plus confortablement le bo\u00eetier de l&#8217;appareil photo gr\u00e2ce \u00e0 la poign\u00e9e int\u00e9gr\u00e9e.<\/p>\n<p>Le design offre \u00e9galement une protection suppl\u00e9mentaire pour le bas du bo\u00eetier de l&#8217;appareil photo, ce qui est particuli\u00e8rement utile lorsque vous posez l&#8217;appareil photo.<\/p>\n<p>Un petit rabat sur le fond permet d&#8217;acc\u00e9der facilement au compartiment des piles.<\/p>\n","protected":false},"excerpt":{"rendered":"<p>Pr\u00e9sentation de l&#8217;\u00e9tui en cuir pour Fujifilm X-T50 Cet \u00e9tui se monte \u00e0 l&#8217;aide d&#8217;une vis 1\/4\u2033-20 et permet aux utilisateurs de manipuler plus confortablement le bo\u00eetier de l&#8217;appareil photo gr\u00e2ce \u00e0 la poign\u00e9e int\u00e9gr\u00e9e. Le design offre \u00e9galement une [&hellip;]<\/p>\n","protected":false},"featured_media":2016630,"comment_status":"open","ping_status":"closed","template":"","meta":[],"product_cat":[3362],"product_tag":[],"acf":[],"gallery_images":[2016623,2016617,2016611],"_links":{"self":[{"href":"https:\/\/eu.tilta.com\/fr\/wp-json\/wp\/v2\/product\/2017813"}],"collection":[{"href":"https:\/\/eu.tilta.com\/fr\/wp-json\/wp\/v2\/product"}],"about":[{"href":"https:\/\/eu.tilta.com\/fr\/wp-json\/wp\/v2\/types\/product"}],"replies":[{"embeddable":true,"href":"https:\/\/eu.tilta.com\/fr\/wp-json\/wp\/v2\/comments?post=2017813"}],"wp:featuredmedia":[{"embeddable":true,"href":"https:\/\/eu.tilta.com\/fr\/wp-json\/wp\/v2\/media\/2016630"}],"wp:attachment":[{"href":"https:\/\/eu.tilta.com\/fr\/wp-json\/wp\/v2\/media?parent=2017813"}],"wp:term":[{"taxonomy":"product_cat","embeddable":true,"href":"https:\/\/eu.tilta.com\/fr\/wp-json\/wp\/v2\/product_cat?post=2017813"},{"taxonomy":"product_tag","embeddable":true,"href":"https:\/\/eu.tilta.com\/fr\/wp-json\/wp\/v2\/product_tag?post=2017813"}],"curies":[{"name":"wp","href":"https:\/\/api.w.org\/{rel}","templated":true}]}}