{"id":2017821,"date":"2024-12-13T11:24:50","date_gmt":"2024-12-13T10:24:50","guid":{"rendered":"https:\/\/eu.tilta.com\/shop\/support-de-montage-du-module-dalimentation-pour-hydra-alien-pro\/"},"modified":"2025-12-05T13:58:21","modified_gmt":"2025-12-05T12:58:21","slug":"power-module-mounting-bracket-for-hydra-alien-pro","status":"publish","type":"product","link":"https:\/\/eu.tilta.com\/fr\/shop\/power-module-mounting-bracket-for-hydra-alien-pro\/","title":{"rendered":"Support de montage du module d&#8217;alimentation pour Hydra Alien Pro"},"content":{"rendered":"<p>Le support de montage du module d&#8217;alimentation pour Hydra Alien Pro est un accessoire m\u00e9canique qui permet aux utilisateurs de monter des plaques de batterie sur le bras d&#8217;absorption des chocs.<\/p>\n<p>Ce support peut \u00eatre mont\u00e9 directement sur la t\u00eate d&#8217;absorption des chocs \u00e0 l&#8217;aide d&#8217;une vis 1\/4\u2033-20 et il peut \u00e9galement \u00eatre mont\u00e9 plus bas sur le bras.<\/p>\n<p>Cela permet aux utilisateurs de redistribuer le poids en fonction des besoins lors de l&#8217;utilisation de configurations plus lourdes.<\/p>\n<p>Cette pi\u00e8ce remplace celle fournie avec l&#8217;Hydra Alien Pro.<\/p>\n","protected":false},"excerpt":{"rendered":"<p>Le support de montage du module d&#8217;alimentation pour Hydra Alien Pro est un accessoire m\u00e9canique qui permet aux utilisateurs de monter des plaques de batterie sur le bras d&#8217;absorption des chocs. Ce support peut \u00eatre mont\u00e9 directement sur la t\u00eate [&hellip;]<\/p>\n","protected":false},"featured_media":2014954,"comment_status":"open","ping_status":"closed","template":"","meta":[],"product_cat":[3237],"product_tag":[],"acf":[],"gallery_images":[],"_links":{"self":[{"href":"https:\/\/eu.tilta.com\/fr\/wp-json\/wp\/v2\/product\/2017821"}],"collection":[{"href":"https:\/\/eu.tilta.com\/fr\/wp-json\/wp\/v2\/product"}],"about":[{"href":"https:\/\/eu.tilta.com\/fr\/wp-json\/wp\/v2\/types\/product"}],"replies":[{"embeddable":true,"href":"https:\/\/eu.tilta.com\/fr\/wp-json\/wp\/v2\/comments?post=2017821"}],"wp:featuredmedia":[{"embeddable":true,"href":"https:\/\/eu.tilta.com\/fr\/wp-json\/wp\/v2\/media\/2014954"}],"wp:attachment":[{"href":"https:\/\/eu.tilta.com\/fr\/wp-json\/wp\/v2\/media?parent=2017821"}],"wp:term":[{"taxonomy":"product_cat","embeddable":true,"href":"https:\/\/eu.tilta.com\/fr\/wp-json\/wp\/v2\/product_cat?post=2017821"},{"taxonomy":"product_tag","embeddable":true,"href":"https:\/\/eu.tilta.com\/fr\/wp-json\/wp\/v2\/product_tag?post=2017821"}],"curies":[{"name":"wp","href":"https:\/\/api.w.org\/{rel}","templated":true}]}}