{"id":2017829,"date":"2024-12-13T08:08:16","date_gmt":"2024-12-13T07:08:16","guid":{"rendered":"https:\/\/eu.tilta.com\/shop\/cage-a-camera-vintage-pour-fujifilm-x100vi-travel-kit\/"},"modified":"2025-12-05T13:58:36","modified_gmt":"2025-12-05T12:58:36","slug":"vintage-camera-cage-for-fujifilm-x100vi-travel-kit","status":"publish","type":"product","link":"https:\/\/eu.tilta.com\/fr\/shop\/vintage-camera-cage-for-fujifilm-x100vi-travel-kit\/","title":{"rendered":"Cage \u00e0 cam\u00e9ra vintage pour Fujifilm X100VI Travel Kit"},"content":{"rendered":"<p>D\u00e9couvrez la cage \u00e0 cam\u00e9ra vintage pour le kit de voyage Fujifilm X100VI<\/p>\n<p>Ce kit comprend une gamme d&#8217;accessoires l\u00e9gers qui am\u00e9liorent les fonctionnalit\u00e9s du X100VI tout en gardant le syst\u00e8me compact, mais performant.<\/p>\n<p>La base de ce kit est un support en L avec une poign\u00e9e en bois de noyer, qui offre une mani\u00e8re plus confortable d&#8217;utiliser et de manipuler l&#8217;appareil photo.<\/p>\n<p>La poign\u00e9e \u00e0 griffes se monte sur la griffe de l&#8217;appareil photo et am\u00e9liore la stabilit\u00e9 \u00e0 main lev\u00e9e pour des prises de vue plus fluides.<\/p>\n<p>Les attaches de courroie en cuir v\u00e9ritable offrent un moyen plus pratique de connecter ou de retirer une courroie d&#8217;appareil photo au syst\u00e8me.<\/p>\n<p>La plaque ARCA Quick Release incluse peut \u00eatre fix\u00e9e au besoin, ce qui permet au syst\u00e8me de se monter facilement sur n&#8217;importe quel r\u00e9cepteur ARCA, comme celui que vous trouverez sur un Ronin S Series Gimbal ou sur de nombreux tr\u00e9pieds l\u00e9gers comme notre <a href=\"https:\/\/eu.tilta.com\/shop\/tilta-vt05-travel-video-fluid-head-with-3-stage-carbon-fiber-tripod-legs-5kg\/\">tr\u00e9pied VT-05 Travel Fluid Head Tripod<\/a>.<\/p>\n<p>Ce kit de voyage comprend \u00e9galement un capot sup\u00e9rieur CNC ultra-fin qui offre une protection l\u00e9g\u00e8re et robuste \u00e0 l&#8217;appareil photo, particuli\u00e8rement utile en voyage.<\/p>\n","protected":false},"excerpt":{"rendered":"<p>D\u00e9couvrez la cage \u00e0 cam\u00e9ra vintage pour le kit de voyage Fujifilm X100VI Ce kit comprend une gamme d&#8217;accessoires l\u00e9gers qui am\u00e9liorent les fonctionnalit\u00e9s du X100VI tout en gardant le syst\u00e8me compact, mais performant. La base de ce kit est [&hellip;]<\/p>\n","protected":false},"featured_media":2014798,"comment_status":"open","ping_status":"closed","template":"","meta":[],"product_cat":[3365],"product_tag":[],"acf":[],"gallery_images":[2014792,2014786,2014780,2014774,2014768,2014762,2014756],"_links":{"self":[{"href":"https:\/\/eu.tilta.com\/fr\/wp-json\/wp\/v2\/product\/2017829"}],"collection":[{"href":"https:\/\/eu.tilta.com\/fr\/wp-json\/wp\/v2\/product"}],"about":[{"href":"https:\/\/eu.tilta.com\/fr\/wp-json\/wp\/v2\/types\/product"}],"replies":[{"embeddable":true,"href":"https:\/\/eu.tilta.com\/fr\/wp-json\/wp\/v2\/comments?post=2017829"}],"wp:featuredmedia":[{"embeddable":true,"href":"https:\/\/eu.tilta.com\/fr\/wp-json\/wp\/v2\/media\/2014798"}],"wp:attachment":[{"href":"https:\/\/eu.tilta.com\/fr\/wp-json\/wp\/v2\/media?parent=2017829"}],"wp:term":[{"taxonomy":"product_cat","embeddable":true,"href":"https:\/\/eu.tilta.com\/fr\/wp-json\/wp\/v2\/product_cat?post=2017829"},{"taxonomy":"product_tag","embeddable":true,"href":"https:\/\/eu.tilta.com\/fr\/wp-json\/wp\/v2\/product_tag?post=2017829"}],"curies":[{"name":"wp","href":"https:\/\/api.w.org\/{rel}","templated":true}]}}