{"id":2017880,"date":"2024-12-12T09:13:21","date_gmt":"2024-12-12T08:13:21","guid":{"rendered":"https:\/\/eu.tilta.com\/shop\/adaptateur-arca-pour-fujifilm-x100vi\/"},"modified":"2025-12-05T13:59:48","modified_gmt":"2025-12-05T12:59:48","slug":"arca-adapter-for-fujifilm-x100vi","status":"publish","type":"product","link":"https:\/\/eu.tilta.com\/fr\/shop\/arca-adapter-for-fujifilm-x100vi\/","title":{"rendered":"Adaptateur ARCA pour Fujifilm X100VI"},"content":{"rendered":"<p><em>Pr\u00e9sentation de l&#8217;adaptateur ARCA pour Fujifilm X100VI<\/em><\/p>\n<p>Cette plaque de fixation rapide ARCA peut \u00eatre fix\u00e9e directement au bas de la plaque de montage avec poign\u00e9e en bois pour Fujifilm X100VI.<\/p>\n<p>Cela permet \u00e0 la cam\u00e9ra de se monter facilement sur n&#8217;importe quel r\u00e9cepteur ARCA, comme celui que vous trouverez sur un Ronin S Series Gimbal ou sur de nombreux tr\u00e9pieds l\u00e9gers comme notre <a href=\"https:\/\/eu.tilta.com\/shop\/tilta-vt05-travel-video-fluid-head-with-3-stage-carbon-fiber-tripod-legs-5kg\/\">tr\u00e9pied \u00e0 t\u00eate fluide de voyage VT-05<\/a>.<\/p>\n<p>Cet adaptateur est con\u00e7u pour \u00eatre facilement d\u00e9montable, ce qui en fait une option parfaite pour les utilisateurs qui souhaitent rester l\u00e9gers dans certaines situations de prise de vue, tout en utilisant des syst\u00e8mes de support bas\u00e9s sur l&#8217;ARCA lorsque cela est n\u00e9cessaire.<\/p>\n","protected":false},"excerpt":{"rendered":"<p>Pr\u00e9sentation de l&#8217;adaptateur ARCA pour Fujifilm X100VI Cette plaque de fixation rapide ARCA peut \u00eatre fix\u00e9e directement au bas de la plaque de montage avec poign\u00e9e en bois pour Fujifilm X100VI. Cela permet \u00e0 la cam\u00e9ra de se monter facilement [&hellip;]<\/p>\n","protected":false},"featured_media":2014582,"comment_status":"open","ping_status":"closed","template":"","meta":[],"product_cat":[3365],"product_tag":[],"acf":[],"gallery_images":[2014575],"_links":{"self":[{"href":"https:\/\/eu.tilta.com\/fr\/wp-json\/wp\/v2\/product\/2017880"}],"collection":[{"href":"https:\/\/eu.tilta.com\/fr\/wp-json\/wp\/v2\/product"}],"about":[{"href":"https:\/\/eu.tilta.com\/fr\/wp-json\/wp\/v2\/types\/product"}],"replies":[{"embeddable":true,"href":"https:\/\/eu.tilta.com\/fr\/wp-json\/wp\/v2\/comments?post=2017880"}],"wp:featuredmedia":[{"embeddable":true,"href":"https:\/\/eu.tilta.com\/fr\/wp-json\/wp\/v2\/media\/2014582"}],"wp:attachment":[{"href":"https:\/\/eu.tilta.com\/fr\/wp-json\/wp\/v2\/media?parent=2017880"}],"wp:term":[{"taxonomy":"product_cat","embeddable":true,"href":"https:\/\/eu.tilta.com\/fr\/wp-json\/wp\/v2\/product_cat?post=2017880"},{"taxonomy":"product_tag","embeddable":true,"href":"https:\/\/eu.tilta.com\/fr\/wp-json\/wp\/v2\/product_tag?post=2017880"}],"curies":[{"name":"wp","href":"https:\/\/api.w.org\/{rel}","templated":true}]}}