{"id":2017881,"date":"2024-12-12T10:30:03","date_gmt":"2024-12-12T09:30:03","guid":{"rendered":"https:\/\/eu.tilta.com\/shop\/plaque-de-protection-superieure-pour-fujifilm-x100vi\/"},"modified":"2025-12-05T13:59:49","modified_gmt":"2025-12-05T12:59:49","slug":"top-protection-plate-for-fujifilm-x100vi","status":"publish","type":"product","link":"https:\/\/eu.tilta.com\/fr\/shop\/top-protection-plate-for-fujifilm-x100vi\/","title":{"rendered":"Plaque de protection sup\u00e9rieure pour Fujifilm X100VI"},"content":{"rendered":"<p>Cette plaque de protection se monte sur le dessus du bo\u00eetier de l&#8217;appareil photo Fujifilm X100VI afin d&#8217;offrir une protection l\u00e9g\u00e8re et robuste \u00e0 l&#8217;appareil photo.<\/p>\n<p>Cet accessoire est particuli\u00e8rement utile lorsque vous voyagez ou lorsque vous utilisez l&#8217;appareil photo dans des conditions plus extr\u00eames.<\/p>\n","protected":false},"excerpt":{"rendered":"<p>Cette plaque de protection se monte sur le dessus du bo\u00eetier de l&#8217;appareil photo Fujifilm X100VI afin d&#8217;offrir une protection l\u00e9g\u00e8re et robuste \u00e0 l&#8217;appareil photo. Cet accessoire est particuli\u00e8rement utile lorsque vous voyagez ou lorsque vous utilisez l&#8217;appareil photo [&hellip;]<\/p>\n","protected":false},"featured_media":2014635,"comment_status":"open","ping_status":"closed","template":"","meta":[],"product_cat":[3365],"product_tag":[],"acf":[],"gallery_images":[2014629],"_links":{"self":[{"href":"https:\/\/eu.tilta.com\/fr\/wp-json\/wp\/v2\/product\/2017881"}],"collection":[{"href":"https:\/\/eu.tilta.com\/fr\/wp-json\/wp\/v2\/product"}],"about":[{"href":"https:\/\/eu.tilta.com\/fr\/wp-json\/wp\/v2\/types\/product"}],"replies":[{"embeddable":true,"href":"https:\/\/eu.tilta.com\/fr\/wp-json\/wp\/v2\/comments?post=2017881"}],"wp:featuredmedia":[{"embeddable":true,"href":"https:\/\/eu.tilta.com\/fr\/wp-json\/wp\/v2\/media\/2014635"}],"wp:attachment":[{"href":"https:\/\/eu.tilta.com\/fr\/wp-json\/wp\/v2\/media?parent=2017881"}],"wp:term":[{"taxonomy":"product_cat","embeddable":true,"href":"https:\/\/eu.tilta.com\/fr\/wp-json\/wp\/v2\/product_cat?post=2017881"},{"taxonomy":"product_tag","embeddable":true,"href":"https:\/\/eu.tilta.com\/fr\/wp-json\/wp\/v2\/product_tag?post=2017881"}],"curies":[{"name":"wp","href":"https:\/\/api.w.org\/{rel}","templated":true}]}}