{"id":2017926,"date":"2024-12-12T03:53:55","date_gmt":"2024-12-12T02:53:55","guid":{"rendered":"https:\/\/eu.tilta.com\/shop\/tete-fluide-video-de-table-tilta-avec-jambes-de-trepied-en-fibre-de-carbone-a-1-etage-3kg\/"},"modified":"2025-12-05T14:00:21","modified_gmt":"2025-12-05T13:00:21","slug":"tilta-tabletop-video-fluid-head-with-1-stage-carbon-fiber-tripod-legs-3kg","status":"publish","type":"product","link":"https:\/\/eu.tilta.com\/fr\/shop\/tilta-tabletop-video-fluid-head-with-1-stage-carbon-fiber-tripod-legs-3kg\/","title":{"rendered":"T\u00eate fluide vid\u00e9o de table Tilta avec jambes de tr\u00e9pied en fibre de carbone \u00e0 1 \u00e9tage (3KG)"},"content":{"rendered":"<p><em>Voici la rotule vid\u00e9o fluide de table avec jambes de tr\u00e9pied en fibre de carbone \u00e0 1 \u00e9tage VT03, un tr\u00e9pied polyvalent et compact con\u00e7u pour la pr\u00e9cision et la portabilit\u00e9.<\/em><\/p>\n<p>La t\u00eate fluide, con\u00e7ue avec pr\u00e9cision, supporte jusqu&#8217;\u00e0 3 kg, offrant des mouvements fluides et pr\u00e9cis pour des s\u00e9quences de qualit\u00e9 professionnelle. Le r\u00e9cepteur ARCA et la plaque de fixation rapide incluse rendent la rotule fluide compatible avec la plupart des syst\u00e8mes de cam\u00e9ra ou des cages.<\/p>\n<p>La plaque de fixation rapide Arca se monte solidement sur la plupart des appareils photo et des cages d&#8217;appareil photo \u00e0 l&#8217;aide d&#8217;une vis 1\/4\u2033-20. La plupart de nos cages \u00e0 cam\u00e9ra sont compatibles en natif.<\/p>\n<p>Dot\u00e9 d&#8217;une conception \u00e9l\u00e9gante sans colonne centrale, ce tr\u00e9pied excelle dans les espaces restreints et les prises de vue en contre-plong\u00e9e. Les capacit\u00e9s de prise de vue \u00e0 tr\u00e8s faible angle du tr\u00e9pied sont renforc\u00e9es par trois angles de jambe r\u00e9glables, permettant des perspectives cr\u00e9atives \u00e0 partir de diff\u00e9rents points de vue.<\/p>\n<p>Fabriqu\u00e9 en fibre de carbone multicouche entrelac\u00e9e de diamants, le tr\u00e9pied est \u00e0 la fois durable et incroyablement l\u00e9ger, ce qui le rend id\u00e9al pour un usage quotidien.<\/p>\n<p>Ses pieds en deux parties s&#8217;\u00e9tendent jusqu&#8217;\u00e0 13,7\u2033 et le m\u00e9canisme de verrouillage permet un r\u00e9glage rapide et pr\u00e9cis de la hauteur. Il peut \u00eatre associ\u00e9 \u00e0 une barre d&#8217;extension optionnelle pour plus de hauteur.<\/p>\n<p>De plus, la poign\u00e9e est t\u00e9lescopique pour un plus grand confort, tandis que les pieds comportent des points de fixation 1\/4\u2033-20 avec des goupilles de positionnement, ce qui permet aux utilisateurs de monter divers accessoires.<\/p>\n","protected":false},"excerpt":{"rendered":"<p>Voici la rotule vid\u00e9o fluide de table avec jambes de tr\u00e9pied en fibre de carbone \u00e0 1 \u00e9tage VT03, un tr\u00e9pied polyvalent et compact con\u00e7u pour la pr\u00e9cision et la portabilit\u00e9. La t\u00eate fluide, con\u00e7ue avec pr\u00e9cision, supporte jusqu&#8217;\u00e0 3 [&hellip;]<\/p>\n","protected":false},"featured_media":2014219,"comment_status":"open","ping_status":"closed","template":"","meta":[],"product_cat":[3362,3365,3301],"product_tag":[],"acf":[],"gallery_images":[2014212,2014206,2014200,2014194,2014188,2014182,2014176,2014170],"_links":{"self":[{"href":"https:\/\/eu.tilta.com\/fr\/wp-json\/wp\/v2\/product\/2017926"}],"collection":[{"href":"https:\/\/eu.tilta.com\/fr\/wp-json\/wp\/v2\/product"}],"about":[{"href":"https:\/\/eu.tilta.com\/fr\/wp-json\/wp\/v2\/types\/product"}],"replies":[{"embeddable":true,"href":"https:\/\/eu.tilta.com\/fr\/wp-json\/wp\/v2\/comments?post=2017926"}],"wp:featuredmedia":[{"embeddable":true,"href":"https:\/\/eu.tilta.com\/fr\/wp-json\/wp\/v2\/media\/2014219"}],"wp:attachment":[{"href":"https:\/\/eu.tilta.com\/fr\/wp-json\/wp\/v2\/media?parent=2017926"}],"wp:term":[{"taxonomy":"product_cat","embeddable":true,"href":"https:\/\/eu.tilta.com\/fr\/wp-json\/wp\/v2\/product_cat?post=2017926"},{"taxonomy":"product_tag","embeddable":true,"href":"https:\/\/eu.tilta.com\/fr\/wp-json\/wp\/v2\/product_tag?post=2017926"}],"curies":[{"name":"wp","href":"https:\/\/api.w.org\/{rel}","templated":true}]}}