{"id":2017970,"date":"2024-12-06T10:12:02","date_gmt":"2024-12-06T09:12:02","guid":{"rendered":"https:\/\/eu.tilta.com\/shop\/pince-de-fixation-dji-osmo-pocket-3-pour-hydra-alien-mini-gris-titane\/"},"modified":"2025-12-05T14:00:57","modified_gmt":"2025-12-05T13:00:57","slug":"dji-osmo-pocket-3-mounting-clamp-for-hydra-alien-mini-titanium-grey","status":"publish","type":"product","link":"https:\/\/eu.tilta.com\/fr\/shop\/dji-osmo-pocket-3-mounting-clamp-for-hydra-alien-mini-titanium-grey\/","title":{"rendered":"Pince de fixation DJI Osmo Pocket 3 pour Hydra Alien Mini &#8211; Gris Titane"},"content":{"rendered":"<p>Cette pince de montage offre une option am\u00e9lior\u00e9e pour le montage de la DJI Osmo Pocket 3 sur le Hydra Alien Mini.<\/p>\n<p>Cette pince se monte directement sur le bras d&#8217;absorption des chocs Hydra Alien Mini via un rail NATO et est compatible avec la Pocket 3 sans cage d&#8217;appareil photo.<\/p>\n<p>La position de cette monture abaisse le centre de gravit\u00e9 de la Pocket 3, ce qui contribue \u00e0 am\u00e9liorer la stabilisation.<\/p>\n<p>Ce support positionne la Pocket 3 de mani\u00e8re \u00e0 \u00e9tendre l&#8217;axe panoramique en permettant \u00e0 la t\u00eate du cardan de tourner presque autant \u00e0 gauche qu&#8217;\u00e0 droite.<\/p>\n","protected":false},"excerpt":{"rendered":"<p>Cette pince de montage offre une option am\u00e9lior\u00e9e pour le montage de la DJI Osmo Pocket 3 sur le Hydra Alien Mini. Cette pince se monte directement sur le bras d&#8217;absorption des chocs Hydra Alien Mini via un rail NATO [&hellip;]<\/p>\n","protected":false},"featured_media":2014144,"comment_status":"open","ping_status":"closed","template":"","meta":[],"product_cat":[2058],"product_tag":[],"acf":[],"gallery_images":[2014137,2014131,2014125],"_links":{"self":[{"href":"https:\/\/eu.tilta.com\/fr\/wp-json\/wp\/v2\/product\/2017970"}],"collection":[{"href":"https:\/\/eu.tilta.com\/fr\/wp-json\/wp\/v2\/product"}],"about":[{"href":"https:\/\/eu.tilta.com\/fr\/wp-json\/wp\/v2\/types\/product"}],"replies":[{"embeddable":true,"href":"https:\/\/eu.tilta.com\/fr\/wp-json\/wp\/v2\/comments?post=2017970"}],"wp:featuredmedia":[{"embeddable":true,"href":"https:\/\/eu.tilta.com\/fr\/wp-json\/wp\/v2\/media\/2014144"}],"wp:attachment":[{"href":"https:\/\/eu.tilta.com\/fr\/wp-json\/wp\/v2\/media?parent=2017970"}],"wp:term":[{"taxonomy":"product_cat","embeddable":true,"href":"https:\/\/eu.tilta.com\/fr\/wp-json\/wp\/v2\/product_cat?post=2017970"},{"taxonomy":"product_tag","embeddable":true,"href":"https:\/\/eu.tilta.com\/fr\/wp-json\/wp\/v2\/product_tag?post=2017970"}],"curies":[{"name":"wp","href":"https:\/\/api.w.org\/{rel}","templated":true}]}}