{"id":2017973,"date":"2024-11-28T11:41:59","date_gmt":"2024-11-28T10:41:59","guid":{"rendered":"https:\/\/eu.tilta.com\/shop\/etui-en-cuir-pour-canon-r5-mark-ii\/"},"modified":"2026-02-16T09:03:26","modified_gmt":"2026-02-16T08:03:26","slug":"leather-camera-case-for-canon-r5-mark-ii","status":"publish","type":"product","link":"https:\/\/eu.tilta.com\/fr\/shop\/leather-camera-case-for-canon-r5-mark-ii\/","title":{"rendered":"Etui en cuir pour Canon R5 Mark II"},"content":{"rendered":"<p>Pr\u00e9sentation de l&#8217;\u00e9tui en cuir pour Canon R5 Mark II<\/p>\n<p>Cet \u00e9tui se monte \u00e0 l&#8217;aide d&#8217;une vis 1\/4\u2033-20 et permet aux utilisateurs de manipuler plus confortablement le bo\u00eetier de l&#8217;appareil photo gr\u00e2ce \u00e0 la poign\u00e9e int\u00e9gr\u00e9e.<\/p>\n<p>Le design offre \u00e9galement une protection suppl\u00e9mentaire pour le bas du bo\u00eetier de l&#8217;appareil photo, ce qui est particuli\u00e8rement utile lorsque vous posez l&#8217;appareil photo.<\/p>\n<p>Un petit rabat sur le fond permet d&#8217;acc\u00e9der facilement au compartiment des piles.<\/p>\n","protected":false},"excerpt":{"rendered":"<p>Pr\u00e9sentation de l&#8217;\u00e9tui en cuir pour Canon R5 Mark II Cet \u00e9tui se monte \u00e0 l&#8217;aide d&#8217;une vis 1\/4\u2033-20 et permet aux utilisateurs de manipuler plus confortablement le bo\u00eetier de l&#8217;appareil photo gr\u00e2ce \u00e0 la poign\u00e9e int\u00e9gr\u00e9e. Le design offre [&hellip;]<\/p>\n","protected":false},"featured_media":2013819,"comment_status":"open","ping_status":"closed","template":"","meta":[],"product_cat":[3252,4448],"product_tag":[],"acf":[],"gallery_images":[2013812,2013806],"_links":{"self":[{"href":"https:\/\/eu.tilta.com\/fr\/wp-json\/wp\/v2\/product\/2017973"}],"collection":[{"href":"https:\/\/eu.tilta.com\/fr\/wp-json\/wp\/v2\/product"}],"about":[{"href":"https:\/\/eu.tilta.com\/fr\/wp-json\/wp\/v2\/types\/product"}],"replies":[{"embeddable":true,"href":"https:\/\/eu.tilta.com\/fr\/wp-json\/wp\/v2\/comments?post=2017973"}],"wp:featuredmedia":[{"embeddable":true,"href":"https:\/\/eu.tilta.com\/fr\/wp-json\/wp\/v2\/media\/2013819"}],"wp:attachment":[{"href":"https:\/\/eu.tilta.com\/fr\/wp-json\/wp\/v2\/media?parent=2017973"}],"wp:term":[{"taxonomy":"product_cat","embeddable":true,"href":"https:\/\/eu.tilta.com\/fr\/wp-json\/wp\/v2\/product_cat?post=2017973"},{"taxonomy":"product_tag","embeddable":true,"href":"https:\/\/eu.tilta.com\/fr\/wp-json\/wp\/v2\/product_tag?post=2017973"}],"curies":[{"name":"wp","href":"https:\/\/api.w.org\/{rel}","templated":true}]}}