{"id":2018015,"date":"2024-11-28T07:45:35","date_gmt":"2024-11-28T06:45:35","guid":{"rendered":"https:\/\/eu.tilta.com\/shop\/cage-de-camera-pour-blackmagic-pyxis-6k-pro-kit\/"},"modified":"2025-12-05T14:01:45","modified_gmt":"2025-12-05T13:01:45","slug":"camera-cage-for-blackmagic-pyxis-6k-pro-kit","status":"publish","type":"product","link":"https:\/\/eu.tilta.com\/fr\/shop\/camera-cage-for-blackmagic-pyxis-6k-pro-kit\/","title":{"rendered":"Cage de cam\u00e9ra pour Blackmagic PYXIS 6K Pro Kit"},"content":{"rendered":"<div class=\"overview-text\">\n<p><em>Pr\u00e9sentation de la cage de cam\u00e9ra pour le kit Blackmagic PYXIS 6K Pro  <\/em><\/p>\n<p>Cette cage de cam\u00e9ra fournit une armure de protection pour le corps de la cam\u00e9ra et utilise des choix de conception modulaire pour am\u00e9liorer consid\u00e9rablement la fonctionnalit\u00e9 de la Pyxis gr\u00e2ce \u00e0 des options de montage comme le rail NATO, Arri Rosette, Cold Shoe, les filetages 3\/8\u2033-16 et 1\/4\u2033-20 avec des points de rep\u00e8re.<\/p>\n<p>La plaque lat\u00e9rale permet de passer rapidement \u00e0 des configurations verticales, car elle peut \u00eatre utilis\u00e9e comme plaque inf\u00e9rieure lors d&#8217;un montage vertical et offre suffisamment d&#8217;espace entre les tiges et l&#8217;objectif pour la plupart des accessoires. Dans cette configuration, la plaque comporte des filets sp\u00e9cifiquement positionn\u00e9s pour aligner la plaque de base avec le centre optique de l&#8217;objectif.<\/p>\n<p>Cette plaque lat\u00e9rale prend \u00e9galement en charge l&#8217;enregistrement externe via le support SSD int\u00e9gr\u00e9 et dispose de plusieurs filetages 1\/4&#8243;-20 pour divers accessoires. Le support SSD peut accueillir des disques durs d&#8217;une largeur de 52 mm \u00e0 60 mm et d&#8217;une \u00e9paisseur inf\u00e9rieure \u00e0 12 mm.<\/p>\n<p>Les plaques sup\u00e9rieure et inf\u00e9rieure sont con\u00e7ues pour \u00e9viter les orifices de dissipation de la chaleur du bo\u00eetier, ce qui garantit que les performances de refroidissement de l&#8217;appareil photo ne sont pas affect\u00e9es. La plaque sup\u00e9rieure est compatible avec la poign\u00e9e sup\u00e9rieure native de PYXIS et comporte \u00e9galement un adaptateur amovible de 3\/8 \u00e0 1\/4, ce qui permet aux utilisateurs de choisir diff\u00e9rentes poign\u00e9es sup\u00e9rieures pour s&#8217;adapter \u00e0 des installations de diff\u00e9rentes tailles.<\/p>\n<p>Le kit de base comprend la poign\u00e9e sup\u00e9rieure Xeno, qui se connecte \u00e0 la plaque sup\u00e9rieure via le rail NATO. Cela permet d&#8217;am\u00e9liorer la maniabilit\u00e9 et les possibilit\u00e9s d&#8217;utilisation gr\u00e2ce \u00e0 un design \u00e9l\u00e9gant et \u00e0 un d\u00e9gagement accru. Cette poign\u00e9e offre de multiples options de montage pour des accessoires suppl\u00e9mentaires, y compris des filetages 1\/4\u2033-20 et un r\u00e9cepteur Cold Shoe, parfait pour le montage d&#8217;un moniteur externe.<\/p>\n<p>La plaque de base LWS de 15 mm et les deux tiges de 15 mm incluses permettent aux utilisateurs de monter des accessoires \u00e0 tige tels que des matte boxes ou des syst\u00e8mes de suivi de la mise au point. Sur la partie inf\u00e9rieure de la plaque de base se trouve un r\u00e9cepteur \u00e0 queue d&#8217;aronde Tilta Standard, qui peut \u00eatre adapt\u00e9 pour fonctionner avec des queues d&#8217;aronde Arri Standard gr\u00e2ce \u00e0 notre plaque de base multifonctionnelle optionnelle Tilta Standard vers Arri Standard.<\/p>\n<p>La plaque de batterie se monte et se verrouille facilement dans le compartiment de la batterie du Pyxis afin d&#8217;alimenter l&#8217;appareil photo et peut \u00eatre fix\u00e9e \u00e0 la plaque sup\u00e9rieure \u00e0 l&#8217;aide d&#8217;une vis \u00e0 oreilles.<\/p>\n<p>La plaque de batterie comprend 2x ports P-Tap 14,8V, 1x port Lemo 14,8V 2 broches, 1x port USB-C et un port d&#8217;entr\u00e9e d&#8217;alimentation DC.<\/p>\n<\/div>\n","protected":false},"excerpt":{"rendered":"<p>Pr\u00e9sentation de la cage de cam\u00e9ra pour le kit Blackmagic PYXIS 6K Pro Cette cage de cam\u00e9ra fournit une armure de protection pour le corps de la cam\u00e9ra et utilise des choix de conception modulaire pour am\u00e9liorer consid\u00e9rablement la fonctionnalit\u00e9 [&hellip;]<\/p>\n","protected":false},"featured_media":2013770,"comment_status":"open","ping_status":"closed","template":"","meta":[],"product_cat":[3388],"product_tag":[],"acf":[],"gallery_images":[2013764,2013758,2013752,2013788,2013782,2013776],"_links":{"self":[{"href":"https:\/\/eu.tilta.com\/fr\/wp-json\/wp\/v2\/product\/2018015"}],"collection":[{"href":"https:\/\/eu.tilta.com\/fr\/wp-json\/wp\/v2\/product"}],"about":[{"href":"https:\/\/eu.tilta.com\/fr\/wp-json\/wp\/v2\/types\/product"}],"replies":[{"embeddable":true,"href":"https:\/\/eu.tilta.com\/fr\/wp-json\/wp\/v2\/comments?post=2018015"}],"wp:featuredmedia":[{"embeddable":true,"href":"https:\/\/eu.tilta.com\/fr\/wp-json\/wp\/v2\/media\/2013770"}],"wp:attachment":[{"href":"https:\/\/eu.tilta.com\/fr\/wp-json\/wp\/v2\/media?parent=2018015"}],"wp:term":[{"taxonomy":"product_cat","embeddable":true,"href":"https:\/\/eu.tilta.com\/fr\/wp-json\/wp\/v2\/product_cat?post=2018015"},{"taxonomy":"product_tag","embeddable":true,"href":"https:\/\/eu.tilta.com\/fr\/wp-json\/wp\/v2\/product_tag?post=2018015"}],"curies":[{"name":"wp","href":"https:\/\/api.w.org\/{rel}","templated":true}]}}