{"id":2018026,"date":"2024-03-15T23:00:48","date_gmt":"2024-03-15T22:00:48","guid":{"rendered":"https:\/\/eu.tilta.com\/shop\/tournevis-a-tete-plate-tilta-avec-cle-allen-m3\/"},"modified":"2026-02-16T09:01:04","modified_gmt":"2026-02-16T08:01:04","slug":"tilta-flat-head-screwdriver-with-m3-allen-key-2","status":"publish","type":"product","link":"https:\/\/eu.tilta.com\/fr\/shop\/tilta-flat-head-screwdriver-with-m3-allen-key-2\/","title":{"rendered":"Tournevis \u00e0 t\u00eate plate Tilta avec cl\u00e9 Allen M3"},"content":{"rendered":"<div class=\"overview-text\">\n<p>Ce tournevis \u00e0 t\u00eate plate avec cl\u00e9 Allen M3 remplace celui qui est fourni avec la plupart de nos cages d&#8217;appareil photo.<\/p>\n<p>Cela permet d&#8217;assembler la cage ou d&#8217;autres accessoires sans avoir besoin d&#8217;outils suppl\u00e9mentaires.<\/p>\n<p>Veuillez noter que cet accessoire n&#8217;est pas magn\u00e9tique. Il est con\u00e7u pour \u00eatre fix\u00e9 \u00e0 l&#8217;aimant situ\u00e9 au bas de la plupart de nos cages \u00e0 cam\u00e9ra.<\/p>\n<\/div>\n","protected":false},"excerpt":{"rendered":"<p>Ce tournevis \u00e0 t\u00eate plate avec cl\u00e9 Allen M3 remplace celui qui est fourni avec la plupart de nos cages d&#8217;appareil photo. Cela permet d&#8217;assembler la cage ou d&#8217;autres accessoires sans avoir besoin d&#8217;outils suppl\u00e9mentaires. Veuillez noter que cet accessoire [&hellip;]<\/p>\n","protected":false},"featured_media":2018030,"comment_status":"closed","ping_status":"closed","template":"","meta":[],"product_cat":[4448,1880,2063],"product_tag":[],"acf":[],"gallery_images":[1974564,1974565],"_links":{"self":[{"href":"https:\/\/eu.tilta.com\/fr\/wp-json\/wp\/v2\/product\/2018026"}],"collection":[{"href":"https:\/\/eu.tilta.com\/fr\/wp-json\/wp\/v2\/product"}],"about":[{"href":"https:\/\/eu.tilta.com\/fr\/wp-json\/wp\/v2\/types\/product"}],"replies":[{"embeddable":true,"href":"https:\/\/eu.tilta.com\/fr\/wp-json\/wp\/v2\/comments?post=2018026"}],"wp:featuredmedia":[{"embeddable":true,"href":"https:\/\/eu.tilta.com\/fr\/wp-json\/wp\/v2\/media\/2018030"}],"wp:attachment":[{"href":"https:\/\/eu.tilta.com\/fr\/wp-json\/wp\/v2\/media?parent=2018026"}],"wp:term":[{"taxonomy":"product_cat","embeddable":true,"href":"https:\/\/eu.tilta.com\/fr\/wp-json\/wp\/v2\/product_cat?post=2018026"},{"taxonomy":"product_tag","embeddable":true,"href":"https:\/\/eu.tilta.com\/fr\/wp-json\/wp\/v2\/product_tag?post=2018026"}],"curies":[{"name":"wp","href":"https:\/\/api.w.org\/{rel}","templated":true}]}}