{"id":2018029,"date":"2024-11-27T10:56:07","date_gmt":"2024-11-27T09:56:07","guid":{"rendered":"https:\/\/eu.tilta.com\/shop\/cage-de-camera-pour-blackmagic-pyxis-6k-base-kit\/"},"modified":"2025-12-05T14:01:47","modified_gmt":"2025-12-05T13:01:47","slug":"camera-cage-for-blackmagic-pyxis-6k-base-kit","status":"publish","type":"product","link":"https:\/\/eu.tilta.com\/fr\/shop\/camera-cage-for-blackmagic-pyxis-6k-base-kit\/","title":{"rendered":"Cage de cam\u00e9ra pour Blackmagic PYXIS 6K Base Kit"},"content":{"rendered":"<div class=\"overview-text\">\n<p><em>Pr\u00e9sentation de la cage de cam\u00e9ra pour le kit de base Blackmagic PYXIS 6K<\/em><\/p>\n<p>Cette cage de cam\u00e9ra fournit une armure de protection pour le corps de la cam\u00e9ra et utilise des choix de conception modulaire pour am\u00e9liorer consid\u00e9rablement la fonctionnalit\u00e9 de la Pyxis gr\u00e2ce \u00e0 des options de montage comme le rail NATO, Arri Rosette, Cold Shoe, les filetages 3\/8\u2033-16 et 1\/4\u2033-20 avec des points de rep\u00e8re.<\/p>\n<p>La plaque lat\u00e9rale permet de passer rapidement \u00e0 des configurations verticales, car elle peut \u00eatre utilis\u00e9e comme plaque inf\u00e9rieure lors d&#8217;un montage vertical et offre suffisamment d&#8217;espace entre les tiges et l&#8217;objectif pour la plupart des accessoires. Dans cette configuration, la plaque comporte des filets sp\u00e9cifiquement positionn\u00e9s pour aligner la plaque de base avec le centre optique de l&#8217;objectif.<\/p>\n<p>Cette plaque lat\u00e9rale prend \u00e9galement en charge l&#8217;enregistrement externe via le support SSD int\u00e9gr\u00e9 et dispose de plusieurs filetages 1\/4&#8243;-20 pour divers accessoires. Le support SSD peut accueillir des disques durs d&#8217;une largeur de 52 mm \u00e0 60 mm et d&#8217;une \u00e9paisseur inf\u00e9rieure \u00e0 12 mm.<\/p>\n<p>Les plaques sup\u00e9rieure et inf\u00e9rieure sont con\u00e7ues pour \u00e9viter les orifices de dissipation de la chaleur du bo\u00eetier, ce qui garantit que les performances de refroidissement de l&#8217;appareil photo ne sont pas affect\u00e9es. La plaque sup\u00e9rieure est compatible avec la poign\u00e9e sup\u00e9rieure native de PYXIS et comporte \u00e9galement un adaptateur amovible de 3\/8 \u00e0 1\/4, ce qui permet aux utilisateurs de choisir diff\u00e9rentes poign\u00e9es sup\u00e9rieures pour s&#8217;adapter \u00e0 des installations de diff\u00e9rentes tailles.<\/p>\n<p>Le kit de base comprend la poign\u00e9e sup\u00e9rieure Xeno, qui se connecte \u00e0 la plaque sup\u00e9rieure via le rail NATO. Cela permet d&#8217;am\u00e9liorer la maniabilit\u00e9 et les possibilit\u00e9s d&#8217;utilisation gr\u00e2ce \u00e0 un design \u00e9l\u00e9gant et \u00e0 un d\u00e9gagement accru. Cette poign\u00e9e offre de multiples options de montage pour des accessoires suppl\u00e9mentaires, y compris des filetages 1\/4\u2033-20 et un r\u00e9cepteur Cold Shoe, parfait pour le montage d&#8217;un moniteur externe.<\/p>\n<p>La poign\u00e9e lat\u00e9rale Xeno est \u00e9galement incluse. Elle utilise une connexion OTAN pour se fixer sur le c\u00f4t\u00e9 gauche ou droit de la cage. Avec une hauteur r\u00e9glable de 40 mm, les utilisateurs peuvent adapter la poign\u00e9e \u00e0 leur position pr\u00e9f\u00e9r\u00e9e, ce qui am\u00e9liore le confort lors des prises de vue \u00e0 main lev\u00e9e, quelle que soit la dur\u00e9e.<\/p>\n<p>La poign\u00e9e en silicone antid\u00e9rapant offre une prise en main textur\u00e9e qui am\u00e9liore la stabilit\u00e9 pour une prise en main s\u00fbre. Elle comporte des points de montage tels qu&#8217;un r\u00e9cepteur Cold Shoe et un filetage 1\/4\u2033-20 avec des points de rep\u00e9rage pour des accessoires suppl\u00e9mentaires.<\/p>\n<\/div>\n","protected":false},"excerpt":{"rendered":"<p>Pr\u00e9sentation de la cage de cam\u00e9ra pour le kit de base Blackmagic PYXIS 6K Cette cage de cam\u00e9ra fournit une armure de protection pour le corps de la cam\u00e9ra et utilise des choix de conception modulaire pour am\u00e9liorer consid\u00e9rablement la [&hellip;]<\/p>\n","protected":false},"featured_media":2013730,"comment_status":"open","ping_status":"closed","template":"","meta":[],"product_cat":[3388],"product_tag":[],"acf":[],"gallery_images":[2013724,2013718,2013712,2013706,2013700,2013694],"_links":{"self":[{"href":"https:\/\/eu.tilta.com\/fr\/wp-json\/wp\/v2\/product\/2018029"}],"collection":[{"href":"https:\/\/eu.tilta.com\/fr\/wp-json\/wp\/v2\/product"}],"about":[{"href":"https:\/\/eu.tilta.com\/fr\/wp-json\/wp\/v2\/types\/product"}],"replies":[{"embeddable":true,"href":"https:\/\/eu.tilta.com\/fr\/wp-json\/wp\/v2\/comments?post=2018029"}],"wp:featuredmedia":[{"embeddable":true,"href":"https:\/\/eu.tilta.com\/fr\/wp-json\/wp\/v2\/media\/2013730"}],"wp:attachment":[{"href":"https:\/\/eu.tilta.com\/fr\/wp-json\/wp\/v2\/media?parent=2018029"}],"wp:term":[{"taxonomy":"product_cat","embeddable":true,"href":"https:\/\/eu.tilta.com\/fr\/wp-json\/wp\/v2\/product_cat?post=2018029"},{"taxonomy":"product_tag","embeddable":true,"href":"https:\/\/eu.tilta.com\/fr\/wp-json\/wp\/v2\/product_tag?post=2018029"}],"curies":[{"name":"wp","href":"https:\/\/api.w.org\/{rel}","templated":true}]}}