{"id":2018059,"date":"2024-03-15T22:59:24","date_gmt":"2024-03-15T21:59:24","guid":{"rendered":"https:\/\/eu.tilta.com\/shop\/plaque-de-batterie-pour-sony-fx9-type-iii\/"},"modified":"2025-12-05T14:02:25","modified_gmt":"2025-12-05T13:02:25","slug":"battery-plate-for-sony-fx9-type-iii-v-mount","status":"publish","type":"product","link":"https:\/\/eu.tilta.com\/fr\/shop\/battery-plate-for-sony-fx9-type-iii-v-mount\/","title":{"rendered":"Plaque de batterie pour Sony FX9 Type III"},"content":{"rendered":"<p>Cette plaque de batterie est sp\u00e9cialement con\u00e7ue pour notre cage Sony PXW-FX9 et est disponible en version Gold Mount ou V Mount.<\/p>\n<p>Il se fixe directement \u00e0 l&#8217;arri\u00e8re de la plaque sup\u00e9rieure de la cage de cam\u00e9ra Tilta pour Sony FX9.<br \/>\net embrasse le dos de l&#8217;appareil.<\/p>\n<p>La plaque de batterie fournit plusieurs sorties d&#8217;alimentation diff\u00e9rentes pour vous permettre d&#8217;alimenter des accessoires et se connecte \u00e0 l&#8217;appareil photo via un c\u00e2ble CC d\u00e9di\u00e9.<\/p>\n<p>La plaque peut \u00e9galement \u00eatre r\u00e9gl\u00e9e \u00e0 diff\u00e9rentes distances du bo\u00eetier de l&#8217;appareil photo afin de mieux \u00e9quilibrer le syst\u00e8me sur votre \u00e9paule.<\/p>\n<p>Cette plaque de batterie comprend les ports suivants :<\/p>\n<p>2x sorties de puissance P-Tap<br \/>\n2 sorties d&#8217;alimentation \u00e0 2 broches<br \/>\n1x entr\u00e9e d&#8217;alimentation \u00e0 6 broches<\/p>\n<p>&nbsp;<\/p>\n","protected":false},"excerpt":{"rendered":"<p>Cette plaque de batterie est sp\u00e9cialement con\u00e7ue pour notre cage Sony PXW-FX9 et est disponible en version Gold Mount ou V Mount. Il se fixe directement \u00e0 l&#8217;arri\u00e8re de la plaque sup\u00e9rieure de la cage de cam\u00e9ra Tilta pour Sony [&hellip;]<\/p>\n","protected":false},"featured_media":2018065,"comment_status":"closed","ping_status":"closed","template":"","meta":[],"product_cat":[1675,2036],"product_tag":[],"acf":[],"gallery_images":[2018066],"_links":{"self":[{"href":"https:\/\/eu.tilta.com\/fr\/wp-json\/wp\/v2\/product\/2018059"}],"collection":[{"href":"https:\/\/eu.tilta.com\/fr\/wp-json\/wp\/v2\/product"}],"about":[{"href":"https:\/\/eu.tilta.com\/fr\/wp-json\/wp\/v2\/types\/product"}],"replies":[{"embeddable":true,"href":"https:\/\/eu.tilta.com\/fr\/wp-json\/wp\/v2\/comments?post=2018059"}],"wp:featuredmedia":[{"embeddable":true,"href":"https:\/\/eu.tilta.com\/fr\/wp-json\/wp\/v2\/media\/2018065"}],"wp:attachment":[{"href":"https:\/\/eu.tilta.com\/fr\/wp-json\/wp\/v2\/media?parent=2018059"}],"wp:term":[{"taxonomy":"product_cat","embeddable":true,"href":"https:\/\/eu.tilta.com\/fr\/wp-json\/wp\/v2\/product_cat?post=2018059"},{"taxonomy":"product_tag","embeddable":true,"href":"https:\/\/eu.tilta.com\/fr\/wp-json\/wp\/v2\/product_tag?post=2018059"}],"curies":[{"name":"wp","href":"https:\/\/api.w.org\/{rel}","templated":true}]}}