{"id":2018064,"date":"2024-11-26T07:41:19","date_gmt":"2024-11-26T06:41:19","guid":{"rendered":"https:\/\/eu.tilta.com\/shop\/plaque-de-batterie-pour-blackmagic-pyxis-6k\/"},"modified":"2025-12-05T14:02:25","modified_gmt":"2025-12-05T13:02:25","slug":"battery-plate-for-blackmagic-pyxis-6k","status":"publish","type":"product","link":"https:\/\/eu.tilta.com\/fr\/shop\/battery-plate-for-blackmagic-pyxis-6k\/","title":{"rendered":"Plaque de batterie pour Blackmagic PYXIS 6K"},"content":{"rendered":"<p><em>Pr\u00e9sentation de la plaque de batterie pour Blackmagic PYXIS 6K<\/em><\/p>\n<p>Cette plaque de batterie se monte et se verrouille facilement dans le compartiment de la batterie du Pyxis afin de fournir de l&#8217;\u00e9nergie par le biais d&#8217;une connexion de type batterie factice.<\/p>\n<p>Cela permet aux utilisateurs d&#8217;alimenter leur appareil photo et leurs accessoires \u00e0 l&#8217;aide de batteries V-Mount ou Gold Mount de plus grande capacit\u00e9, ce qui peut augmenter consid\u00e9rablement l&#8217;autonomie de l&#8217;appareil photo par rapport aux batteries internes.<\/p>\n<p>La plaque de batterie comprend 2x ports P-Tap 14,8V, 1x port Lemo 14,8V 2 broches, 1x port USB-C et un port d&#8217;entr\u00e9e d&#8217;alimentation DC.<\/p>\n<p>Ce port d&#8217;entr\u00e9e DC est parfait pour l&#8217;\u00e9change \u00e0 chaud de batteries ou pour les constructions l\u00e9g\u00e8res, car il permet aux utilisateurs d&#8217;alimenter la plaque de batterie via une source d&#8217;alimentation externe. (c\u00e2ble d&#8217;alimentation non inclus)<\/p>\n<p>Si vous utilisez la plaque sup\u00e9rieure (non incluse), cette plaque de batterie peut \u00eatre fix\u00e9e \u00e0 l&#8217;aide d&#8217;une vis \u00e0 oreilles.<\/p>\n","protected":false},"excerpt":{"rendered":"<p>Pr\u00e9sentation de la plaque de batterie pour Blackmagic PYXIS 6K Cette plaque de batterie se monte et se verrouille facilement dans le compartiment de la batterie du Pyxis afin de fournir de l&#8217;\u00e9nergie par le biais d&#8217;une connexion de type [&hellip;]<\/p>\n","protected":false},"featured_media":2013490,"comment_status":"open","ping_status":"closed","template":"","meta":[],"product_cat":[3388],"product_tag":[],"acf":[],"gallery_images":[2013484,2013478,2013472,2013466,2013460],"_links":{"self":[{"href":"https:\/\/eu.tilta.com\/fr\/wp-json\/wp\/v2\/product\/2018064"}],"collection":[{"href":"https:\/\/eu.tilta.com\/fr\/wp-json\/wp\/v2\/product"}],"about":[{"href":"https:\/\/eu.tilta.com\/fr\/wp-json\/wp\/v2\/types\/product"}],"replies":[{"embeddable":true,"href":"https:\/\/eu.tilta.com\/fr\/wp-json\/wp\/v2\/comments?post=2018064"}],"wp:featuredmedia":[{"embeddable":true,"href":"https:\/\/eu.tilta.com\/fr\/wp-json\/wp\/v2\/media\/2013490"}],"wp:attachment":[{"href":"https:\/\/eu.tilta.com\/fr\/wp-json\/wp\/v2\/media?parent=2018064"}],"wp:term":[{"taxonomy":"product_cat","embeddable":true,"href":"https:\/\/eu.tilta.com\/fr\/wp-json\/wp\/v2\/product_cat?post=2018064"},{"taxonomy":"product_tag","embeddable":true,"href":"https:\/\/eu.tilta.com\/fr\/wp-json\/wp\/v2\/product_tag?post=2018064"}],"curies":[{"name":"wp","href":"https:\/\/api.w.org\/{rel}","templated":true}]}}