{"id":2018068,"date":"2024-11-26T04:30:54","date_gmt":"2024-11-26T03:30:54","guid":{"rendered":"https:\/\/eu.tilta.com\/shop\/adaptateur-de-griffe-froide-pour-tilta-mirage\/"},"modified":"2025-12-05T14:02:10","modified_gmt":"2025-12-05T13:02:10","slug":"cold-shoe-adapter-for-tilta-mirage","status":"publish","type":"product","link":"https:\/\/eu.tilta.com\/fr\/shop\/cold-shoe-adapter-for-tilta-mirage\/","title":{"rendered":"Adaptateur de griffe froide pour Tilta Mirage"},"content":{"rendered":"<p>Cet adaptateur Cold Shoe pour le Tilta Mirage est l&#8217;accessoire parfait pour \u00e9tendre les options de montage de la bo\u00eete \u00e0 mats Mirage.<\/p>\n<p>Cet adaptateur remplace le Top Flag et fournit un r\u00e9cepteur Cold Shoe centr\u00e9, qui est parfait pour une gamme d&#8217;accessoires allant des petites lumi\u00e8res LED au t\u00e9l\u00e9m\u00e8tre DJI LiDAR.<\/p>\n<p>Cela permet aux utilisateurs de monter des accessoires bas\u00e9s sur la chaussure froide directement sur l&#8217;avant de l&#8217;objectif lors de l&#8217;utilisation de la bo\u00eete \u00e0 mats Mirage.<\/p>\n","protected":false},"excerpt":{"rendered":"<p>Cet adaptateur Cold Shoe pour le Tilta Mirage est l&#8217;accessoire parfait pour \u00e9tendre les options de montage de la bo\u00eete \u00e0 mats Mirage. Cet adaptateur remplace le Top Flag et fournit un r\u00e9cepteur Cold Shoe centr\u00e9, qui est parfait pour [&hellip;]<\/p>\n","protected":false},"featured_media":2013453,"comment_status":"open","ping_status":"closed","template":"","meta":[],"product_cat":[3257],"product_tag":[],"acf":[],"gallery_images":[2013447,2013441,2013435],"_links":{"self":[{"href":"https:\/\/eu.tilta.com\/fr\/wp-json\/wp\/v2\/product\/2018068"}],"collection":[{"href":"https:\/\/eu.tilta.com\/fr\/wp-json\/wp\/v2\/product"}],"about":[{"href":"https:\/\/eu.tilta.com\/fr\/wp-json\/wp\/v2\/types\/product"}],"replies":[{"embeddable":true,"href":"https:\/\/eu.tilta.com\/fr\/wp-json\/wp\/v2\/comments?post=2018068"}],"wp:featuredmedia":[{"embeddable":true,"href":"https:\/\/eu.tilta.com\/fr\/wp-json\/wp\/v2\/media\/2013453"}],"wp:attachment":[{"href":"https:\/\/eu.tilta.com\/fr\/wp-json\/wp\/v2\/media?parent=2018068"}],"wp:term":[{"taxonomy":"product_cat","embeddable":true,"href":"https:\/\/eu.tilta.com\/fr\/wp-json\/wp\/v2\/product_cat?post=2018068"},{"taxonomy":"product_tag","embeddable":true,"href":"https:\/\/eu.tilta.com\/fr\/wp-json\/wp\/v2\/product_tag?post=2018068"}],"curies":[{"name":"wp","href":"https:\/\/api.w.org\/{rel}","templated":true}]}}