{"id":2018079,"date":"2024-11-26T11:32:20","date_gmt":"2024-11-26T10:32:20","guid":{"rendered":"https:\/\/eu.tilta.com\/shop\/cage-de-camera-complete-pour-blackmagic-pyxis-6k\/"},"modified":"2025-12-05T14:02:15","modified_gmt":"2025-12-05T13:02:15","slug":"full-camera-cage-for-blackmagic-pyxis-6k","status":"publish","type":"product","link":"https:\/\/eu.tilta.com\/fr\/shop\/full-camera-cage-for-blackmagic-pyxis-6k\/","title":{"rendered":"Cage de cam\u00e9ra compl\u00e8te pour Blackmagic PYXIS 6K"},"content":{"rendered":"<div class=\"overview-text\">\n<p><em>Pr\u00e9sentation de la cage de cam\u00e9ra compl\u00e8te pour Blackmagic PYXIS 6K<\/em><\/p>\n<p>Cette cage de cam\u00e9ra fournit une armure de protection pour le corps de la cam\u00e9ra et utilise des choix de conception modulaire pour am\u00e9liorer consid\u00e9rablement la fonctionnalit\u00e9 de la Pyxis gr\u00e2ce \u00e0 des options de montage comme le rail NATO, Arri Rosette, Cold Shoe, les filetages 3\/8\u2033-16 et 1\/4\u2033-20 avec des points de rep\u00e8re.<\/p>\n<p>Les cinq composants principaux de la cage compl\u00e8te sont la plaque sup\u00e9rieure, la plaque inf\u00e9rieure, la plaque lat\u00e9rale, le bras lat\u00e9ral gauche et le bras lat\u00e9ral droit, qui sont tous con\u00e7us pour s&#8217;harmoniser avec l&#8217;esth\u00e9tique native de l&#8217;appareil photo. Les plaques sup\u00e9rieure, inf\u00e9rieure et lat\u00e9rale peuvent \u00e9galement \u00eatre utilis\u00e9es ind\u00e9pendamment afin de s&#8217;adapter \u00e0 une vari\u00e9t\u00e9 de cam\u00e9ras de tailles diff\u00e9rentes.<\/p>\n<p>La plaque lat\u00e9rale permet de passer rapidement d&#8217;une configuration horizontale \u00e0 une configuration verticale, car elle peut \u00eatre utilis\u00e9e comme plaque inf\u00e9rieure lors d&#8217;un montage vertical et offre suffisamment d&#8217;espace entre les tiges et l&#8217;objectif pour la plupart des accessoires. Dans cette configuration verticale, la plaque inf\u00e9rieure comporte des filets sp\u00e9cifiquement positionn\u00e9s pour aligner la plaque de base avec le centre optique de l&#8217;objectif.<\/p>\n<p>Cette plaque lat\u00e9rale prend \u00e9galement en charge l&#8217;enregistrement externe via le support SSD int\u00e9gr\u00e9 et dispose de plusieurs filetages 1\/4&#8243;-20 pour divers accessoires, y compris des pinces pour smartphone pour les installations de livestream. Le support SSD peut accueillir des disques durs d&#8217;une largeur de 52 mm \u00e0 60 mm et d&#8217;une \u00e9paisseur inf\u00e9rieure \u00e0 12 mm.<\/p>\n<p>Les plaques sup\u00e9rieure et inf\u00e9rieure sont con\u00e7ues pour \u00e9viter les orifices de dissipation de la chaleur du bo\u00eetier, ce qui garantit que les performances de refroidissement de l&#8217;appareil photo ne sont pas affect\u00e9es.<\/p>\n<p>La plaque sup\u00e9rieure est compatible avec la poign\u00e9e sup\u00e9rieure native de PYXIS et comporte \u00e9galement un adaptateur amovible de 3\/8 \u00e0 1\/4, ce qui permet aux utilisateurs de choisir diff\u00e9rentes poign\u00e9es sup\u00e9rieures pour s&#8217;adapter \u00e0 des installations de diff\u00e9rentes tailles.<\/p>\n<\/div>\n","protected":false},"excerpt":{"rendered":"<p>Pr\u00e9sentation de la cage de cam\u00e9ra compl\u00e8te pour Blackmagic PYXIS 6K Cette cage de cam\u00e9ra fournit une armure de protection pour le corps de la cam\u00e9ra et utilise des choix de conception modulaire pour am\u00e9liorer consid\u00e9rablement la fonctionnalit\u00e9 de la [&hellip;]<\/p>\n","protected":false},"featured_media":2013566,"comment_status":"open","ping_status":"closed","template":"","meta":[],"product_cat":[3388],"product_tag":[],"acf":[],"gallery_images":[2013560,2013554,2013548,2013542,2013536,2013530],"_links":{"self":[{"href":"https:\/\/eu.tilta.com\/fr\/wp-json\/wp\/v2\/product\/2018079"}],"collection":[{"href":"https:\/\/eu.tilta.com\/fr\/wp-json\/wp\/v2\/product"}],"about":[{"href":"https:\/\/eu.tilta.com\/fr\/wp-json\/wp\/v2\/types\/product"}],"replies":[{"embeddable":true,"href":"https:\/\/eu.tilta.com\/fr\/wp-json\/wp\/v2\/comments?post=2018079"}],"wp:featuredmedia":[{"embeddable":true,"href":"https:\/\/eu.tilta.com\/fr\/wp-json\/wp\/v2\/media\/2013566"}],"wp:attachment":[{"href":"https:\/\/eu.tilta.com\/fr\/wp-json\/wp\/v2\/media?parent=2018079"}],"wp:term":[{"taxonomy":"product_cat","embeddable":true,"href":"https:\/\/eu.tilta.com\/fr\/wp-json\/wp\/v2\/product_cat?post=2018079"},{"taxonomy":"product_tag","embeddable":true,"href":"https:\/\/eu.tilta.com\/fr\/wp-json\/wp\/v2\/product_tag?post=2018079"}],"curies":[{"name":"wp","href":"https:\/\/api.w.org\/{rel}","templated":true}]}}