{"id":2018091,"date":"2024-11-26T08:37:26","date_gmt":"2024-11-26T07:37:26","guid":{"rendered":"https:\/\/eu.tilta.com\/shop\/plaque-laterale-pour-blackmagic-pyxis-6k\/"},"modified":"2025-12-05T14:02:19","modified_gmt":"2025-12-05T13:02:19","slug":"side-plate-for-blackmagic-pyxis-6k","status":"publish","type":"product","link":"https:\/\/eu.tilta.com\/fr\/shop\/side-plate-for-blackmagic-pyxis-6k\/","title":{"rendered":"Plaque lat\u00e9rale pour Blackmagic PYXIS 6K"},"content":{"rendered":"<div class=\"overview-text\">\n<p><em>Pr\u00e9sentation de la plaque lat\u00e9rale pour Blackmagic PYXIS 6K<\/em><\/p>\n<p>Cette plaque lat\u00e9rale peut \u00e9galement \u00eatre utilis\u00e9e ind\u00e9pendamment afin de s&#8217;adapter \u00e0 une vari\u00e9t\u00e9 de cam\u00e9ras de tailles diff\u00e9rentes.<\/p>\n<p>La plaque lat\u00e9rale permet de passer rapidement d&#8217;une configuration horizontale \u00e0 une configuration verticale, car elle peut \u00eatre utilis\u00e9e comme plaque inf\u00e9rieure lors d&#8217;un montage vertical et offre suffisamment d&#8217;espace entre les tiges et l&#8217;objectif pour la plupart des accessoires.<\/p>\n<p>Dans cette configuration verticale, la plaque inf\u00e9rieure comporte des filets sp\u00e9cifiquement positionn\u00e9s pour aligner la plaque de base avec le centre optique de l&#8217;objectif.<\/p>\n<p>Cette plaque lat\u00e9rale prend \u00e9galement en charge l&#8217;enregistrement externe via le support SSD int\u00e9gr\u00e9 et dispose de plusieurs filetages 1\/4&#8243;-20 pour divers accessoires, y compris des pinces pour smartphone pour les installations de livestream.<\/p>\n<p>Le support SSD peut accueillir des disques durs d&#8217;une largeur de 52 \u00e0 60 mm et d&#8217;une \u00e9paisseur inf\u00e9rieure \u00e0 12 mm.<\/p>\n<\/div>\n","protected":false},"excerpt":{"rendered":"<p>Pr\u00e9sentation de la plaque lat\u00e9rale pour Blackmagic PYXIS 6K Cette plaque lat\u00e9rale peut \u00e9galement \u00eatre utilis\u00e9e ind\u00e9pendamment afin de s&#8217;adapter \u00e0 une vari\u00e9t\u00e9 de cam\u00e9ras de tailles diff\u00e9rentes. La plaque lat\u00e9rale permet de passer rapidement d&#8217;une configuration horizontale \u00e0 une [&hellip;]<\/p>\n","protected":false},"featured_media":2013523,"comment_status":"open","ping_status":"closed","template":"","meta":[],"product_cat":[3388],"product_tag":[],"acf":[],"gallery_images":[2013517,2013511,2013505,2013499],"_links":{"self":[{"href":"https:\/\/eu.tilta.com\/fr\/wp-json\/wp\/v2\/product\/2018091"}],"collection":[{"href":"https:\/\/eu.tilta.com\/fr\/wp-json\/wp\/v2\/product"}],"about":[{"href":"https:\/\/eu.tilta.com\/fr\/wp-json\/wp\/v2\/types\/product"}],"replies":[{"embeddable":true,"href":"https:\/\/eu.tilta.com\/fr\/wp-json\/wp\/v2\/comments?post=2018091"}],"wp:featuredmedia":[{"embeddable":true,"href":"https:\/\/eu.tilta.com\/fr\/wp-json\/wp\/v2\/media\/2013523"}],"wp:attachment":[{"href":"https:\/\/eu.tilta.com\/fr\/wp-json\/wp\/v2\/media?parent=2018091"}],"wp:term":[{"taxonomy":"product_cat","embeddable":true,"href":"https:\/\/eu.tilta.com\/fr\/wp-json\/wp\/v2\/product_cat?post=2018091"},{"taxonomy":"product_tag","embeddable":true,"href":"https:\/\/eu.tilta.com\/fr\/wp-json\/wp\/v2\/product_tag?post=2018091"}],"curies":[{"name":"wp","href":"https:\/\/api.w.org\/{rel}","templated":true}]}}