{"id":2018104,"date":"2024-07-30T10:35:15","date_gmt":"2024-07-30T08:35:15","guid":{"rendered":"https:\/\/eu.tilta.com\/shop\/tilta-6x6-top-flag-pour-mb-t06-matte-box\/"},"modified":"2026-02-16T09:01:05","modified_gmt":"2026-02-16T08:01:05","slug":"tilta-6x6-top-flag-for-mb-t06-matte-box","status":"publish","type":"product","link":"https:\/\/eu.tilta.com\/fr\/shop\/tilta-6x6-top-flag-for-mb-t06-matte-box\/","title":{"rendered":"Tilta 6&#215;6 Top Flag pour MB-T06 Matte Box"},"content":{"rendered":"<p>Le plateau de filtre 6 x 6 de Tilta pour la bo\u00eete \u00e0 matte MB-T06 pr\u00e9sente un design carr\u00e9 et est fabriqu\u00e9 en aluminium l\u00e9ger. Il est compatible avec la bo\u00eete de matage en fibre de carbone MB-T06.<\/p>\n","protected":false},"excerpt":{"rendered":"<p>Le plateau de filtre 6 x 6 de Tilta pour la bo\u00eete \u00e0 matte MB-T06 pr\u00e9sente un design carr\u00e9 et est fabriqu\u00e9 en aluminium l\u00e9ger. Il est compatible avec la bo\u00eete de matage en fibre de carbone MB-T06.<\/p>\n","protected":false},"featured_media":1999885,"comment_status":"closed","ping_status":"closed","template":"","meta":[],"product_cat":[4448,2422],"product_tag":[],"acf":[],"gallery_images":[],"_links":{"self":[{"href":"https:\/\/eu.tilta.com\/fr\/wp-json\/wp\/v2\/product\/2018104"}],"collection":[{"href":"https:\/\/eu.tilta.com\/fr\/wp-json\/wp\/v2\/product"}],"about":[{"href":"https:\/\/eu.tilta.com\/fr\/wp-json\/wp\/v2\/types\/product"}],"replies":[{"embeddable":true,"href":"https:\/\/eu.tilta.com\/fr\/wp-json\/wp\/v2\/comments?post=2018104"}],"wp:featuredmedia":[{"embeddable":true,"href":"https:\/\/eu.tilta.com\/fr\/wp-json\/wp\/v2\/media\/1999885"}],"wp:attachment":[{"href":"https:\/\/eu.tilta.com\/fr\/wp-json\/wp\/v2\/media?parent=2018104"}],"wp:term":[{"taxonomy":"product_cat","embeddable":true,"href":"https:\/\/eu.tilta.com\/fr\/wp-json\/wp\/v2\/product_cat?post=2018104"},{"taxonomy":"product_tag","embeddable":true,"href":"https:\/\/eu.tilta.com\/fr\/wp-json\/wp\/v2\/product_tag?post=2018104"}],"curies":[{"name":"wp","href":"https:\/\/api.w.org\/{rel}","templated":true}]}}