{"id":2018118,"date":"2024-03-01T12:15:28","date_gmt":"2024-03-01T11:15:28","guid":{"rendered":"https:\/\/eu.tilta.com\/shop\/mallette-de-transport-souple-pour-nucleus-nano-ii\/"},"modified":"2025-12-05T14:02:40","modified_gmt":"2025-12-05T13:02:40","slug":"advanced-soft-carrying-case-for-nucleus-nano-ii-2","status":"publish","type":"product","link":"https:\/\/eu.tilta.com\/fr\/shop\/advanced-soft-carrying-case-for-nucleus-nano-ii-2\/","title":{"rendered":"Mallette de transport souple pour Nucleus Nano II"},"content":{"rendered":"<p>Cet \u00e9tui de transport Advanced Soft Shell est l&#8217;option parfaite pour garder votre Nucleus Nano II en s\u00e9curit\u00e9 et organis\u00e9 pendant le stockage ou le voyage.<\/p>\n<p>Les s\u00e9parateurs int\u00e9gr\u00e9s offrent des options de rangement pratiques pour la molette du Nano II, la poign\u00e9e de contr\u00f4le, plusieurs moteurs ainsi que des accessoires plus petits et divers c\u00e2bles.<\/p>\n<p>Cette mallette de transport remplace celle fournie avec le kit de poign\u00e9e de commande et peut \u00e9galement \u00eatre utilis\u00e9e pour ranger les composants du kit s&#8217;ils sont achet\u00e9s s\u00e9par\u00e9ment.<\/p>\n","protected":false},"excerpt":{"rendered":"<p>Cet \u00e9tui de transport Advanced Soft Shell est l&#8217;option parfaite pour garder votre Nucleus Nano II en s\u00e9curit\u00e9 et organis\u00e9 pendant le stockage ou le voyage. Les s\u00e9parateurs int\u00e9gr\u00e9s offrent des options de rangement pratiques pour la molette du Nano [&hellip;]<\/p>\n","protected":false},"featured_media":2018119,"comment_status":"closed","ping_status":"closed","template":"","meta":[],"product_cat":[1780],"product_tag":[],"acf":[],"gallery_images":[2018121,2018122],"_links":{"self":[{"href":"https:\/\/eu.tilta.com\/fr\/wp-json\/wp\/v2\/product\/2018118"}],"collection":[{"href":"https:\/\/eu.tilta.com\/fr\/wp-json\/wp\/v2\/product"}],"about":[{"href":"https:\/\/eu.tilta.com\/fr\/wp-json\/wp\/v2\/types\/product"}],"replies":[{"embeddable":true,"href":"https:\/\/eu.tilta.com\/fr\/wp-json\/wp\/v2\/comments?post=2018118"}],"wp:featuredmedia":[{"embeddable":true,"href":"https:\/\/eu.tilta.com\/fr\/wp-json\/wp\/v2\/media\/2018119"}],"wp:attachment":[{"href":"https:\/\/eu.tilta.com\/fr\/wp-json\/wp\/v2\/media?parent=2018118"}],"wp:term":[{"taxonomy":"product_cat","embeddable":true,"href":"https:\/\/eu.tilta.com\/fr\/wp-json\/wp\/v2\/product_cat?post=2018118"},{"taxonomy":"product_tag","embeddable":true,"href":"https:\/\/eu.tilta.com\/fr\/wp-json\/wp\/v2\/product_tag?post=2018118"}],"curies":[{"name":"wp","href":"https:\/\/api.w.org\/{rel}","templated":true}]}}