{"id":2018120,"date":"2024-01-31T22:05:51","date_gmt":"2024-01-31T21:05:51","guid":{"rendered":"https:\/\/eu.tilta.com\/shop\/poignee-laterale-tilta-xeno\/"},"modified":"2026-03-09T18:05:40","modified_gmt":"2026-03-09T17:05:40","slug":"tilta-xeno-side-handle-1-4-20-with-locating-pins-2","status":"publish","type":"product","link":"https:\/\/eu.tilta.com\/fr\/shop\/tilta-xeno-side-handle-1-4-20-with-locating-pins-2\/","title":{"rendered":"Poign\u00e9e lat\u00e9rale Tilta Xeno"},"content":{"rendered":"<p>Voici la poign\u00e9e lat\u00e9rale Tilta Xeno, une nouvelle poign\u00e9e lat\u00e9rale inspir\u00e9e par le design \u00e9pur\u00e9 et bio-m\u00e9canique du X\u00e9nomorphe.<\/p>\n<p>Cette poign\u00e9e lat\u00e9rale allie harmonieusement esth\u00e9tique et fonctionnalit\u00e9 ergonomique, offrant une prise confortable et s\u00fbre aux utilisateurs pour manipuler leur appareil de prise de vue.<\/p>\n<p>Disponible en 3 options de montage : 1\/4\u2033-20 avec goupilles de positionnement, OTAN, et double 1\/4\u2033-20.<\/p>\n<p>Con\u00e7ue pour \u00eatre polyvalente, la poign\u00e9e lat\u00e9rale Xeno peut \u00eatre mont\u00e9e aussi bien \u00e0 gauche qu&#8217;\u00e0 droite.<\/p>\n<p>Avec une hauteur r\u00e9glable de 40 mm, les utilisateurs peuvent adapter la poign\u00e9e \u00e0 leur position pr\u00e9f\u00e9r\u00e9e, ce qui am\u00e9liore le confort lors des prises de vue \u00e0 main lev\u00e9e, quelle que soit la dur\u00e9e.<\/p>\n<p>La poign\u00e9e en silicone antid\u00e9rapant offre une prise en main textur\u00e9e qui am\u00e9liore la stabilit\u00e9 pour une prise en main s\u00fbre. Elle comporte des points de montage tels qu&#8217;un r\u00e9cepteur Cold Shoe et un filetage 1\/4\u2033-20 avec des points de rep\u00e9rage pour des accessoires suppl\u00e9mentaires.<\/p>\n<p>La cl\u00e9 Allen int\u00e9gr\u00e9e permet d&#8217;assembler ou d&#8217;ajuster facilement la poign\u00e9e ou tout autre accessoire, ce qui est parfait pour les cin\u00e9astes qui privil\u00e9gient l&#8217;efficacit\u00e9 et la flexibilit\u00e9.<\/p>\n<p>Am\u00e9liorez votre appareil photo avec la poign\u00e9e lat\u00e9rale Tilta Xeno, un m\u00e9lange parfait de design futuriste et de fonctionnalit\u00e9 pratique !<\/p>\n","protected":false},"excerpt":{"rendered":"<p>Voici la poign\u00e9e lat\u00e9rale Tilta Xeno, une nouvelle poign\u00e9e lat\u00e9rale inspir\u00e9e par le design \u00e9pur\u00e9 et bio-m\u00e9canique du X\u00e9nomorphe. Cette poign\u00e9e lat\u00e9rale allie harmonieusement esth\u00e9tique et fonctionnalit\u00e9 ergonomique, offrant une prise confortable et s\u00fbre aux utilisateurs pour manipuler leur appareil [&hellip;]<\/p>\n","protected":false},"featured_media":1980982,"comment_status":"closed","ping_status":"closed","template":"","meta":[],"product_cat":[2058,3388,1811,1713,1802,1805,1799,1757,1732,1794,1739,1735,1775,1728,1809,1745,1726,1768,1754,1752,1718,1710,1663,1668,3414,1694,1687,1691,3415,2043,2044],"product_tag":[],"acf":[],"gallery_images":[1974652,1974653,1974654,1974655,1974656],"_links":{"self":[{"href":"https:\/\/eu.tilta.com\/fr\/wp-json\/wp\/v2\/product\/2018120"}],"collection":[{"href":"https:\/\/eu.tilta.com\/fr\/wp-json\/wp\/v2\/product"}],"about":[{"href":"https:\/\/eu.tilta.com\/fr\/wp-json\/wp\/v2\/types\/product"}],"replies":[{"embeddable":true,"href":"https:\/\/eu.tilta.com\/fr\/wp-json\/wp\/v2\/comments?post=2018120"}],"wp:featuredmedia":[{"embeddable":true,"href":"https:\/\/eu.tilta.com\/fr\/wp-json\/wp\/v2\/media\/1980982"}],"wp:attachment":[{"href":"https:\/\/eu.tilta.com\/fr\/wp-json\/wp\/v2\/media?parent=2018120"}],"wp:term":[{"taxonomy":"product_cat","embeddable":true,"href":"https:\/\/eu.tilta.com\/fr\/wp-json\/wp\/v2\/product_cat?post=2018120"},{"taxonomy":"product_tag","embeddable":true,"href":"https:\/\/eu.tilta.com\/fr\/wp-json\/wp\/v2\/product_tag?post=2018120"}],"curies":[{"name":"wp","href":"https:\/\/api.w.org\/{rel}","templated":true}]}}