{"id":2018177,"date":"2023-11-17T10:03:46","date_gmt":"2023-11-17T09:03:46","guid":{"rendered":"https:\/\/eu.tilta.com\/shop\/tournevis-plat-magnetique\/"},"modified":"2025-12-05T14:03:01","modified_gmt":"2025-12-05T13:03:01","slug":"magnetic-flat-head-screwdriver","status":"publish","type":"product","link":"https:\/\/eu.tilta.com\/fr\/shop\/magnetic-flat-head-screwdriver\/","title":{"rendered":"Tournevis plat magn\u00e9tique"},"content":{"rendered":"<p>Ce tournevis \u00e0 t\u00eate plate remplace celui qui est fourni avec la plupart de nos cages \u00e0 cam\u00e9ra.<\/p>\n<p>Cela permet d&#8217;assembler la cage ou d&#8217;autres accessoires sans avoir besoin d&#8217;outils suppl\u00e9mentaires.<\/p>\n<p>Veuillez noter que cet accessoire n&#8217;est pas magn\u00e9tique. Il est con\u00e7u pour \u00eatre fix\u00e9 \u00e0 l&#8217;aimant situ\u00e9 au bas de la plupart de nos cages \u00e0 cam\u00e9ra.<\/p>\n","protected":false},"excerpt":{"rendered":"<p>Ce tournevis \u00e0 t\u00eate plate remplace celui qui est fourni avec la plupart de nos cages \u00e0 cam\u00e9ra. Cela permet d&#8217;assembler la cage ou d&#8217;autres accessoires sans avoir besoin d&#8217;outils suppl\u00e9mentaires. Veuillez noter que cet accessoire n&#8217;est pas magn\u00e9tique. Il [&hellip;]<\/p>\n","protected":false},"featured_media":2018179,"comment_status":"closed","ping_status":"closed","template":"","meta":[],"product_cat":[2063],"product_tag":[],"acf":[],"gallery_images":[2018180,2018181,2018183],"_links":{"self":[{"href":"https:\/\/eu.tilta.com\/fr\/wp-json\/wp\/v2\/product\/2018177"}],"collection":[{"href":"https:\/\/eu.tilta.com\/fr\/wp-json\/wp\/v2\/product"}],"about":[{"href":"https:\/\/eu.tilta.com\/fr\/wp-json\/wp\/v2\/types\/product"}],"replies":[{"embeddable":true,"href":"https:\/\/eu.tilta.com\/fr\/wp-json\/wp\/v2\/comments?post=2018177"}],"wp:featuredmedia":[{"embeddable":true,"href":"https:\/\/eu.tilta.com\/fr\/wp-json\/wp\/v2\/media\/2018179"}],"wp:attachment":[{"href":"https:\/\/eu.tilta.com\/fr\/wp-json\/wp\/v2\/media?parent=2018177"}],"wp:term":[{"taxonomy":"product_cat","embeddable":true,"href":"https:\/\/eu.tilta.com\/fr\/wp-json\/wp\/v2\/product_cat?post=2018177"},{"taxonomy":"product_tag","embeddable":true,"href":"https:\/\/eu.tilta.com\/fr\/wp-json\/wp\/v2\/product_tag?post=2018177"}],"curies":[{"name":"wp","href":"https:\/\/api.w.org\/{rel}","templated":true}]}}