{"id":2026831,"date":"2025-01-25T06:45:37","date_gmt":"2025-01-25T05:45:37","guid":{"rendered":"https:\/\/eu.tilta.com\/shop\/hydra-alien-mini-master-kit\/"},"modified":"2025-12-05T14:06:04","modified_gmt":"2025-12-05T13:06:04","slug":"hydra-alien-mini-master-kit","status":"publish","type":"product","link":"https:\/\/eu.tilta.com\/fr\/shop\/hydra-alien-mini-master-kit\/","title":{"rendered":"Hydra Alien Mini Master Kit"},"content":{"rendered":"<p><em>Pr\u00e9sentation du Mini Master Kit Hydra Alien<\/em><\/p>\n<p>Inspir\u00e9 par l&#8217;esth\u00e9tique du bras Hydra, ce bras compact \u00e0 absorption des chocs \u00e9tablit une nouvelle norme pour les syst\u00e8mes de montage l\u00e9gers pour voitures.<\/p>\n<p>Ce bras miniature est compatible avec les syst\u00e8mes de cam\u00e9ra plus petits tels que DJI Action 3\/4, DJI Pocket 3, Insta360 X4\/X3, et tout autre syst\u00e8me pesant jusqu&#8217;\u00e0 1,32lbs, y compris les Smartphones avec notre Ecosyst\u00e8me Khronos.<\/p>\n<p>Le syst\u00e8me d&#8217;amortissement hydraulique utilise de l&#8217;huile de qualit\u00e9 automobile import\u00e9e des \u00c9tats-Unis pour des performances de niveau piste et il est facile pour les utilisateurs d&#8217;ajouter de l&#8217;huile si n\u00e9cessaire.<\/p>\n<p>Le kit comprend un bras d&#8217;extension r\u00e9glable sur les deux axes, ce qui permet aux utilisateurs de mieux positionner le bras en fonction des diff\u00e9rentes configurations et des emplacements des v\u00e9hicules.<\/p>\n<p>Le support de guidon pour Hydra Alien Mini permet aux utilisateurs de monter le bras absorbeur de chocs Alien Mini sur les v\u00e9los, les v\u00e9los \u00e9lectriques et les motos.<\/p>\n<p>Cet accessoire \u00e0 collier est dot\u00e9 d&#8217;une douille amovible pour supporter les diam\u00e8tres de guidon de 22,2 mm ou 28,8 mm. Cela permet aux utilisateurs d&#8217;incorporer facilement le Hydra Alien Mini sur des v\u00e9hicules qui ne peuvent pas accueillir une ventouse traditionnelle.<\/p>\n<p>La t\u00eate d&#8217;absorption des chocs est un outil con\u00e7u pour contrer les micro-vibrations qui peuvent compromettre la stabilit\u00e9 de l&#8217;image. Cet accessoire sp\u00e9cialis\u00e9 am\u00e9liore les performances de l&#8217;Alien Mini, garantissant des r\u00e9sultats fluides et de qualit\u00e9 professionnelle, m\u00eame dans des conditions de prise de vue difficiles.<\/p>\n<p>La ventouse \u00e9lectronique incluse est une ventouse aliment\u00e9e par une batterie qui a la capacit\u00e9 de surveiller la pression en temps r\u00e9el et d&#8217;augmenter automatiquement l&#8217;aspiration en cas de fuite.<\/p>\n<p>Dot\u00e9 d&#8217;une batterie int\u00e9gr\u00e9e de 2000mAh, il peut fonctionner pendant plus de 14 heures en continu dans des conditions normales. La batterie prend \u00e9galement en charge une entr\u00e9e d&#8217;alimentation externe USB-C de 5V\/1A, ce qui permet de r\u00e9aliser des prises de vue ininterrompues encore plus longues via des sources d&#8217;alimentation suppl\u00e9mentaires.<\/p>\n<p>*Les donn\u00e9es sont bas\u00e9es sur des tests en conditions r\u00e9elles effectu\u00e9s par le Tilta&#8217;s Lab, mais l&#8217;autonomie r\u00e9elle peut diminuer et varier en fonction de nombreux facteurs.<\/p>\n<p><strong>REMARQUE : la t\u00eate antichoc n&#8217;est compatible qu&#8217;avec la DJI Osmo Pocket 3.<\/strong><\/p>\n","protected":false},"excerpt":{"rendered":"<p>Pr\u00e9sentation du Mini Master Kit Hydra Alien Inspir\u00e9 par l&#8217;esth\u00e9tique du bras Hydra, ce bras compact \u00e0 absorption des chocs \u00e9tablit une nouvelle norme pour les syst\u00e8mes de montage l\u00e9gers pour voitures. Ce bras miniature est compatible avec les syst\u00e8mes [&hellip;]<\/p>\n","protected":false},"featured_media":2026812,"comment_status":"open","ping_status":"closed","template":"","meta":[],"product_cat":[3262],"product_tag":[],"acf":[],"gallery_images":[2026806,2026800,2026794,2026788,2026782,2026776],"_links":{"self":[{"href":"https:\/\/eu.tilta.com\/fr\/wp-json\/wp\/v2\/product\/2026831"}],"collection":[{"href":"https:\/\/eu.tilta.com\/fr\/wp-json\/wp\/v2\/product"}],"about":[{"href":"https:\/\/eu.tilta.com\/fr\/wp-json\/wp\/v2\/types\/product"}],"replies":[{"embeddable":true,"href":"https:\/\/eu.tilta.com\/fr\/wp-json\/wp\/v2\/comments?post=2026831"}],"wp:featuredmedia":[{"embeddable":true,"href":"https:\/\/eu.tilta.com\/fr\/wp-json\/wp\/v2\/media\/2026812"}],"wp:attachment":[{"href":"https:\/\/eu.tilta.com\/fr\/wp-json\/wp\/v2\/media?parent=2026831"}],"wp:term":[{"taxonomy":"product_cat","embeddable":true,"href":"https:\/\/eu.tilta.com\/fr\/wp-json\/wp\/v2\/product_cat?post=2026831"},{"taxonomy":"product_tag","embeddable":true,"href":"https:\/\/eu.tilta.com\/fr\/wp-json\/wp\/v2\/product_tag?post=2026831"}],"curies":[{"name":"wp","href":"https:\/\/api.w.org\/{rel}","templated":true}]}}