{"id":2026838,"date":"2025-01-08T11:07:11","date_gmt":"2025-01-08T10:07:11","guid":{"rendered":"https:\/\/eu.tilta.com\/shop\/plaque-arriere-magnetique-multifonctionnelle-khronos-pour-iphone-16-pro-pro-max\/"},"modified":"2026-04-15T03:54:24","modified_gmt":"2026-04-15T01:54:24","slug":"khronos-multi-functional-magnetic-backplate-for-iphone-16-pro-pro-max","status":"publish","type":"product","link":"https:\/\/eu.tilta.com\/fr\/shop\/khronos-multi-functional-magnetic-backplate-for-iphone-16-pro-pro-max\/","title":{"rendered":"Plaque arri\u00e8re magn\u00e9tique multifonctionnelle Khronos pour iPhone 16 Pro\/Pro Max"},"content":{"rendered":"<p>D\u00e9couvrez la plaque arri\u00e8re magn\u00e9tique multifonctionnelle pour iPhone<\/p>\n<p>Cette plaque arri\u00e8re se connecte \u00e0 l&#8217;iPhone via une connexion magn\u00e9tique et \u00e9largit les fonctionnalit\u00e9s lors des tournages et de l&#8217;utilisation quotidienne.<\/p>\n<p>La b\u00e9quille r\u00e9glable offre un moyen pratique de poser le smartphone sur une surface plane.<\/p>\n<p>La dragonne escamotable offre une option plus s\u00fbre pour l&#8217;utilisation et la manipulation du smartphone.<\/p>\n<p>Lorsque vous utilisez l&#8217;\u00e9tui Khronos, cette plaque arri\u00e8re peut \u00eatre verrouill\u00e9e en place, ce qui cr\u00e9e une connexion encore plus forte.<\/p>\n","protected":false},"excerpt":{"rendered":"<p>D\u00e9couvrez la plaque arri\u00e8re magn\u00e9tique multifonctionnelle pour iPhone Cette plaque arri\u00e8re se connecte \u00e0 l&#8217;iPhone via une connexion magn\u00e9tique et \u00e9largit les fonctionnalit\u00e9s lors des tournages et de l&#8217;utilisation quotidienne. La b\u00e9quille r\u00e9glable offre un moyen pratique de poser le [&hellip;]<\/p>\n","protected":false},"featured_media":2026117,"comment_status":"open","ping_status":"closed","template":"","meta":[],"product_cat":[4448,3495,3348,4496,2418],"product_tag":[],"acf":[],"gallery_images":[2025966,2017640,2017646,2017634],"_links":{"self":[{"href":"https:\/\/eu.tilta.com\/fr\/wp-json\/wp\/v2\/product\/2026838"}],"collection":[{"href":"https:\/\/eu.tilta.com\/fr\/wp-json\/wp\/v2\/product"}],"about":[{"href":"https:\/\/eu.tilta.com\/fr\/wp-json\/wp\/v2\/types\/product"}],"replies":[{"embeddable":true,"href":"https:\/\/eu.tilta.com\/fr\/wp-json\/wp\/v2\/comments?post=2026838"}],"wp:featuredmedia":[{"embeddable":true,"href":"https:\/\/eu.tilta.com\/fr\/wp-json\/wp\/v2\/media\/2026117"}],"wp:attachment":[{"href":"https:\/\/eu.tilta.com\/fr\/wp-json\/wp\/v2\/media?parent=2026838"}],"wp:term":[{"taxonomy":"product_cat","embeddable":true,"href":"https:\/\/eu.tilta.com\/fr\/wp-json\/wp\/v2\/product_cat?post=2026838"},{"taxonomy":"product_tag","embeddable":true,"href":"https:\/\/eu.tilta.com\/fr\/wp-json\/wp\/v2\/product_tag?post=2026838"}],"curies":[{"name":"wp","href":"https:\/\/api.w.org\/{rel}","templated":true}]}}