{"id":2026872,"date":"2025-01-08T09:58:54","date_gmt":"2025-01-08T08:58:54","guid":{"rendered":"https:\/\/eu.tilta.com\/shop\/adaptateur-dobjectif-khronos-pour-iphone-16-pro-pro-max\/"},"modified":"2026-04-15T03:54:43","modified_gmt":"2026-04-15T01:54:43","slug":"khronos-lens-adapter-for-iphone-16-pro-pro-max","status":"publish","type":"product","link":"https:\/\/eu.tilta.com\/fr\/shop\/khronos-lens-adapter-for-iphone-16-pro-pro-max\/","title":{"rendered":"Adaptateur d&#8217;objectif Khronos pour iPhone 16 Pro\/Pro Max"},"content":{"rendered":"<p>L&#8217;adaptateur d&#8217;objectif Khronos pour iPhone est l&#8217;option parfaite pour monter une vari\u00e9t\u00e9 d&#8217;objectifs compacts sur votre iPhone 16 Pro ou Pro Max lorsque vous utilisez l&#8217;\u00e9tui Khronos.<br \/>\nCet accessoire utilise le m\u00eame m\u00e9canisme de serrage innovant que les autres accessoires Khronos.<\/p>\n<p>Il peut \u00eatre facilement connect\u00e9 \u00e0 n&#8217;importe quel point de fixation de l&#8217;\u00e9tui du smartphone en appuyant sur le bouton de d\u00e9verrouillage, en alignant les broches et en rel\u00e2chant le bouton une fois qu&#8217;il est en place.<\/p>\n<p>L&#8217;adaptateur peut alors \u00eatre plac\u00e9 devant les lentilles de l&#8217;iPhone.<\/p>\n<p>L&#8217;adaptateur comprend des options pour le montage d&#8217;objectifs \u00e0 monture 17 mm, s\u00e9rie M ou s\u00e9rie T.<\/p>\n<p>La monture de la s\u00e9rie M est compatible avec les objectifs Moment de la s\u00e9rie M et la monture de la s\u00e9rie T est compatible avec les objectifs Fotogear de la s\u00e9rie T.<\/p>\n<p>Disponible en gris spatial et en noir, afin de s&#8217;harmoniser avec l&#8217;\u00e9tui Khronos et de compl\u00e9ter le design de votre iPhone tout en ajoutant une touche de style.<\/p>\n<p><strong>REMARQUE : Les objectifs Moment de la s\u00e9rie T ne sont pas compatibles avec la monture de la s\u00e9rie T.<\/strong><\/p>\n","protected":false},"excerpt":{"rendered":"<p>L&#8217;adaptateur d&#8217;objectif Khronos pour iPhone est l&#8217;option parfaite pour monter une vari\u00e9t\u00e9 d&#8217;objectifs compacts sur votre iPhone 16 Pro ou Pro Max lorsque vous utilisez l&#8217;\u00e9tui Khronos. Cet accessoire utilise le m\u00eame m\u00e9canisme de serrage innovant que les autres accessoires [&hellip;]<\/p>\n","protected":false},"featured_media":2025862,"comment_status":"open","ping_status":"closed","template":"","meta":[],"product_cat":[3348,4496,2418],"product_tag":[],"acf":[],"gallery_images":[2025856],"_links":{"self":[{"href":"https:\/\/eu.tilta.com\/fr\/wp-json\/wp\/v2\/product\/2026872"}],"collection":[{"href":"https:\/\/eu.tilta.com\/fr\/wp-json\/wp\/v2\/product"}],"about":[{"href":"https:\/\/eu.tilta.com\/fr\/wp-json\/wp\/v2\/types\/product"}],"replies":[{"embeddable":true,"href":"https:\/\/eu.tilta.com\/fr\/wp-json\/wp\/v2\/comments?post=2026872"}],"wp:featuredmedia":[{"embeddable":true,"href":"https:\/\/eu.tilta.com\/fr\/wp-json\/wp\/v2\/media\/2025862"}],"wp:attachment":[{"href":"https:\/\/eu.tilta.com\/fr\/wp-json\/wp\/v2\/media?parent=2026872"}],"wp:term":[{"taxonomy":"product_cat","embeddable":true,"href":"https:\/\/eu.tilta.com\/fr\/wp-json\/wp\/v2\/product_cat?post=2026872"},{"taxonomy":"product_tag","embeddable":true,"href":"https:\/\/eu.tilta.com\/fr\/wp-json\/wp\/v2\/product_tag?post=2026872"}],"curies":[{"name":"wp","href":"https:\/\/api.w.org\/{rel}","templated":true}]}}