{"id":2026895,"date":"2025-01-08T06:58:40","date_gmt":"2025-01-08T05:58:40","guid":{"rendered":"https:\/\/eu.tilta.com\/shop\/kit-mini-velo-hydra-alien-gris-titane\/"},"modified":"2026-04-23T23:57:01","modified_gmt":"2026-04-23T21:57:01","slug":"hydra-alien-mini-biking-kit-titanium-grey","status":"publish","type":"product","link":"https:\/\/eu.tilta.com\/fr\/shop\/hydra-alien-mini-biking-kit-titanium-grey\/","title":{"rendered":"Kit mini-v\u00e9lo Hydra Alien &#8211; Gris titane"},"content":{"rendered":"<p><em>Pr\u00e9sentation du syst\u00e8me de montage Hydra Alien Mini Car &#8211; Biking Kit<\/em><\/p>\n<p>Inspir\u00e9 par l&#8217;esth\u00e9tique du bras Hydra, ce bras compact \u00e0 absorption des chocs \u00e9tablit une nouvelle norme pour les syst\u00e8mes de montage l\u00e9gers pour voitures.<\/p>\n<p>Ce bras miniature est compatible avec les syst\u00e8mes de cam\u00e9ra plus petits tels que DJI Action 3\/4, DJI Pocket 3, Insta360 X4\/X3, et tout autre syst\u00e8me pesant jusqu&#8217;\u00e0 1,32lbs, y compris les Smartphones avec notre Ecosyst\u00e8me Khronos.<\/p>\n<p>Le syst\u00e8me d&#8217;amortissement hydraulique utilise de l&#8217;huile de qualit\u00e9 automobile import\u00e9e des \u00c9tats-Unis pour des performances de niveau piste et il est facile pour les utilisateurs d&#8217;ajouter de l&#8217;huile si n\u00e9cessaire.<\/p>\n<p>Fabriqu\u00e9 \u00e0 partir d&#8217;un alliage d&#8217;aluminium a\u00e9rospatial haute performance et usin\u00e9 avec pr\u00e9cision par commande num\u00e9rique en une seule pi\u00e8ce, l&#8217;ensemble du kit ne p\u00e8se que 982,5 g (2,17 lbs).<\/p>\n<p>Le support de guidon pour Hydra Alien Mini permet aux utilisateurs de monter le bras absorbeur de chocs Alien Mini sur les v\u00e9los, les v\u00e9los \u00e9lectriques et les motos.<\/p>\n<p>Cet accessoire \u00e0 collier est dot\u00e9 d&#8217;une douille amovible pour supporter les diam\u00e8tres de guidon de 22,2 mm ou 28,8 mm. Cela permet aux utilisateurs d&#8217;incorporer facilement le Hydra Alien Mini sur des v\u00e9hicules qui ne peuvent pas accueillir une ventouse traditionnelle.<\/p>\n<p>La t\u00eate d&#8217;absorption des chocs est un outil con\u00e7u pour contrer les micro-vibrations qui peuvent compromettre la stabilit\u00e9 de l&#8217;image. Cet accessoire sp\u00e9cialis\u00e9 am\u00e9liore les performances de l&#8217;Alien Mini, garantissant des r\u00e9sultats fluides et de qualit\u00e9 professionnelle, m\u00eame dans des conditions de prise de vue difficiles.<\/p>\n<p>Fabriqu\u00e9e avec pr\u00e9cision et con\u00e7ue sp\u00e9cifiquement pour l&#8217;Hydra Alien Mini, la t\u00eate d&#8217;absorption des chocs s&#8217;int\u00e8gre parfaitement \u00e0 votre installation existante.<\/p>\n<p>Sa construction robuste, utilisant un alliage d&#8217;aluminium et de caoutchouc de haute qualit\u00e9, garantit durabilit\u00e9 et long\u00e9vit\u00e9, tandis que son profil l\u00e9ger assure un impact minimal sur votre capacit\u00e9 de charge.<\/p>\n<p><strong>REMARQUE : la t\u00eate antichoc n&#8217;est compatible qu&#8217;avec la DJI Osmo Pocket 3.<\/strong><\/p>\n","protected":false},"excerpt":{"rendered":"<p>Pr\u00e9sentation du syst\u00e8me de montage Hydra Alien Mini Car &#8211; Biking Kit Inspir\u00e9 par l&#8217;esth\u00e9tique du bras Hydra, ce bras compact \u00e0 absorption des chocs \u00e9tablit une nouvelle norme pour les syst\u00e8mes de montage l\u00e9gers pour voitures. Ce bras miniature [&hellip;]<\/p>\n","protected":false},"featured_media":2025765,"comment_status":"open","ping_status":"closed","template":"","meta":[],"product_cat":[3262],"product_tag":[],"acf":[],"gallery_images":[2025675,2025681,2025687,2025693,2025717,2025723],"_links":{"self":[{"href":"https:\/\/eu.tilta.com\/fr\/wp-json\/wp\/v2\/product\/2026895"}],"collection":[{"href":"https:\/\/eu.tilta.com\/fr\/wp-json\/wp\/v2\/product"}],"about":[{"href":"https:\/\/eu.tilta.com\/fr\/wp-json\/wp\/v2\/types\/product"}],"replies":[{"embeddable":true,"href":"https:\/\/eu.tilta.com\/fr\/wp-json\/wp\/v2\/comments?post=2026895"}],"wp:featuredmedia":[{"embeddable":true,"href":"https:\/\/eu.tilta.com\/fr\/wp-json\/wp\/v2\/media\/2025765"}],"wp:attachment":[{"href":"https:\/\/eu.tilta.com\/fr\/wp-json\/wp\/v2\/media?parent=2026895"}],"wp:term":[{"taxonomy":"product_cat","embeddable":true,"href":"https:\/\/eu.tilta.com\/fr\/wp-json\/wp\/v2\/product_cat?post=2026895"},{"taxonomy":"product_tag","embeddable":true,"href":"https:\/\/eu.tilta.com\/fr\/wp-json\/wp\/v2\/product_tag?post=2026895"}],"curies":[{"name":"wp","href":"https:\/\/api.w.org\/{rel}","templated":true}]}}